{"id":7801,"date":"2025-09-14T17:57:00","date_gmt":"2025-09-14T09:57:00","guid":{"rendered":"https:\/\/tucbo.com\/?post_type=product&#038;p=7801"},"modified":"2025-09-14T17:57:01","modified_gmt":"2025-09-14T09:57:01","slug":"magic-massager-puissant-vibromasseur-baguette","status":"publish","type":"product","link":"https:\/\/tucbo.com\/fr\/product\/magic-massager-puissant-vibromasseur-baguette\/","title":{"rendered":"Vibromasseur puissant Magic Massager"},"content":{"rendered":"<table class=\"contacttbl\" cellspacing=\"0\">\n<tbody>\n<tr>\n<td>Mat\u00e9riau<\/td>\n<td>ABS<\/td>\n<\/tr>\n<tr>\n<td>ABS et silicone<\/td>\n<td>Ce produit ne contient ni latex ni phtalates.<\/td>\n<\/tr>\n<tr>\n<td>Caract\u00e9ristiques<\/td>\n<td>Vibromasseur et masseur ultra puissant, 2 vitesses<\/td>\n<\/tr>\n<tr>\n<td>Taille<\/td>\n<td>31,75 cm de long (t\u00eate de 6,35 cm de long et de large)<\/td>\n<\/tr>\n<tr>\n<td>Puissance<\/td>\n<td>Fonctionnement sur secteur<\/td>\n<\/tr>\n<tr>\n<td>Pi\u00e8ces jointes<\/td>\n<td>Compatible avec tous les accessoires pour baguettes Hitachi<\/td>\n<\/tr>\n<\/tbody>\n<\/table>","protected":false},"excerpt":{"rendered":"<p>\u2022 \u00c9l\u00e9gant masseur magique avec col flexible et t\u00eate de massage douce<\/p>\n<p>\u2022 Le mode de vibration \u00e0 deux vitesses offre une stimulation clitoridienne incroyable.<\/p>\n<p>\u2022 Appareil de massage puissant fonctionnant sur secteur pour des massages intens\u00e9ment satisfaisants<\/p>","protected":false},"featured_media":7804,"comment_status":"open","ping_status":"closed","template":"","meta":{"_seopress_robots_primary_cat":"none","_seopress_titles_title":"","_seopress_titles_desc":"","_seopress_robots_index":""},"product_brand":[],"product_cat":[15,192,133,115],"product_tag":[189,188,186,147],"class_list":{"0":"post-7801","1":"product","2":"type-product","3":"status-publish","4":"has-post-thumbnail","6":"product_cat-all-products","7":"product_cat-massage-wand-vibrators","8":"product_cat-sex-toys","9":"product_cat-vibrators","10":"product_tag-all","11":"product_tag-couples","12":"product_tag-female","13":"product_tag-massage-wand-vibrators","14":"pa_color-white","16":"first","17":"instock","18":"taxable","19":"shipping-taxable","20":"purchasable","21":"product-type-simple"},"acf":[],"_links":{"self":[{"href":"https:\/\/tucbo.com\/fr\/wp-json\/wp\/v2\/product\/7801","targetHints":{"allow":["GET"]}}],"collection":[{"href":"https:\/\/tucbo.com\/fr\/wp-json\/wp\/v2\/product"}],"about":[{"href":"https:\/\/tucbo.com\/fr\/wp-json\/wp\/v2\/types\/product"}],"replies":[{"embeddable":true,"href":"https:\/\/tucbo.com\/fr\/wp-json\/wp\/v2\/comments?post=7801"}],"wp:featuredmedia":[{"embeddable":true,"href":"https:\/\/tucbo.com\/fr\/wp-json\/wp\/v2\/media\/7804"}],"wp:attachment":[{"href":"https:\/\/tucbo.com\/fr\/wp-json\/wp\/v2\/media?parent=7801"}],"wp:term":[{"taxonomy":"product_brand","embeddable":true,"href":"https:\/\/tucbo.com\/fr\/wp-json\/wp\/v2\/product_brand?post=7801"},{"taxonomy":"product_cat","embeddable":true,"href":"https:\/\/tucbo.com\/fr\/wp-json\/wp\/v2\/product_cat?post=7801"},{"taxonomy":"product_tag","embeddable":true,"href":"https:\/\/tucbo.com\/fr\/wp-json\/wp\/v2\/product_tag?post=7801"}],"curies":[{"name":"wp","href":"https:\/\/api.w.org\/{rel}","templated":true}]}}