{"id":7787,"date":"2025-09-14T17:37:37","date_gmt":"2025-09-14T09:37:37","guid":{"rendered":"https:\/\/tucbo.com\/?post_type=product&#038;p=7787"},"modified":"2025-09-14T17:37:38","modified_gmt":"2025-09-14T09:37:38","slug":"baguette-vibrante-a-oreilles-de-lapin","status":"publish","type":"product","link":"https:\/\/tucbo.com\/fr\/product\/baguette-vibrante-a-oreilles-de-lapin\/","title":{"rendered":"Baguette vibrante Rabbit Ear"},"content":{"rendered":"<table>\n<thead>\n<tr>\n<th>Fonctionnalit\u00e9<\/th>\n<th>Description<\/th>\n<\/tr>\n<\/thead>\n<tbody>\n<tr>\n<td>Nom du produit<\/td>\n<td>Baguette vibrante Rabbit Ear \u2013 Masseur pour femmes adultes<\/td>\n<\/tr>\n<tr>\n<td>Mat\u00e9riau<\/td>\n<td>Silicone sans danger pour le corps<\/td>\n<\/tr>\n<tr>\n<td>Alimentation \u00e9lectrique<\/td>\n<td>1 pile AAA<\/td>\n<\/tr>\n<tr>\n<td>Niveau sonore<\/td>\n<td>Silencieux<\/td>\n<\/tr>\n<tr>\n<td>Imperm\u00e9able \u00e0 l'eau<\/td>\n<td>Oui (class\u00e9 IPX7)<\/td>\n<\/tr>\n<tr>\n<td>Taille \/ Dimensions<\/td>\n<td>Longueur : 125 mm, largeur : 25 mm<\/td>\n<\/tr>\n<tr>\n<td>Poids<\/td>\n<td>75g<\/td>\n<\/tr>\n<tr>\n<td>Options de couleur<\/td>\n<td>Pourpre<\/td>\n<\/tr>\n<tr>\n<td>S\u00e9curit\u00e9<\/td>\n<td>Sans phtalates, non toxique<\/td>\n<\/tr>\n<\/tbody>\n<\/table>","protected":false},"excerpt":{"rendered":"<p>D\u00e9couvrez un plaisir d\u00e9licat mais stimulant avec la baguette vibrante Rabbit Ear. Fabriqu\u00e9e \u00e0 partir de silicone lisse et doux, sans danger pour le corps, cette baguette compacte d\u00e9livre de douces vibrations pour un plaisir intime. L\u00e9g\u00e8re et portable, elle est parfaite pour les moments intimes \u00e0 la maison ou pour une utilisation discr\u00e8te en voyage. \u00c9tanche et silencieuse, elle garantit confort et flexibilit\u00e9 o\u00f9 que vous soyez.<\/p>","protected":false},"featured_media":7790,"comment_status":"open","ping_status":"closed","template":"","meta":{"_seopress_robots_primary_cat":"none","_seopress_titles_title":"","_seopress_titles_desc":"","_seopress_robots_index":""},"product_brand":[],"product_cat":[15,191,133,115],"product_tag":[189,163,139,186,148],"class_list":{"0":"post-7787","1":"product","2":"type-product","3":"status-publish","4":"has-post-thumbnail","6":"product_cat-all-products","7":"product_cat-rabbit-vibrators","8":"product_cat-sex-toys","9":"product_cat-vibrators","10":"product_tag-all","11":"product_tag-batteries","12":"product_tag-bullet-vibrators","13":"product_tag-female","14":"product_tag-rabbit-vibrators","15":"pa_color-purple","17":"first","18":"instock","19":"sale","20":"taxable","21":"shipping-taxable","22":"purchasable","23":"product-type-simple"},"acf":[],"_links":{"self":[{"href":"https:\/\/tucbo.com\/fr\/wp-json\/wp\/v2\/product\/7787","targetHints":{"allow":["GET"]}}],"collection":[{"href":"https:\/\/tucbo.com\/fr\/wp-json\/wp\/v2\/product"}],"about":[{"href":"https:\/\/tucbo.com\/fr\/wp-json\/wp\/v2\/types\/product"}],"replies":[{"embeddable":true,"href":"https:\/\/tucbo.com\/fr\/wp-json\/wp\/v2\/comments?post=7787"}],"wp:featuredmedia":[{"embeddable":true,"href":"https:\/\/tucbo.com\/fr\/wp-json\/wp\/v2\/media\/7790"}],"wp:attachment":[{"href":"https:\/\/tucbo.com\/fr\/wp-json\/wp\/v2\/media?parent=7787"}],"wp:term":[{"taxonomy":"product_brand","embeddable":true,"href":"https:\/\/tucbo.com\/fr\/wp-json\/wp\/v2\/product_brand?post=7787"},{"taxonomy":"product_cat","embeddable":true,"href":"https:\/\/tucbo.com\/fr\/wp-json\/wp\/v2\/product_cat?post=7787"},{"taxonomy":"product_tag","embeddable":true,"href":"https:\/\/tucbo.com\/fr\/wp-json\/wp\/v2\/product_tag?post=7787"}],"curies":[{"name":"wp","href":"https:\/\/api.w.org\/{rel}","templated":true}]}}