{"id":7753,"date":"2025-09-07T15:00:28","date_gmt":"2025-09-07T07:00:28","guid":{"rendered":"https:\/\/tucbo.com\/?post_type=product&#038;p=7753"},"modified":"2025-09-07T15:08:36","modified_gmt":"2025-09-07T07:08:36","slug":"vibromasseur-rechargeable-rose-degrade-en-forme-de-lapin","status":"publish","type":"product","link":"https:\/\/tucbo.com\/fr\/product\/vibromasseur-rechargeable-rose-degrade-en-forme-de-lapin\/","title":{"rendered":"Vibromasseur rechargeable Rabbit \u00e0 d\u00e9grad\u00e9 rose"},"content":{"rendered":"<table class=\"contacttbl\" cellspacing=\"0\">\n<tbody>\n<tr>\n<td>Colour<\/td>\n<td>Mixte<\/td>\n<\/tr>\n<tr>\n<td>Mat\u00e9riau<\/td>\n<td>Silicone<\/td>\n<\/tr>\n<tr>\n<td>Caract\u00e9ristiques<\/td>\n<td>10 r\u00e9glages de vibration puissants, courb\u00e9 pour la stimulation du point G, oreilles de lapin cibl\u00e9es<\/td>\n<\/tr>\n<tr>\n<td>Longueur d'insertion<\/td>\n<td>5 pouces<\/td>\n<\/tr>\n<tr>\n<td>Longueur totale<\/td>\n<td>20 cm<\/td>\n<\/tr>\n<tr>\n<td>Diam\u00e8tre<\/td>\n<td>1.25 pouces<\/td>\n<\/tr>\n<tr>\n<td>Imperm\u00e9able \u00e0 l'eau<\/td>\n<td>Oui<\/td>\n<\/tr>\n<tr>\n<td>Puissance<\/td>\n<td>Rechargeable par USB<\/td>\n<\/tr>\n<\/tbody>\n<\/table>","protected":false},"excerpt":{"rendered":"<p>\u2022 M\u00e9langez votre orgasme avec des courbes qui stimulent le point G et une stimulation pr\u00e9cise du clitoris.<\/p>\n<p>\u2022 Le silicone soyeux cible vos zones \u00e9rog\u00e8nes gr\u00e2ce \u00e0 dix r\u00e9glages puissants.<\/p>\n<p>\u2022 100 % \u00e9tanche et rechargeable par USB avec 60 minutes d'autonomie par charge<\/p>","protected":false},"featured_media":7756,"comment_status":"open","ping_status":"closed","template":"","meta":{"_seopress_robots_primary_cat":"none","_seopress_titles_title":"","_seopress_titles_desc":"","_seopress_robots_index":""},"product_brand":[],"product_cat":[15,191,133,115],"product_tag":[208,189,188,186,148,161],"class_list":{"0":"post-7753","1":"product","2":"type-product","3":"status-publish","4":"has-post-thumbnail","6":"product_cat-all-products","7":"product_cat-rabbit-vibrators","8":"product_cat-sex-toys","9":"product_cat-vibrators","10":"product_tag-70off","11":"product_tag-all","12":"product_tag-couples","13":"product_tag-female","14":"product_tag-rabbit-vibrators","15":"product_tag-rechargeable","16":"pa_color-mixed","17":"pa_color-pink","19":"first","20":"instock","21":"sale","22":"taxable","23":"shipping-taxable","24":"purchasable","25":"product-type-simple"},"acf":[],"_links":{"self":[{"href":"https:\/\/tucbo.com\/fr\/wp-json\/wp\/v2\/product\/7753","targetHints":{"allow":["GET"]}}],"collection":[{"href":"https:\/\/tucbo.com\/fr\/wp-json\/wp\/v2\/product"}],"about":[{"href":"https:\/\/tucbo.com\/fr\/wp-json\/wp\/v2\/types\/product"}],"replies":[{"embeddable":true,"href":"https:\/\/tucbo.com\/fr\/wp-json\/wp\/v2\/comments?post=7753"}],"wp:featuredmedia":[{"embeddable":true,"href":"https:\/\/tucbo.com\/fr\/wp-json\/wp\/v2\/media\/7756"}],"wp:attachment":[{"href":"https:\/\/tucbo.com\/fr\/wp-json\/wp\/v2\/media?parent=7753"}],"wp:term":[{"taxonomy":"product_brand","embeddable":true,"href":"https:\/\/tucbo.com\/fr\/wp-json\/wp\/v2\/product_brand?post=7753"},{"taxonomy":"product_cat","embeddable":true,"href":"https:\/\/tucbo.com\/fr\/wp-json\/wp\/v2\/product_cat?post=7753"},{"taxonomy":"product_tag","embeddable":true,"href":"https:\/\/tucbo.com\/fr\/wp-json\/wp\/v2\/product_tag?post=7753"}],"curies":[{"name":"wp","href":"https:\/\/api.w.org\/{rel}","templated":true}]}}