{"id":7644,"date":"2025-08-25T23:06:42","date_gmt":"2025-08-25T15:06:42","guid":{"rendered":"https:\/\/tucbo.com\/?post_type=product&#038;p=7644"},"modified":"2025-08-25T23:07:14","modified_gmt":"2025-08-25T15:07:14","slug":"vibromasseur-lapin-rose","status":"publish","type":"product","link":"https:\/\/tucbo.com\/fr\/product\/vibromasseur-lapin-rose\/","title":{"rendered":"Vibromasseur lapin rose \u00e0 tapotement"},"content":{"rendered":"<table class=\"contacttbl\" cellspacing=\"0\">\n<tbody>\n<tr>\n<td>Colour<\/td>\n<td>Rose<\/td>\n<\/tr>\n<tr>\n<td>Mat\u00e9riau<\/td>\n<td>Silicone avec d\u00e9tails en ABS<\/td>\n<\/tr>\n<tr>\n<td>Caract\u00e9ristiques<\/td>\n<td>Vibromasseur rabbit \u00e0 15 fonctions avec deux moteurs. Le manche dispose de 5 fonctions de tapotement et de pulsation, ainsi que de diff\u00e9rentes vitesses et modes de vibration. Le rabbit, quant \u00e0 lui, offre 10 fonctions pour cr\u00e9er la combinaison parfaite vers l'extase orgasmique.<\/td>\n<\/tr>\n<tr>\n<td>Longueur totale<\/td>\n<td>20 cm<\/td>\n<\/tr>\n<tr>\n<td>Longueur d'insertion<\/td>\n<td>5,25 pouces<\/td>\n<\/tr>\n<tr>\n<td>Diam\u00e8tre<\/td>\n<td>3,7 cm<\/td>\n<\/tr>\n<tr>\n<td>Imperm\u00e9able \u00e0 l'eau ?<\/td>\n<td>Oui<\/td>\n<\/tr>\n<tr>\n<td>Puissance<\/td>\n<td>Rechargeable par USB<\/td>\n<\/tr>\n<\/tbody>\n<\/table>","protected":false},"excerpt":{"rendered":"<p>\u2022 Vous aurez des orgasmes \u00e0 volont\u00e9 gr\u00e2ce \u00e0 ce vibromasseur rabbit innovant.<\/p>\n<p>\u2022 Le stimulateur interne imite les mouvements des doigts avec 5 vitesses pour une personnalisation totale de l'orgasme.<\/p>\n<p>\u2022 Deux moteurs d\u00e9livrent 10 r\u00e9glages de vibration puissants le long du manche fin et du stimulateur clitoridien.<\/p>\n<p>\u2022 Le manche en silicone de 5,3 pouces est incurv\u00e9 pour frotter contre votre point G, vous procurant ainsi un plaisir intense.<\/p>\n<p>\u2022 Rechargeable par USB et enti\u00e8rement \u00e9tanche pour des s\u00e9ances relaxantes et torrides<\/p>","protected":false},"featured_media":7647,"comment_status":"open","ping_status":"closed","template":"","meta":{"_seopress_robots_primary_cat":"none","_seopress_titles_title":"","_seopress_titles_desc":"","_seopress_robots_index":""},"product_brand":[],"product_cat":[15,191,133,115],"product_tag":[189,188,186,148,161],"class_list":{"0":"post-7644","1":"product","2":"type-product","3":"status-publish","4":"has-post-thumbnail","6":"product_cat-all-products","7":"product_cat-rabbit-vibrators","8":"product_cat-sex-toys","9":"product_cat-vibrators","10":"product_tag-all","11":"product_tag-couples","12":"product_tag-female","13":"product_tag-rabbit-vibrators","14":"product_tag-rechargeable","15":"pa_color-pink","17":"first","18":"instock","19":"sale","20":"taxable","21":"shipping-taxable","22":"purchasable","23":"product-type-simple"},"acf":[],"_links":{"self":[{"href":"https:\/\/tucbo.com\/fr\/wp-json\/wp\/v2\/product\/7644","targetHints":{"allow":["GET"]}}],"collection":[{"href":"https:\/\/tucbo.com\/fr\/wp-json\/wp\/v2\/product"}],"about":[{"href":"https:\/\/tucbo.com\/fr\/wp-json\/wp\/v2\/types\/product"}],"replies":[{"embeddable":true,"href":"https:\/\/tucbo.com\/fr\/wp-json\/wp\/v2\/comments?post=7644"}],"wp:featuredmedia":[{"embeddable":true,"href":"https:\/\/tucbo.com\/fr\/wp-json\/wp\/v2\/media\/7647"}],"wp:attachment":[{"href":"https:\/\/tucbo.com\/fr\/wp-json\/wp\/v2\/media?parent=7644"}],"wp:term":[{"taxonomy":"product_brand","embeddable":true,"href":"https:\/\/tucbo.com\/fr\/wp-json\/wp\/v2\/product_brand?post=7644"},{"taxonomy":"product_cat","embeddable":true,"href":"https:\/\/tucbo.com\/fr\/wp-json\/wp\/v2\/product_cat?post=7644"},{"taxonomy":"product_tag","embeddable":true,"href":"https:\/\/tucbo.com\/fr\/wp-json\/wp\/v2\/product_tag?post=7644"}],"curies":[{"name":"wp","href":"https:\/\/api.w.org\/{rel}","templated":true}]}}