{"id":7619,"date":"2025-08-23T15:26:30","date_gmt":"2025-08-23T07:26:30","guid":{"rendered":"https:\/\/tucbo.com\/?post_type=product&#038;p=7619"},"modified":"2025-08-23T15:26:30","modified_gmt":"2025-08-23T07:26:30","slug":"vibromasseur-lapin-bleu-rotatif","status":"publish","type":"product","link":"https:\/\/tucbo.com\/fr\/product\/vibromasseur-lapin-bleu-rotatif\/","title":{"rendered":"Vibromasseur rotatif bleu en forme de lapin"},"content":{"rendered":"<table class=\"contacttbl\" cellspacing=\"0\">\n<tbody>\n<tr>\n<td>Colour<\/td>\n<td>Bleu<\/td>\n<\/tr>\n<tr>\n<td>Mat\u00e9riau<\/td>\n<td>Silicone<\/td>\n<\/tr>\n<tr>\n<td>Caract\u00e9ristiques<\/td>\n<td>Plusieurs modes de vibration \u00e0 l'int\u00e9rieur du lapin et un manche incurv\u00e9 vibrant \u00ab viens ici \u00bb, tous deux actionn\u00e9s individuellement \u00e0 l'aide de boutons poussoirs diff\u00e9rents, permettant diverses combinaisons. Poign\u00e9e ergonomique pour une utilisation confortable et facile, fabriqu\u00e9e en silicone tr\u00e8s lisse.<\/td>\n<\/tr>\n<tr>\n<td>Longueur totale<\/td>\n<td>8,5 pouces<\/td>\n<\/tr>\n<tr>\n<td>Longueur d'insertion<\/td>\n<td>4,8 pouces<\/td>\n<\/tr>\n<tr>\n<td>Diam\u00e8tre<\/td>\n<td>1,4 pouces<\/td>\n<\/tr>\n<tr>\n<td>Imperm\u00e9able \u00e0 l'eau ?<\/td>\n<td>R\u00e9sistant aux \u00e9claboussures<\/td>\n<\/tr>\n<tr>\n<td>Puissance<\/td>\n<td>Magn\u00e9tique Rechargeable par USB<\/td>\n<\/tr>\n<\/tbody>\n<\/table>","protected":false},"excerpt":{"rendered":"<p>\u2022 Ressentez un frisson de satisfaction int\u00e9rieur et ext\u00e9rieur avec ce vibromasseur rabbit.<\/p>\n<p>\u2022 Combinez 5 r\u00e9glages de vibration \u00e9poustouflants avec 10 modes de mouvement \u00ab viens ici \u00bb.<\/p>\n<p>\u2022 Le silicone luxueusement lisse est sans danger pour le corps, avec une courbe et des contours ciblant le point G.<\/p>\n<p>\u2022 Le chargement USB magn\u00e9tique est pratique, o\u00f9 que vous soyez.<\/p>","protected":false},"featured_media":7637,"comment_status":"open","ping_status":"closed","template":"","meta":{"_seopress_robots_primary_cat":"none","_seopress_titles_title":"","_seopress_titles_desc":"","_seopress_robots_index":""},"product_brand":[],"product_cat":[15,191,133],"product_tag":[189,188,186,148,161],"class_list":{"0":"post-7619","1":"product","2":"type-product","3":"status-publish","4":"has-post-thumbnail","6":"product_cat-all-products","7":"product_cat-rabbit-vibrators","8":"product_cat-sex-toys","9":"product_tag-all","10":"product_tag-couples","11":"product_tag-female","12":"product_tag-rabbit-vibrators","13":"product_tag-rechargeable","14":"pa_color-blue","16":"first","17":"instock","18":"taxable","19":"shipping-taxable","20":"purchasable","21":"product-type-simple"},"acf":[],"_links":{"self":[{"href":"https:\/\/tucbo.com\/fr\/wp-json\/wp\/v2\/product\/7619","targetHints":{"allow":["GET"]}}],"collection":[{"href":"https:\/\/tucbo.com\/fr\/wp-json\/wp\/v2\/product"}],"about":[{"href":"https:\/\/tucbo.com\/fr\/wp-json\/wp\/v2\/types\/product"}],"replies":[{"embeddable":true,"href":"https:\/\/tucbo.com\/fr\/wp-json\/wp\/v2\/comments?post=7619"}],"wp:featuredmedia":[{"embeddable":true,"href":"https:\/\/tucbo.com\/fr\/wp-json\/wp\/v2\/media\/7637"}],"wp:attachment":[{"href":"https:\/\/tucbo.com\/fr\/wp-json\/wp\/v2\/media?parent=7619"}],"wp:term":[{"taxonomy":"product_brand","embeddable":true,"href":"https:\/\/tucbo.com\/fr\/wp-json\/wp\/v2\/product_brand?post=7619"},{"taxonomy":"product_cat","embeddable":true,"href":"https:\/\/tucbo.com\/fr\/wp-json\/wp\/v2\/product_cat?post=7619"},{"taxonomy":"product_tag","embeddable":true,"href":"https:\/\/tucbo.com\/fr\/wp-json\/wp\/v2\/product_tag?post=7619"}],"curies":[{"name":"wp","href":"https:\/\/api.w.org\/{rel}","templated":true}]}}