{"id":7612,"date":"2025-08-23T14:57:04","date_gmt":"2025-08-23T06:57:04","guid":{"rendered":"https:\/\/tucbo.com\/?post_type=product&#038;p=7612"},"modified":"2025-08-23T15:20:27","modified_gmt":"2025-08-23T07:20:27","slug":"vibromasseur-lapin-rouge-fonce-violet-chaud-vibromasseur-lapin-chauffant","status":"publish","type":"product","link":"https:\/\/tucbo.com\/fr\/product\/vibromasseur-lapin-rouge-fonce-violet-chaud-vibromasseur-lapin-chauffant\/","title":{"rendered":"Vibromasseur Rabbit rouge fonc\u00e9\/violet chaud Vibromasseur Rabbit chauffant"},"content":{"rendered":"<table class=\"contacttbl\" cellspacing=\"0\">\n<tbody>\n<tr>\n<td>Colour<\/td>\n<td>Violet et rouge fonc\u00e9<\/td>\n<\/tr>\n<tr>\n<td>Mat\u00e9riau<\/td>\n<td>ABS et silicone<\/td>\n<\/tr>\n<tr>\n<td>Caract\u00e9ristiques<\/td>\n<td>Arbre flexible, 7 modes de vibration, noyau chauffant<\/td>\n<\/tr>\n<tr>\n<td>Longueur totale<\/td>\n<td>7,5 pouces<\/td>\n<\/tr>\n<tr>\n<td>Longueur d'insertion<\/td>\n<td>4 pouces<\/td>\n<\/tr>\n<tr>\n<td>Diam\u00e8tre<\/td>\n<td>2,8 cm<\/td>\n<\/tr>\n<tr>\n<td>Puissance<\/td>\n<td>USB rechargeable<\/td>\n<\/tr>\n<\/tbody>\n<\/table>","protected":false},"excerpt":{"rendered":"<p>\u2022 Blottissez-vous contre ce lapin tout doux dot\u00e9 d'une fonction chauffante qui stimule l'orgasme.<\/p>\n<p>\u2022 D\u00e9couvrez 7 modes de vibration gr\u00e2ce \u00e0 l'embout flexible massant le point G.<\/p>\n<p>\u2022 Le r\u00e9chauffement relaxant r\u00e9veille votre excitation pour des orgasmes plus intenses \u00e0 une temp\u00e9rature comprise entre 35 et 45 \u00b0C.<\/p>\n<p>\u2022 Profitez d'une stimulation merveilleusement combin\u00e9e gr\u00e2ce au stimulateur clitoridien vibrant.<\/p>\n<p>\u2022 Silicone sans danger pour le corps, finition noire velout\u00e9e rehauss\u00e9e d'\u00e9l\u00e9gantes touches rose dor\u00e9<\/p>\n<p>\u2022 Rechargeable par USB, pour un plaisir intense \u00e0 port\u00e9e de main !<\/p>","protected":false},"featured_media":7615,"comment_status":"open","ping_status":"closed","template":"","meta":{"_seopress_robots_primary_cat":"none","_seopress_titles_title":"","_seopress_titles_desc":"","_seopress_robots_index":""},"product_brand":[],"product_cat":[15,191,133,115],"product_tag":[189,188,186,148,161],"class_list":{"0":"post-7612","1":"product","2":"type-product","3":"status-publish","4":"has-post-thumbnail","6":"product_cat-all-products","7":"product_cat-rabbit-vibrators","8":"product_cat-sex-toys","9":"product_cat-vibrators","10":"product_tag-all","11":"product_tag-couples","12":"product_tag-female","13":"product_tag-rabbit-vibrators","14":"product_tag-rechargeable","15":"pa_color-purple","17":"first","18":"instock","19":"sale","20":"taxable","21":"shipping-taxable","22":"purchasable","23":"product-type-simple"},"acf":[],"_links":{"self":[{"href":"https:\/\/tucbo.com\/fr\/wp-json\/wp\/v2\/product\/7612","targetHints":{"allow":["GET"]}}],"collection":[{"href":"https:\/\/tucbo.com\/fr\/wp-json\/wp\/v2\/product"}],"about":[{"href":"https:\/\/tucbo.com\/fr\/wp-json\/wp\/v2\/types\/product"}],"replies":[{"embeddable":true,"href":"https:\/\/tucbo.com\/fr\/wp-json\/wp\/v2\/comments?post=7612"}],"wp:featuredmedia":[{"embeddable":true,"href":"https:\/\/tucbo.com\/fr\/wp-json\/wp\/v2\/media\/7615"}],"wp:attachment":[{"href":"https:\/\/tucbo.com\/fr\/wp-json\/wp\/v2\/media?parent=7612"}],"wp:term":[{"taxonomy":"product_brand","embeddable":true,"href":"https:\/\/tucbo.com\/fr\/wp-json\/wp\/v2\/product_brand?post=7612"},{"taxonomy":"product_cat","embeddable":true,"href":"https:\/\/tucbo.com\/fr\/wp-json\/wp\/v2\/product_cat?post=7612"},{"taxonomy":"product_tag","embeddable":true,"href":"https:\/\/tucbo.com\/fr\/wp-json\/wp\/v2\/product_tag?post=7612"}],"curies":[{"name":"wp","href":"https:\/\/api.w.org\/{rel}","templated":true}]}}