{"id":7603,"date":"2025-08-23T14:33:42","date_gmt":"2025-08-23T06:33:42","guid":{"rendered":"https:\/\/tucbo.com\/?post_type=product&#038;p=7603"},"modified":"2025-08-23T15:23:22","modified_gmt":"2025-08-23T07:23:22","slug":"effet-papillon-vibromasseur-rechargeable-a-poussee-2","status":"publish","type":"product","link":"https:\/\/tucbo.com\/fr\/product\/effet-papillon-vibromasseur-rechargeable-a-poussee-2\/","title":{"rendered":"Vibromasseur rechargeable Butterfly Effect"},"content":{"rendered":"<table class=\"contacttbl\" cellspacing=\"0\">\n<tbody>\n<tr>\n<td>Colour<\/td>\n<td>Pourpre<\/td>\n<\/tr>\n<tr>\n<td>Mat\u00e9riau<\/td>\n<td>TPE<\/td>\n<\/tr>\n<tr>\n<td>Caract\u00e9ristiques<\/td>\n<td>Lapin \u00e0 perles avec un magnifique stimulateur clitoridien en forme de papillon<\/td>\n<\/tr>\n<tr>\n<td>Longueur totale<\/td>\n<td>28 cm<\/td>\n<\/tr>\n<tr>\n<td>Longueur d'insertion<\/td>\n<td>5 pouces<\/td>\n<\/tr>\n<tr>\n<td>Diam\u00e8tre<\/td>\n<td>1,4 pouces<\/td>\n<\/tr>\n<tr>\n<td>Imperm\u00e9able \u00e0 l'eau ?<\/td>\n<td>Oui<\/td>\n<\/tr>\n<tr>\n<td>Puissance<\/td>\n<td>USB rechargeable<\/td>\n<\/tr>\n<\/tbody>\n<\/table>","protected":false},"excerpt":{"rendered":"<p>Laissez-vous emporter par le plaisir des mouvements de va-et-vient et de rotation et par les vibrations d\u00e9licieuses du papillon.<\/p>\n<p>\u2022 Le lapin multifonction est dot\u00e9 d'un anneau en perles rotatif pour la stimulation du point G.<\/p>\n<p>\u2022 La fonction de pouss\u00e9e puissante offre une p\u00e9n\u00e9tration intense.<\/p>\n<p>\u2022 Le stimulateur clitoridien Butterfly satisfait votre point sensible.<\/p>\n<p>\u2022 La grande base est confortable \u00e0 tenir et facile \u00e0 contr\u00f4ler.<\/p>\n<p>\u2022 \u00c9tanche et rechargeable pour des orgasmes torrides \u00e0 tout moment !<\/p>","protected":false},"featured_media":7607,"comment_status":"open","ping_status":"closed","template":"","meta":{"_seopress_robots_primary_cat":"none","_seopress_titles_title":"","_seopress_titles_desc":"","_seopress_robots_index":""},"product_brand":[],"product_cat":[15,191,133,115],"product_tag":[189,188,186,148,161],"class_list":{"0":"post-7603","1":"product","2":"type-product","3":"status-publish","4":"has-post-thumbnail","6":"product_cat-all-products","7":"product_cat-rabbit-vibrators","8":"product_cat-sex-toys","9":"product_cat-vibrators","10":"product_tag-all","11":"product_tag-couples","12":"product_tag-female","13":"product_tag-rabbit-vibrators","14":"product_tag-rechargeable","15":"pa_color-purple","17":"first","18":"instock","19":"taxable","20":"shipping-taxable","21":"purchasable","22":"product-type-simple"},"acf":[],"_links":{"self":[{"href":"https:\/\/tucbo.com\/fr\/wp-json\/wp\/v2\/product\/7603","targetHints":{"allow":["GET"]}}],"collection":[{"href":"https:\/\/tucbo.com\/fr\/wp-json\/wp\/v2\/product"}],"about":[{"href":"https:\/\/tucbo.com\/fr\/wp-json\/wp\/v2\/types\/product"}],"replies":[{"embeddable":true,"href":"https:\/\/tucbo.com\/fr\/wp-json\/wp\/v2\/comments?post=7603"}],"wp:featuredmedia":[{"embeddable":true,"href":"https:\/\/tucbo.com\/fr\/wp-json\/wp\/v2\/media\/7607"}],"wp:attachment":[{"href":"https:\/\/tucbo.com\/fr\/wp-json\/wp\/v2\/media?parent=7603"}],"wp:term":[{"taxonomy":"product_brand","embeddable":true,"href":"https:\/\/tucbo.com\/fr\/wp-json\/wp\/v2\/product_brand?post=7603"},{"taxonomy":"product_cat","embeddable":true,"href":"https:\/\/tucbo.com\/fr\/wp-json\/wp\/v2\/product_cat?post=7603"},{"taxonomy":"product_tag","embeddable":true,"href":"https:\/\/tucbo.com\/fr\/wp-json\/wp\/v2\/product_tag?post=7603"}],"curies":[{"name":"wp","href":"https:\/\/api.w.org\/{rel}","templated":true}]}}