{"id":7568,"date":"2025-08-19T15:44:25","date_gmt":"2025-08-19T07:44:25","guid":{"rendered":"https:\/\/tucbo.com\/?post_type=product&#038;p=7568"},"modified":"2025-08-23T15:21:22","modified_gmt":"2025-08-23T07:21:22","slug":"sexe-etincelles-onde-de-choc-silicone-electro-sexe-lapin-vibromasseur","status":"publish","type":"product","link":"https:\/\/tucbo.com\/fr\/product\/sexe-etincelles-onde-de-choc-silicone-electro-sexe-lapin-vibromasseur\/","title":{"rendered":"Vibromasseur Rabbit Electro Sex en silicone Sex Sparks Shock Wave"},"content":{"rendered":"<table class=\"contacttbl\" cellspacing=\"0\">\n<tbody>\n<tr>\n<td>Colour<\/td>\n<td>Noir<\/td>\n<\/tr>\n<tr>\n<td>Mat\u00e9riau<\/td>\n<td>Conductive Silicone<\/td>\n<\/tr>\n<tr>\n<td>Caract\u00e9ristiques<\/td>\n<td>5 r\u00e9glages \u00e9lectriques, 10 r\u00e9glages de vibration avec 2 moteurs puissants, tige stri\u00e9e pour un plaisir suppl\u00e9mentaire du point G, stimulation clitoridienne externe avec les oreilles de lapin<\/td>\n<\/tr>\n<tr>\n<td>Longueur d'insertion<\/td>\n<td>4 pouces<\/td>\n<\/tr>\n<tr>\n<td>Longueur totale<\/td>\n<td>7,5 pouces<\/td>\n<\/tr>\n<tr>\n<td>Diam\u00e8tre<\/td>\n<td>1,4 pouces<\/td>\n<\/tr>\n<tr>\n<td>Imperm\u00e9able \u00e0 l'eau<\/td>\n<td>Oui<\/td>\n<\/tr>\n<tr>\n<td>Puissance<\/td>\n<td>Rechargeable par USB<\/td>\n<\/tr>\n<tr>\n<td>Bon pour<\/td>\n<td>Les personnes qui ont une faible sensibilit\u00e9<\/td>\n<\/tr>\n<\/tbody>\n<\/table>","protected":false},"excerpt":{"rendered":"<p>\u2022 D\u00e9couvrez les sensations fortes d'un vibromasseur rabbit \u00e9lectrosexuel pour une satisfaction \u00e9lectrisante.<\/p>\n<p>\u2022 L'embout incurv\u00e9 et les oreilles de lapin stimulent simultan\u00e9ment le point G et le clitoris.<\/p>\n<p>\u2022 5 r\u00e9glages de d\u00e9charge \u00e9lectrique et 10 fonctions de vibration sont aliment\u00e9s par 2 moteurs robustes.<\/p>\n<p>\u2022 Le vibromasseur rabbit en silicone sans danger pour le corps est enti\u00e8rement rechargeable.<\/p>\n<p>\u2022 L'\u00e9lectrostimulation est id\u00e9ale pour les utilisateurs ayant une faible sensibilit\u00e9.<\/p>\n<p>Rechargeable par USB \u2013 Aucun bo\u00eetier de commande n\u00e9cessaire pour fonctionner<\/p>","protected":false},"featured_media":7571,"comment_status":"open","ping_status":"closed","template":"","meta":{"_seopress_robots_primary_cat":"none","_seopress_titles_title":"","_seopress_titles_desc":"","_seopress_robots_index":""},"product_brand":[],"product_cat":[15,191,133,115],"product_tag":[189,188,186,148,161],"class_list":{"0":"post-7568","1":"product","2":"type-product","3":"status-publish","4":"has-post-thumbnail","6":"product_cat-all-products","7":"product_cat-rabbit-vibrators","8":"product_cat-sex-toys","9":"product_cat-vibrators","10":"product_tag-all","11":"product_tag-couples","12":"product_tag-female","13":"product_tag-rabbit-vibrators","14":"product_tag-rechargeable","15":"pa_color-black","17":"first","18":"instock","19":"taxable","20":"shipping-taxable","21":"purchasable","22":"product-type-simple"},"acf":[],"_links":{"self":[{"href":"https:\/\/tucbo.com\/fr\/wp-json\/wp\/v2\/product\/7568","targetHints":{"allow":["GET"]}}],"collection":[{"href":"https:\/\/tucbo.com\/fr\/wp-json\/wp\/v2\/product"}],"about":[{"href":"https:\/\/tucbo.com\/fr\/wp-json\/wp\/v2\/types\/product"}],"replies":[{"embeddable":true,"href":"https:\/\/tucbo.com\/fr\/wp-json\/wp\/v2\/comments?post=7568"}],"wp:featuredmedia":[{"embeddable":true,"href":"https:\/\/tucbo.com\/fr\/wp-json\/wp\/v2\/media\/7571"}],"wp:attachment":[{"href":"https:\/\/tucbo.com\/fr\/wp-json\/wp\/v2\/media?parent=7568"}],"wp:term":[{"taxonomy":"product_brand","embeddable":true,"href":"https:\/\/tucbo.com\/fr\/wp-json\/wp\/v2\/product_brand?post=7568"},{"taxonomy":"product_cat","embeddable":true,"href":"https:\/\/tucbo.com\/fr\/wp-json\/wp\/v2\/product_cat?post=7568"},{"taxonomy":"product_tag","embeddable":true,"href":"https:\/\/tucbo.com\/fr\/wp-json\/wp\/v2\/product_tag?post=7568"}],"curies":[{"name":"wp","href":"https:\/\/api.w.org\/{rel}","templated":true}]}}