{"id":7552,"date":"2025-08-19T15:30:26","date_gmt":"2025-08-19T07:30:26","guid":{"rendered":"https:\/\/tucbo.com\/?post_type=product&#038;p=7552"},"modified":"2025-08-23T15:30:24","modified_gmt":"2025-08-23T07:30:24","slug":"vibromasseur-lapin-violet-nacre-a-poussee","status":"publish","type":"product","link":"https:\/\/tucbo.com\/fr\/product\/vibromasseur-lapin-violet-nacre-a-poussee\/","title":{"rendered":"Vibromasseur Rabbit violet nacr\u00e9"},"content":{"rendered":"<table class=\"contacttbl\" cellspacing=\"0\">\n<tbody>\n<tr>\n<td>Colour<\/td>\n<td>Pourpre<\/td>\n<\/tr>\n<tr>\n<td>Mat\u00e9riau<\/td>\n<td>Arbre en TPR, base en ABS<\/td>\n<\/tr>\n<tr>\n<td>Caract\u00e9ristiques<\/td>\n<td>Augmentation de l'intensit\u00e9 des vibrations et de la vitesse de rotation contr\u00f4l\u00e9es \u00e0 l'aide de commandes ind\u00e9pendantes, le sens de rotation peut \u00eatre modifi\u00e9 \u00e0 l'aide du bouton de changement de rotation. L'action de pouss\u00e9e se d\u00e9place de haut en bas pour une stimulation accrue.<\/td>\n<\/tr>\n<tr>\n<td>Longueur d'insertion<\/td>\n<td>5 pouces<\/td>\n<\/tr>\n<tr>\n<td>Longueur totale<\/td>\n<td>10,25 pouces<\/td>\n<\/tr>\n<tr>\n<td>Diam\u00e8tre<\/td>\n<td>1,5 pouces<\/td>\n<\/tr>\n<tr>\n<td>Imperm\u00e9able \u00e0 l'eau ?<\/td>\n<td>Non<\/td>\n<\/tr>\n<tr>\n<td>Puissance<\/td>\n<td>4 piles AA (non fournies)<\/td>\n<\/tr>\n<tr>\n<td>ABS et silicone<\/td>\n<td>Ce produit ne contient ni latex ni phtalates.<\/td>\n<\/tr>\n<tr>\n<td>Bon pour<\/td>\n<td>People who require easy-to-grip toys<\/td>\n<\/tr>\n<\/tbody>\n<\/table>","protected":false},"excerpt":{"rendered":"<p>\u2022 Laissez-vous emporter par le plaisir des rotations, des pouss\u00e9es et des vibrations<\/p>\n<p>\u2022 Lapin multifonctionnel dot\u00e9 d'un bracelet en perles torsad\u00e9es<\/p>\n<p>\u2022 Fonction de pouss\u00e9e pour une p\u00e9n\u00e9tration qui fait fr\u00e9mir<\/p>\n<p>\u2022 La large base est facile \u00e0 saisir et confortable \u00e0 tenir.<\/p>","protected":false},"featured_media":7555,"comment_status":"open","ping_status":"closed","template":"","meta":{"_seopress_robots_primary_cat":"none","_seopress_titles_title":"","_seopress_titles_desc":"","_seopress_robots_index":""},"product_brand":[],"product_cat":[15,191,133,115],"product_tag":[189,163,188,186,148],"class_list":{"0":"post-7552","1":"product","2":"type-product","3":"status-publish","4":"has-post-thumbnail","6":"product_cat-all-products","7":"product_cat-rabbit-vibrators","8":"product_cat-sex-toys","9":"product_cat-vibrators","10":"product_tag-all","11":"product_tag-batteries","12":"product_tag-couples","13":"product_tag-female","14":"product_tag-rabbit-vibrators","15":"pa_color-purple","17":"first","18":"instock","19":"taxable","20":"shipping-taxable","21":"purchasable","22":"product-type-simple"},"acf":[],"_links":{"self":[{"href":"https:\/\/tucbo.com\/fr\/wp-json\/wp\/v2\/product\/7552","targetHints":{"allow":["GET"]}}],"collection":[{"href":"https:\/\/tucbo.com\/fr\/wp-json\/wp\/v2\/product"}],"about":[{"href":"https:\/\/tucbo.com\/fr\/wp-json\/wp\/v2\/types\/product"}],"replies":[{"embeddable":true,"href":"https:\/\/tucbo.com\/fr\/wp-json\/wp\/v2\/comments?post=7552"}],"wp:featuredmedia":[{"embeddable":true,"href":"https:\/\/tucbo.com\/fr\/wp-json\/wp\/v2\/media\/7555"}],"wp:attachment":[{"href":"https:\/\/tucbo.com\/fr\/wp-json\/wp\/v2\/media?parent=7552"}],"wp:term":[{"taxonomy":"product_brand","embeddable":true,"href":"https:\/\/tucbo.com\/fr\/wp-json\/wp\/v2\/product_brand?post=7552"},{"taxonomy":"product_cat","embeddable":true,"href":"https:\/\/tucbo.com\/fr\/wp-json\/wp\/v2\/product_cat?post=7552"},{"taxonomy":"product_tag","embeddable":true,"href":"https:\/\/tucbo.com\/fr\/wp-json\/wp\/v2\/product_tag?post=7552"}],"curies":[{"name":"wp","href":"https:\/\/api.w.org\/{rel}","templated":true}]}}