{"id":7539,"date":"2025-08-19T15:18:34","date_gmt":"2025-08-19T07:18:34","guid":{"rendered":"https:\/\/tucbo.com\/?post_type=product&#038;p=7539"},"modified":"2025-08-23T15:31:32","modified_gmt":"2025-08-23T07:31:32","slug":"pucker-up-purple-10-force-stimulateur-clitoridien-pulsatoire","status":"publish","type":"product","link":"https:\/\/tucbo.com\/fr\/product\/pucker-up-purple-10-force-stimulateur-clitoridien-pulsatoire\/","title":{"rendered":"Pucker Up Purple 10 Stimulateur clitoridien puls\u00e9 puissant"},"content":{"rendered":"<table class=\"contacttbl\" cellspacing=\"0\">\n<tbody>\n<tr>\n<td>Colour<\/td>\n<td>Pourpre<\/td>\n<\/tr>\n<tr>\n<td>Mat\u00e9riau<\/td>\n<td>ABS rev\u00eatu de PU<\/td>\n<\/tr>\n<tr>\n<td>Caract\u00e9ristiques<\/td>\n<td>10 modes d'impulsions d'air pour des sensations orgasmiques lors des rapports sexuels oraux<\/td>\n<\/tr>\n<tr>\n<td>Longueur totale<\/td>\n<td>4,8 pouces<\/td>\n<\/tr>\n<tr>\n<td>Diam\u00e8tre<\/td>\n<td>3,8 cm<\/td>\n<\/tr>\n<tr>\n<td>Imperm\u00e9able \u00e0 l'eau ?<\/td>\n<td>Non<\/td>\n<\/tr>\n<tr>\n<td>Puissance<\/td>\n<td>2 piles AAA (non fournies)<\/td>\n<\/tr>\n<\/tbody>\n<\/table>","protected":false},"excerpt":{"rendered":"<p>\u2022 Cet \u00e9l\u00e9gant masseur clitoridien est le choix id\u00e9al pour les d\u00e9butants en mati\u00e8re de sextoys.<\/p>\n<p>\u2022 D\u00e9couvrez 10 modes vari\u00e9s de pulsations et de vibrations pour des sensations orgasmiques dignes d'une \u00ab fellation \u00bb.<\/p>\n<p>\u2022 Intensifiez facilement votre stimulation gr\u00e2ce \u00e0 la commande LED \u00e0 bouton unique.<\/p>\n<p>\u2022 Ultra-fluide et l\u00e9ger pour les utilisateurs \u00e0 mobilit\u00e9 r\u00e9duite<\/p>","protected":false},"featured_media":7542,"comment_status":"open","ping_status":"closed","template":"","meta":{"_seopress_robots_primary_cat":"none","_seopress_titles_title":"","_seopress_titles_desc":"","_seopress_robots_index":""},"product_brand":[],"product_cat":[15,133,115],"product_tag":[189,163,141,188,186],"class_list":{"0":"post-7539","1":"product","2":"type-product","3":"status-publish","4":"has-post-thumbnail","6":"product_cat-all-products","7":"product_cat-sex-toys","8":"product_cat-vibrators","9":"product_tag-all","10":"product_tag-batteries","11":"product_tag-classic-vibrators","12":"product_tag-couples","13":"product_tag-female","14":"pa_color-purple","16":"first","17":"instock","18":"taxable","19":"shipping-taxable","20":"purchasable","21":"product-type-simple"},"acf":[],"_links":{"self":[{"href":"https:\/\/tucbo.com\/fr\/wp-json\/wp\/v2\/product\/7539","targetHints":{"allow":["GET"]}}],"collection":[{"href":"https:\/\/tucbo.com\/fr\/wp-json\/wp\/v2\/product"}],"about":[{"href":"https:\/\/tucbo.com\/fr\/wp-json\/wp\/v2\/types\/product"}],"replies":[{"embeddable":true,"href":"https:\/\/tucbo.com\/fr\/wp-json\/wp\/v2\/comments?post=7539"}],"wp:featuredmedia":[{"embeddable":true,"href":"https:\/\/tucbo.com\/fr\/wp-json\/wp\/v2\/media\/7542"}],"wp:attachment":[{"href":"https:\/\/tucbo.com\/fr\/wp-json\/wp\/v2\/media?parent=7539"}],"wp:term":[{"taxonomy":"product_brand","embeddable":true,"href":"https:\/\/tucbo.com\/fr\/wp-json\/wp\/v2\/product_brand?post=7539"},{"taxonomy":"product_cat","embeddable":true,"href":"https:\/\/tucbo.com\/fr\/wp-json\/wp\/v2\/product_cat?post=7539"},{"taxonomy":"product_tag","embeddable":true,"href":"https:\/\/tucbo.com\/fr\/wp-json\/wp\/v2\/product_tag?post=7539"}],"curies":[{"name":"wp","href":"https:\/\/api.w.org\/{rel}","templated":true}]}}