{"id":7532,"date":"2025-08-19T15:13:44","date_gmt":"2025-08-19T07:13:44","guid":{"rendered":"https:\/\/tucbo.com\/?post_type=product&#038;p=7532"},"modified":"2025-08-23T15:31:52","modified_gmt":"2025-08-23T07:31:52","slug":"vibromasseur-lapin-rose-transparent-9-pouces","status":"publish","type":"product","link":"https:\/\/tucbo.com\/fr\/product\/vibromasseur-lapin-rose-transparent-9-pouces\/","title":{"rendered":"Vibromasseur Crystal Clear Pink Rabbit \u2013 23 cm"},"content":{"rendered":"<table class=\"contacttbl\" cellspacing=\"0\">\n<tbody>\n<tr>\n<td>Colour<\/td>\n<td>Clear Pink<\/td>\n<\/tr>\n<tr>\n<td>Mat\u00e9riau<\/td>\n<td>TPE transparent cristallin<\/td>\n<\/tr>\n<tr>\n<td>Caract\u00e9ristiques<\/td>\n<td>Vitesse de vibration variable, oreilles de lapin stimulant le clitoris et tige nervur\u00e9e pour une stimulation accrue<\/td>\n<\/tr>\n<tr>\n<td>Longueur d'insertion<\/td>\n<td>5 pouces<\/td>\n<\/tr>\n<tr>\n<td>Longueur<\/td>\n<td>9 Inches<\/td>\n<\/tr>\n<tr>\n<td>Diam\u00e8tre<\/td>\n<td>1,75 pouces<\/td>\n<\/tr>\n<tr>\n<td>Imperm\u00e9able \u00e0 l'eau ?<\/td>\n<td>Oui<\/td>\n<\/tr>\n<tr>\n<td>Puissance<\/td>\n<td>2 piles AA (non fournies)<\/td>\n<\/tr>\n<tr>\n<td>ABS et silicone<\/td>\n<td>Ce produit ne contient ni latex ni phtalates.<\/td>\n<\/tr>\n<\/tbody>\n<\/table>","protected":false},"excerpt":{"rendered":"<p>\u2022 Faites place \u00e0 ce magnifique vibromasseur rabbit translucide.<\/p>\n<p>\u2022 Con\u00e7u pour stimuler simultan\u00e9ment votre clitoris et votre vagin.<\/p>\n<p>\u2022 Massez vos terminaisons nerveuses sensibles gr\u00e2ce \u00e0 des vibrations \u00e0 plusieurs vitesses.<\/p>\n<p>\u2022 \u00c9tanche pour s'amuser sous la douche et ailleurs.<\/p>","protected":false},"featured_media":7535,"comment_status":"open","ping_status":"closed","template":"","meta":{"_seopress_robots_primary_cat":"none","_seopress_titles_title":"","_seopress_titles_desc":"","_seopress_robots_index":""},"product_brand":[],"product_cat":[15,133,115],"product_tag":[189,163,141,188,186],"class_list":{"0":"post-7532","1":"product","2":"type-product","3":"status-publish","4":"has-post-thumbnail","6":"product_cat-all-products","7":"product_cat-sex-toys","8":"product_cat-vibrators","9":"product_tag-all","10":"product_tag-batteries","11":"product_tag-classic-vibrators","12":"product_tag-couples","13":"product_tag-female","14":"pa_color-pink","16":"first","17":"instock","18":"sale","19":"taxable","20":"shipping-taxable","21":"purchasable","22":"product-type-simple"},"acf":[],"_links":{"self":[{"href":"https:\/\/tucbo.com\/fr\/wp-json\/wp\/v2\/product\/7532","targetHints":{"allow":["GET"]}}],"collection":[{"href":"https:\/\/tucbo.com\/fr\/wp-json\/wp\/v2\/product"}],"about":[{"href":"https:\/\/tucbo.com\/fr\/wp-json\/wp\/v2\/types\/product"}],"replies":[{"embeddable":true,"href":"https:\/\/tucbo.com\/fr\/wp-json\/wp\/v2\/comments?post=7532"}],"wp:featuredmedia":[{"embeddable":true,"href":"https:\/\/tucbo.com\/fr\/wp-json\/wp\/v2\/media\/7535"}],"wp:attachment":[{"href":"https:\/\/tucbo.com\/fr\/wp-json\/wp\/v2\/media?parent=7532"}],"wp:term":[{"taxonomy":"product_brand","embeddable":true,"href":"https:\/\/tucbo.com\/fr\/wp-json\/wp\/v2\/product_brand?post=7532"},{"taxonomy":"product_cat","embeddable":true,"href":"https:\/\/tucbo.com\/fr\/wp-json\/wp\/v2\/product_cat?post=7532"},{"taxonomy":"product_tag","embeddable":true,"href":"https:\/\/tucbo.com\/fr\/wp-json\/wp\/v2\/product_tag?post=7532"}],"curies":[{"name":"wp","href":"https:\/\/api.w.org\/{rel}","templated":true}]}}