{"id":7526,"date":"2025-08-19T15:07:55","date_gmt":"2025-08-19T07:07:55","guid":{"rendered":"https:\/\/tucbo.com\/?post_type=product&#038;p=7526"},"modified":"2025-08-23T15:32:22","modified_gmt":"2025-08-23T07:32:22","slug":"vibromasseur-baguette-magique-noir-ensorcele","status":"publish","type":"product","link":"https:\/\/tucbo.com\/fr\/product\/vibromasseur-baguette-magique-noir-ensorcele\/","title":{"rendered":"Vibromasseur baguette magique noir ensorcelant"},"content":{"rendered":"<table class=\"contacttbl\" cellspacing=\"0\">\n<tbody>\n<tr>\n<td>Colour<\/td>\n<td>Noir<\/td>\n<\/tr>\n<tr>\n<td>Mat\u00e9riau<\/td>\n<td>Silicone et ABS<\/td>\n<\/tr>\n<tr>\n<td>Caract\u00e9ristiques<\/td>\n<td>8 modes de vibration et 8 r\u00e9glages de vitesse, contr\u00f4l\u00e9s \u00e0 l'aide d'un seul bouton-poussoir. Le col flexible offre une grande polyvalence gr\u00e2ce \u00e0 diff\u00e9rents angles et pressions. Id\u00e9al pour une utilisation en solo ou en couple.<\/td>\n<\/tr>\n<tr>\n<td>Longueur<\/td>\n<td>13 pouces<\/td>\n<\/tr>\n<tr>\n<td>Imperm\u00e9able \u00e0 l'eau ?<\/td>\n<td>Non<\/td>\n<\/tr>\n<tr>\n<td>Puissance<\/td>\n<td>Rechargeable par USB<\/td>\n<\/tr>\n<\/tbody>\n<\/table>","protected":false},"excerpt":{"rendered":"<p>\u2022 Jetez un sort sur vous-m\u00eame avec cette baguette magique pr\u00eate \u00e0 vous ensorceler jusqu'\u00e0 l'orgasme.<\/p>\n<p>\u2022 Gr\u00e2ce \u00e0 ses 8 vitesses et ses 8 modes, vous atteindrez l'orgasme en un rien de temps.<\/p>\n<p>\u2022 Apportez-le dans la chambre \u00e0 coucher pour jouer avec votre partenaire ou gardez-le pour vous pour vous faire plaisir.<\/p>\n<p>\u2022 Rechargeable par USB pour recharger la vibration d\u00e8s que vous \u00eates pr\u00eat<\/p>","protected":false},"featured_media":7529,"comment_status":"open","ping_status":"closed","template":"","meta":{"_seopress_robots_primary_cat":"none","_seopress_titles_title":"","_seopress_titles_desc":"","_seopress_robots_index":""},"product_brand":[],"product_cat":[15,133,115],"product_tag":[189,141,188,186,161],"class_list":{"0":"post-7526","1":"product","2":"type-product","3":"status-publish","4":"has-post-thumbnail","6":"product_cat-all-products","7":"product_cat-sex-toys","8":"product_cat-vibrators","9":"product_tag-all","10":"product_tag-classic-vibrators","11":"product_tag-couples","12":"product_tag-female","13":"product_tag-rechargeable","14":"pa_color-black","16":"first","17":"instock","18":"sale","19":"taxable","20":"shipping-taxable","21":"purchasable","22":"product-type-simple"},"acf":[],"_links":{"self":[{"href":"https:\/\/tucbo.com\/fr\/wp-json\/wp\/v2\/product\/7526","targetHints":{"allow":["GET"]}}],"collection":[{"href":"https:\/\/tucbo.com\/fr\/wp-json\/wp\/v2\/product"}],"about":[{"href":"https:\/\/tucbo.com\/fr\/wp-json\/wp\/v2\/types\/product"}],"replies":[{"embeddable":true,"href":"https:\/\/tucbo.com\/fr\/wp-json\/wp\/v2\/comments?post=7526"}],"wp:featuredmedia":[{"embeddable":true,"href":"https:\/\/tucbo.com\/fr\/wp-json\/wp\/v2\/media\/7529"}],"wp:attachment":[{"href":"https:\/\/tucbo.com\/fr\/wp-json\/wp\/v2\/media?parent=7526"}],"wp:term":[{"taxonomy":"product_brand","embeddable":true,"href":"https:\/\/tucbo.com\/fr\/wp-json\/wp\/v2\/product_brand?post=7526"},{"taxonomy":"product_cat","embeddable":true,"href":"https:\/\/tucbo.com\/fr\/wp-json\/wp\/v2\/product_cat?post=7526"},{"taxonomy":"product_tag","embeddable":true,"href":"https:\/\/tucbo.com\/fr\/wp-json\/wp\/v2\/product_tag?post=7526"}],"curies":[{"name":"wp","href":"https:\/\/api.w.org\/{rel}","templated":true}]}}