{"id":7519,"date":"2025-08-19T15:02:03","date_gmt":"2025-08-19T07:02:03","guid":{"rendered":"https:\/\/tucbo.com\/?post_type=product&#038;p=7519"},"modified":"2025-08-19T15:02:04","modified_gmt":"2025-08-19T07:02:04","slug":"gros-gode-vibrant-realiste-pour-detective-prive-20-cm","status":"publish","type":"product","link":"https:\/\/tucbo.com\/fr\/product\/gros-gode-vibrant-realiste-pour-detective-prive-20-cm\/","title":{"rendered":"Gode vibrant r\u00e9aliste Private Dick Big \u2013 20 cm"},"content":{"rendered":"<table class=\"contacttbl\" cellspacing=\"0\">\n<tbody>\n<tr>\n<td>Colour<\/td>\n<td>Light tone<\/td>\n<\/tr>\n<tr>\n<td>Mat\u00e9riau<\/td>\n<td>TPR<\/td>\n<\/tr>\n<tr>\n<td>Caract\u00e9ristiques<\/td>\n<td>Contr\u00f4lez facilement la vitesse des vibrations gr\u00e2ce au cadran situ\u00e9 sur la t\u00e9l\u00e9commande. Ventouse puissante pour une utilisation mains libres. Compatible avec les harnais strap-on. Veines r\u00e9alistes le long du p\u00e9nis et des testicules.<\/td>\n<\/tr>\n<tr>\n<td>Longueur d'insertion<\/td>\n<td>7 pouces<\/td>\n<\/tr>\n<tr>\n<td>Longueur totale<\/td>\n<td>20 cm<\/td>\n<\/tr>\n<tr>\n<td>Diam\u00e8tre<\/td>\n<td>4,4 cm<\/td>\n<\/tr>\n<tr>\n<td>Imperm\u00e9able \u00e0 l'eau ?<\/td>\n<td>R\u00e9sistant aux \u00e9claboussures<\/td>\n<\/tr>\n<tr>\n<td>Puissance<\/td>\n<td>2 piles AA (non fournies)<\/td>\n<\/tr>\n<tr>\n<td>Allergens<\/td>\n<td>Latex and phthalate-free<\/td>\n<\/tr>\n<\/tbody>\n<\/table>","protected":false},"excerpt":{"rendered":"<p>\u2022 Private Dick se vante d'avoir un manche \u00e9pais et textur\u00e9, parcouru de veines, avec un gland magnifiquement bomb\u00e9.<\/p>\n<p>\u2022 Dot\u00e9 d'une ventouse robuste et d'une base \u00e9vas\u00e9e pour un plaisir mains libres<\/p>\n<p>\u2022 Amusez-vous \u00e0 tester les vibrations intenses \u00e0 plusieurs vitesses.<\/p>","protected":false},"featured_media":7522,"comment_status":"open","ping_status":"closed","template":"","meta":{"_seopress_robots_primary_cat":"none","_seopress_titles_title":"","_seopress_titles_desc":"","_seopress_robots_index":""},"product_brand":[],"product_cat":[15,194,133,115],"product_tag":[189,163,141,188,186],"class_list":{"0":"post-7519","1":"product","2":"type-product","3":"status-publish","4":"has-post-thumbnail","6":"product_cat-all-products","7":"product_cat-dildos","8":"product_cat-sex-toys","9":"product_cat-vibrators","10":"product_tag-all","11":"product_tag-batteries","12":"product_tag-classic-vibrators","13":"product_tag-couples","14":"product_tag-female","16":"first","17":"instock","18":"sale","19":"taxable","20":"shipping-taxable","21":"purchasable","22":"product-type-simple"},"acf":[],"_links":{"self":[{"href":"https:\/\/tucbo.com\/fr\/wp-json\/wp\/v2\/product\/7519","targetHints":{"allow":["GET"]}}],"collection":[{"href":"https:\/\/tucbo.com\/fr\/wp-json\/wp\/v2\/product"}],"about":[{"href":"https:\/\/tucbo.com\/fr\/wp-json\/wp\/v2\/types\/product"}],"replies":[{"embeddable":true,"href":"https:\/\/tucbo.com\/fr\/wp-json\/wp\/v2\/comments?post=7519"}],"wp:featuredmedia":[{"embeddable":true,"href":"https:\/\/tucbo.com\/fr\/wp-json\/wp\/v2\/media\/7522"}],"wp:attachment":[{"href":"https:\/\/tucbo.com\/fr\/wp-json\/wp\/v2\/media?parent=7519"}],"wp:term":[{"taxonomy":"product_brand","embeddable":true,"href":"https:\/\/tucbo.com\/fr\/wp-json\/wp\/v2\/product_brand?post=7519"},{"taxonomy":"product_cat","embeddable":true,"href":"https:\/\/tucbo.com\/fr\/wp-json\/wp\/v2\/product_cat?post=7519"},{"taxonomy":"product_tag","embeddable":true,"href":"https:\/\/tucbo.com\/fr\/wp-json\/wp\/v2\/product_tag?post=7519"}],"curies":[{"name":"wp","href":"https:\/\/api.w.org\/{rel}","templated":true}]}}