{"id":7513,"date":"2025-08-19T14:55:03","date_gmt":"2025-08-19T06:55:03","guid":{"rendered":"https:\/\/tucbo.com\/?post_type=product&#038;p=7513"},"modified":"2025-08-19T14:55:04","modified_gmt":"2025-08-19T06:55:04","slug":"gros-gars-gode-vibrant-9-pouces","status":"publish","type":"product","link":"https:\/\/tucbo.com\/fr\/product\/gros-gars-gode-vibrant-9-pouces\/","title":{"rendered":"Gode vibrant Big Fella \u2013 23 cm"},"content":{"rendered":"<table class=\"contacttbl\" cellspacing=\"0\">\n<tbody>\n<tr>\n<td>Colour<\/td>\n<td>Light Tone<\/td>\n<\/tr>\n<tr>\n<td>Mat\u00e9riau<\/td>\n<td>Rubber<\/td>\n<\/tr>\n<tr>\n<td>ABS et silicone<\/td>\n<td>Ce produit ne contient ni latex ni phtalates.<\/td>\n<\/tr>\n<tr>\n<td>Functions<\/td>\n<td>Des sensations fortes \u00e0 plusieurs vitesses<\/td>\n<\/tr>\n<tr>\n<td>Longueur d'insertion<\/td>\n<td>7,5 pouces<\/td>\n<\/tr>\n<tr>\n<td>Longueur totale<\/td>\n<td>23 cm<\/td>\n<\/tr>\n<tr>\n<td>Diam\u00e8tre au point le plus large<\/td>\n<td>3,8 cm<\/td>\n<\/tr>\n<tr>\n<td>Flexible?<\/td>\n<td>Souple et ferme<\/td>\n<\/tr>\n<tr>\n<td>Imperm\u00e9able \u00e0 l'eau ?<\/td>\n<td>R\u00e9sistant aux \u00e9claboussures<\/td>\n<\/tr>\n<\/tbody>\n<\/table>","protected":false},"excerpt":{"rendered":"<p>\u2022 Gode r\u00e9aliste de 23 cm dot\u00e9 de puissantes vibrations<\/p>\n<p>\u2022 R\u00e9glages \u00e0 plusieurs vitesses contr\u00f4l\u00e9s via la base rotative facile \u00e0 utiliser<\/p>\n<p>\u2022 Ce gode ferme vous comblera tandis que vous explorez vos fantasmes sexuels.<\/p>","protected":false},"featured_media":7516,"comment_status":"open","ping_status":"closed","template":"","meta":{"_seopress_robots_primary_cat":"","_seopress_titles_title":"","_seopress_titles_desc":"","_seopress_robots_index":""},"product_brand":[],"product_cat":[15,194,133,115],"product_tag":[189,141,186],"class_list":{"0":"post-7513","1":"product","2":"type-product","3":"status-publish","4":"has-post-thumbnail","6":"product_cat-all-products","7":"product_cat-dildos","8":"product_cat-sex-toys","9":"product_cat-vibrators","10":"product_tag-all","11":"product_tag-classic-vibrators","12":"product_tag-female","14":"first","15":"instock","16":"taxable","17":"shipping-taxable","18":"purchasable","19":"product-type-simple"},"acf":[],"_links":{"self":[{"href":"https:\/\/tucbo.com\/fr\/wp-json\/wp\/v2\/product\/7513","targetHints":{"allow":["GET"]}}],"collection":[{"href":"https:\/\/tucbo.com\/fr\/wp-json\/wp\/v2\/product"}],"about":[{"href":"https:\/\/tucbo.com\/fr\/wp-json\/wp\/v2\/types\/product"}],"replies":[{"embeddable":true,"href":"https:\/\/tucbo.com\/fr\/wp-json\/wp\/v2\/comments?post=7513"}],"wp:featuredmedia":[{"embeddable":true,"href":"https:\/\/tucbo.com\/fr\/wp-json\/wp\/v2\/media\/7516"}],"wp:attachment":[{"href":"https:\/\/tucbo.com\/fr\/wp-json\/wp\/v2\/media?parent=7513"}],"wp:term":[{"taxonomy":"product_brand","embeddable":true,"href":"https:\/\/tucbo.com\/fr\/wp-json\/wp\/v2\/product_brand?post=7513"},{"taxonomy":"product_cat","embeddable":true,"href":"https:\/\/tucbo.com\/fr\/wp-json\/wp\/v2\/product_cat?post=7513"},{"taxonomy":"product_tag","embeddable":true,"href":"https:\/\/tucbo.com\/fr\/wp-json\/wp\/v2\/product_tag?post=7513"}],"curies":[{"name":"wp","href":"https:\/\/api.w.org\/{rel}","templated":true}]}}