{"id":7501,"date":"2025-08-17T15:02:33","date_gmt":"2025-08-17T07:02:33","guid":{"rendered":"https:\/\/tucbo.com\/?post_type=product&#038;p=7501"},"modified":"2025-08-23T15:32:54","modified_gmt":"2025-08-23T07:32:54","slug":"vibromasseur-classique-10-vitesses-pour-point-g-violet","status":"publish","type":"product","link":"https:\/\/tucbo.com\/fr\/product\/vibromasseur-classique-10-vitesses-pour-point-g-violet\/","title":{"rendered":"Vibromasseur classique G-Spot Fairy violet \u00e0 10 vitesses"},"content":{"rendered":"<table class=\"contacttbl\" cellspacing=\"0\">\n<tbody>\n<tr>\n<td>Colour<\/td>\n<td>Pourpre<\/td>\n<\/tr>\n<tr>\n<td>Mat\u00e9riau<\/td>\n<td>ABS<\/td>\n<\/tr>\n<tr>\n<td>Caract\u00e9ristiques<\/td>\n<td>\u00a010 vitesses diff\u00e9rentes avec 9 modes vari\u00e9s. Longueur ins\u00e9rable sup\u00e9rieure \u00e0 10 cm et un seul bouton de commande \u00e0 la base du vibromasseur.<\/td>\n<\/tr>\n<tr>\n<td>Longueur totale<\/td>\n<td>6,25 pouces<\/td>\n<\/tr>\n<tr>\n<td>Longueur d'insertion<\/td>\n<td>4,25 pouces<\/td>\n<\/tr>\n<tr>\n<td>Diam\u00e8tre<\/td>\n<td>1 pouce<\/td>\n<\/tr>\n<tr>\n<td>Imperm\u00e9able \u00e0 l'eau ?<\/td>\n<td>Non<\/td>\n<\/tr>\n<tr>\n<td>Puissance<\/td>\n<td>Rechargeable par USB<\/td>\n<\/tr>\n<\/tbody>\n<\/table>","protected":false},"excerpt":{"rendered":"<p>\u2022 Le vibromasseur classique \u00e0 ondulations est un jouet indispensable \u00e0 votre collection !<\/p>\n<p>\u2022 D\u00e9couvrez 12 modes de vibration, dont 3 vitesses croissantes r\u00e9guli\u00e8res et 9 modes diff\u00e9rents.<\/p>\n<p>\u2022 Le manche perl\u00e9 de 6,25 pouces procure une stimulation intense \u00e0 vos zones \u00e9rog\u00e8nes.<\/p>","protected":false},"featured_media":7504,"comment_status":"open","ping_status":"closed","template":"","meta":{"_seopress_robots_primary_cat":"none","_seopress_titles_title":"","_seopress_titles_desc":"","_seopress_robots_index":""},"product_brand":[],"product_cat":[15,133,115],"product_tag":[189,141,188,186,161],"class_list":{"0":"post-7501","1":"product","2":"type-product","3":"status-publish","4":"has-post-thumbnail","6":"product_cat-all-products","7":"product_cat-sex-toys","8":"product_cat-vibrators","9":"product_tag-all","10":"product_tag-classic-vibrators","11":"product_tag-couples","12":"product_tag-female","13":"product_tag-rechargeable","14":"pa_color-purple","16":"first","17":"instock","18":"sale","19":"taxable","20":"shipping-taxable","21":"purchasable","22":"product-type-simple"},"acf":[],"_links":{"self":[{"href":"https:\/\/tucbo.com\/fr\/wp-json\/wp\/v2\/product\/7501","targetHints":{"allow":["GET"]}}],"collection":[{"href":"https:\/\/tucbo.com\/fr\/wp-json\/wp\/v2\/product"}],"about":[{"href":"https:\/\/tucbo.com\/fr\/wp-json\/wp\/v2\/types\/product"}],"replies":[{"embeddable":true,"href":"https:\/\/tucbo.com\/fr\/wp-json\/wp\/v2\/comments?post=7501"}],"wp:featuredmedia":[{"embeddable":true,"href":"https:\/\/tucbo.com\/fr\/wp-json\/wp\/v2\/media\/7504"}],"wp:attachment":[{"href":"https:\/\/tucbo.com\/fr\/wp-json\/wp\/v2\/media?parent=7501"}],"wp:term":[{"taxonomy":"product_brand","embeddable":true,"href":"https:\/\/tucbo.com\/fr\/wp-json\/wp\/v2\/product_brand?post=7501"},{"taxonomy":"product_cat","embeddable":true,"href":"https:\/\/tucbo.com\/fr\/wp-json\/wp\/v2\/product_cat?post=7501"},{"taxonomy":"product_tag","embeddable":true,"href":"https:\/\/tucbo.com\/fr\/wp-json\/wp\/v2\/product_tag?post=7501"}],"curies":[{"name":"wp","href":"https:\/\/api.w.org\/{rel}","templated":true}]}}