{"id":7460,"date":"2025-08-17T12:38:52","date_gmt":"2025-08-17T04:38:52","guid":{"rendered":"https:\/\/tucbo.com\/?post_type=product&#038;p=7460"},"modified":"2025-08-17T12:40:14","modified_gmt":"2025-08-17T04:40:14","slug":"vibromasseur-rabbit-a-16-fonctions-effet-marbre-noir","status":"publish","type":"product","link":"https:\/\/tucbo.com\/fr\/product\/vibromasseur-rabbit-a-16-fonctions-effet-marbre-noir\/","title":{"rendered":"Vibromasseur Rabbit 16 fonctions effet marbre noir Also"},"content":{"rendered":"<table class=\"contacttbl\" cellspacing=\"0\">\n<tbody>\n<tr>\n<td>Colour<\/td>\n<td>Noir<\/td>\n<\/tr>\n<tr>\n<td>Mat\u00e9riau<\/td>\n<td>Silicone et ABS<\/td>\n<\/tr>\n<tr>\n<td>Caract\u00e9ristiques<\/td>\n<td>Double moteur, tige incurv\u00e9e pour la stimulation du point G, oreilles de lapin flexibles, conception ergonomique, poign\u00e9e en boucle pour une meilleure prise en main, rechargeable<\/td>\n<\/tr>\n<tr>\n<td>Longueur d'insertion<\/td>\n<td>4 pouces<\/td>\n<\/tr>\n<tr>\n<td>Longueur totale<\/td>\n<td>7,5 pouces<\/td>\n<\/tr>\n<tr>\n<td>Diam\u00e8tre<\/td>\n<td>3,4 cm<\/td>\n<\/tr>\n<tr>\n<td>Imperm\u00e9able \u00e0 l'eau<\/td>\n<td>R\u00e9sistant aux \u00e9claboussures<\/td>\n<\/tr>\n<tr>\n<td>Puissance<\/td>\n<td>Rechargeable par USB<\/td>\n<\/tr>\n<tr>\n<td>ABS et silicone<\/td>\n<td>Ce produit ne contient ni latex ni phtalates.<\/td>\n<\/tr>\n<\/tbody>\n<\/table>","protected":false},"excerpt":{"rendered":"<p>\u2022 Donnez \u00e0 votre coffre \u00e0 jouets un design unique et saisissant.<\/p>\n<p>\u2022 Les deux moteurs offrent style et puissance gr\u00e2ce \u00e0 leurs vibrations puissantes.<\/p>\n<p>\u2022 Trouvez le r\u00e9glage id\u00e9al gr\u00e2ce \u00e0 10 modes et six intensit\u00e9s diff\u00e9rents.<\/p>\n<p>\u2022 Parfaitement con\u00e7u pour la stimulation clitoridienne et un plaisir intense du point G<\/p>\n<p>\u2022 Jouez \u00e0 tout moment gr\u00e2ce \u00e0 la batterie rechargeable USB.<\/p>","protected":false},"featured_media":7461,"comment_status":"open","ping_status":"closed","template":"","meta":{"_seopress_robots_primary_cat":"none","_seopress_titles_title":"","_seopress_titles_desc":"","_seopress_robots_index":""},"product_brand":[],"product_cat":[15,133],"product_tag":[189,141,186,187,148,161],"class_list":{"0":"post-7460","1":"product","2":"type-product","3":"status-publish","4":"has-post-thumbnail","6":"product_cat-all-products","7":"product_cat-sex-toys","8":"product_tag-all","9":"product_tag-classic-vibrators","10":"product_tag-female","11":"product_tag-male","12":"product_tag-rabbit-vibrators","13":"product_tag-rechargeable","14":"pa_color-black","16":"first","17":"instock","18":"sale","19":"taxable","20":"shipping-taxable","21":"purchasable","22":"product-type-simple"},"acf":[],"_links":{"self":[{"href":"https:\/\/tucbo.com\/fr\/wp-json\/wp\/v2\/product\/7460","targetHints":{"allow":["GET"]}}],"collection":[{"href":"https:\/\/tucbo.com\/fr\/wp-json\/wp\/v2\/product"}],"about":[{"href":"https:\/\/tucbo.com\/fr\/wp-json\/wp\/v2\/types\/product"}],"replies":[{"embeddable":true,"href":"https:\/\/tucbo.com\/fr\/wp-json\/wp\/v2\/comments?post=7460"}],"wp:featuredmedia":[{"embeddable":true,"href":"https:\/\/tucbo.com\/fr\/wp-json\/wp\/v2\/media\/7461"}],"wp:attachment":[{"href":"https:\/\/tucbo.com\/fr\/wp-json\/wp\/v2\/media?parent=7460"}],"wp:term":[{"taxonomy":"product_brand","embeddable":true,"href":"https:\/\/tucbo.com\/fr\/wp-json\/wp\/v2\/product_brand?post=7460"},{"taxonomy":"product_cat","embeddable":true,"href":"https:\/\/tucbo.com\/fr\/wp-json\/wp\/v2\/product_cat?post=7460"},{"taxonomy":"product_tag","embeddable":true,"href":"https:\/\/tucbo.com\/fr\/wp-json\/wp\/v2\/product_tag?post=7460"}],"curies":[{"name":"wp","href":"https:\/\/api.w.org\/{rel}","templated":true}]}}