{"id":7430,"date":"2025-08-15T22:04:35","date_gmt":"2025-08-15T14:04:35","guid":{"rendered":"https:\/\/tucbo.com\/?post_type=product&#038;p=7430"},"modified":"2025-08-15T22:16:42","modified_gmt":"2025-08-15T14:16:42","slug":"vibromasseur-en-silicone-violet-pour-le-point-g","status":"publish","type":"product","link":"https:\/\/tucbo.com\/fr\/product\/vibromasseur-en-silicone-violet-pour-le-point-g\/","title":{"rendered":"Vibromasseur en silicone pour point G Purple temptation"},"content":{"rendered":"<table class=\"contacttbl\" cellspacing=\"0\">\n<tbody>\n<tr>\n<td>Colour<\/td>\n<td>Lilas<\/td>\n<\/tr>\n<tr>\n<td>Mat\u00e9riau<\/td>\n<td>Silicone<\/td>\n<\/tr>\n<tr>\n<td>Caract\u00e9ristiques<\/td>\n<td>3 vitesses diff\u00e9rentes et 7 modes de vibration diff\u00e9rents. 2 boutons de commande, avec un manche flexible.<\/td>\n<\/tr>\n<tr>\n<td>Longueur totale<\/td>\n<td>7,8 pouces<\/td>\n<\/tr>\n<tr>\n<td>Longueur d'insertion<\/td>\n<td>5,3 pouces<\/td>\n<\/tr>\n<tr>\n<td>Diam\u00e8tre<\/td>\n<td>1,5 pouces<\/td>\n<\/tr>\n<tr>\n<td>Imperm\u00e9able \u00e0 l'eau ?<\/td>\n<td>R\u00e9sistant aux \u00e9claboussures<\/td>\n<\/tr>\n<tr>\n<td>Puissance<\/td>\n<td>USB Pin Rechargeable<\/td>\n<\/tr>\n<\/tbody>\n<\/table>","protected":false},"excerpt":{"rendered":"<p>\u2022 Offrez-vous du plaisir exactement l\u00e0 o\u00f9 vous en avez envie gr\u00e2ce \u00e0 ce vibromasseur flexible de 7,8 pouces.<\/p>\n<p>\u2022 Courb\u00e9 pour stimuler le point G, avec un gland bomb\u00e9 de 3,8 cm de diam\u00e8tre.<\/p>\n<p>\u2022 Recouvert d'un silicone lilas soyeux et magnifique, sans danger pour le corps, pour un plaisir flexible<\/p>\n<p>\u2022 Le chargement USB permet de recharger l'appareil rapidement et facilement ; id\u00e9al pour les voyages !<\/p>","protected":false},"featured_media":7433,"comment_status":"open","ping_status":"closed","template":"","meta":{"_seopress_robots_primary_cat":"none","_seopress_titles_title":"","_seopress_titles_desc":"","_seopress_robots_index":""},"product_brand":[],"product_cat":[15,133,115],"product_tag":[189,141,188,186,161],"class_list":{"0":"post-7430","1":"product","2":"type-product","3":"status-publish","4":"has-post-thumbnail","6":"product_cat-all-products","7":"product_cat-sex-toys","8":"product_cat-vibrators","9":"product_tag-all","10":"product_tag-classic-vibrators","11":"product_tag-couples","12":"product_tag-female","13":"product_tag-rechargeable","14":"pa_color-purple","16":"first","17":"instock","18":"sale","19":"taxable","20":"shipping-taxable","21":"purchasable","22":"product-type-simple"},"acf":[],"_links":{"self":[{"href":"https:\/\/tucbo.com\/fr\/wp-json\/wp\/v2\/product\/7430","targetHints":{"allow":["GET"]}}],"collection":[{"href":"https:\/\/tucbo.com\/fr\/wp-json\/wp\/v2\/product"}],"about":[{"href":"https:\/\/tucbo.com\/fr\/wp-json\/wp\/v2\/types\/product"}],"replies":[{"embeddable":true,"href":"https:\/\/tucbo.com\/fr\/wp-json\/wp\/v2\/comments?post=7430"}],"wp:featuredmedia":[{"embeddable":true,"href":"https:\/\/tucbo.com\/fr\/wp-json\/wp\/v2\/media\/7433"}],"wp:attachment":[{"href":"https:\/\/tucbo.com\/fr\/wp-json\/wp\/v2\/media?parent=7430"}],"wp:term":[{"taxonomy":"product_brand","embeddable":true,"href":"https:\/\/tucbo.com\/fr\/wp-json\/wp\/v2\/product_brand?post=7430"},{"taxonomy":"product_cat","embeddable":true,"href":"https:\/\/tucbo.com\/fr\/wp-json\/wp\/v2\/product_cat?post=7430"},{"taxonomy":"product_tag","embeddable":true,"href":"https:\/\/tucbo.com\/fr\/wp-json\/wp\/v2\/product_tag?post=7430"}],"curies":[{"name":"wp","href":"https:\/\/api.w.org\/{rel}","templated":true}]}}