{"id":7421,"date":"2025-08-15T21:45:26","date_gmt":"2025-08-15T13:45:26","guid":{"rendered":"https:\/\/tucbo.com\/?post_type=product&#038;p=7421"},"modified":"2025-08-15T21:46:33","modified_gmt":"2025-08-15T13:46:33","slug":"stimulateur-clitoridien-en-silicone-rose-rouge","status":"publish","type":"product","link":"https:\/\/tucbo.com\/fr\/product\/stimulateur-clitoridien-en-silicone-rose-rouge\/","title":{"rendered":"Stimulateur clitoridien en silicone rose rouge"},"content":{"rendered":"<table class=\"contacttbl\" cellspacing=\"0\">\n<tbody>\n<tr>\n<td>Colour<\/td>\n<td>Rose Red,Purple<\/td>\n<\/tr>\n<tr>\n<td>Mat\u00e9riau<\/td>\n<td>Silicone<\/td>\n<\/tr>\n<tr>\n<td>Caract\u00e9ristiques<\/td>\n<td>Stimulateur clitoridien de poche, tient dans la paume de votre main et est facile \u00e0 transporter. Corps incurv\u00e9 avec plusieurs vitesses et modes au choix.<\/td>\n<\/tr>\n<tr>\n<td>Imperm\u00e9able \u00e0 l'eau ?<\/td>\n<td>R\u00e9sistant aux \u00e9claboussures<\/td>\n<\/tr>\n<tr>\n<td>Puissance<\/td>\n<td>Rechargeable par USB<\/td>\n<\/tr>\n<\/tbody>\n<\/table>","protected":false},"excerpt":{"rendered":"<p>\u2022 D\u00e9bordant de plaisir, laissez ce stimulateur de poche se coller \u00e0 votre clitoris.<\/p>\n<p>\u2022 Choisissez parmi 7 r\u00e9glages de succion pour une stimulation clitoridienne intense qui vous fera fr\u00e9mir de plaisir.<\/p>\n<p>\u2022 Le corps incurv\u00e9 en silicone rouge est doux, lisse et confortable dans la main.<\/p>\n<p>\u2022 Rechargeable via USB et dot\u00e9 d'un port auto-obturant pour une utilisation s\u00fbre et r\u00e9sistante aux \u00e9claboussures<\/p>","protected":false},"featured_media":7425,"comment_status":"open","ping_status":"closed","template":"","meta":{"_seopress_robots_primary_cat":"none","_seopress_titles_title":"","_seopress_titles_desc":"","_seopress_robots_index":""},"product_brand":[],"product_cat":[15,133,115],"product_tag":[189,141,188,186,151,161],"class_list":{"0":"post-7421","1":"product","2":"type-product","3":"status-publish","4":"has-post-thumbnail","6":"product_cat-all-products","7":"product_cat-sex-toys","8":"product_cat-vibrators","9":"product_tag-all","10":"product_tag-classic-vibrators","11":"product_tag-couples","12":"product_tag-female","13":"product_tag-quiet-vibrators","14":"product_tag-rechargeable","15":"pa_color-purple","16":"pa_color-red","18":"first","19":"instock","20":"taxable","21":"shipping-taxable","22":"purchasable","23":"product-type-variable","24":"wvs-archive-product-wrapper"},"acf":[],"_links":{"self":[{"href":"https:\/\/tucbo.com\/fr\/wp-json\/wp\/v2\/product\/7421","targetHints":{"allow":["GET"]}}],"collection":[{"href":"https:\/\/tucbo.com\/fr\/wp-json\/wp\/v2\/product"}],"about":[{"href":"https:\/\/tucbo.com\/fr\/wp-json\/wp\/v2\/types\/product"}],"replies":[{"embeddable":true,"href":"https:\/\/tucbo.com\/fr\/wp-json\/wp\/v2\/comments?post=7421"}],"wp:featuredmedia":[{"embeddable":true,"href":"https:\/\/tucbo.com\/fr\/wp-json\/wp\/v2\/media\/7425"}],"wp:attachment":[{"href":"https:\/\/tucbo.com\/fr\/wp-json\/wp\/v2\/media?parent=7421"}],"wp:term":[{"taxonomy":"product_brand","embeddable":true,"href":"https:\/\/tucbo.com\/fr\/wp-json\/wp\/v2\/product_brand?post=7421"},{"taxonomy":"product_cat","embeddable":true,"href":"https:\/\/tucbo.com\/fr\/wp-json\/wp\/v2\/product_cat?post=7421"},{"taxonomy":"product_tag","embeddable":true,"href":"https:\/\/tucbo.com\/fr\/wp-json\/wp\/v2\/product_tag?post=7421"}],"curies":[{"name":"wp","href":"https:\/\/api.w.org\/{rel}","templated":true}]}}