{"id":7411,"date":"2025-08-15T19:28:36","date_gmt":"2025-08-15T11:28:36","guid":{"rendered":"https:\/\/tucbo.com\/?post_type=product&#038;p=7411"},"modified":"2025-08-15T19:29:45","modified_gmt":"2025-08-15T11:29:45","slug":"vibromasseur-a-ondulations-en-silicone-rose","status":"publish","type":"product","link":"https:\/\/tucbo.com\/fr\/product\/vibromasseur-a-ondulations-en-silicone-rose\/","title":{"rendered":"Roller Pink Silicone Wave Vibrator"},"content":{"rendered":"<table class=\"contacttbl\" cellspacing=\"0\">\n<tbody>\n<tr>\n<td>Colour<\/td>\n<td>Pourpre<\/td>\n<\/tr>\n<tr>\n<td>Mat\u00e9riau<\/td>\n<td>Silicone et ABS, sans danger pour le corps et sans phtalates<\/td>\n<\/tr>\n<tr>\n<td>Caract\u00e9ristiques<\/td>\n<td>20 vitesses de vibration et conception lisse et nervur\u00e9e pour intensifier votre stimulation<\/td>\n<\/tr>\n<tr>\n<td>Longueur d'insertion<\/td>\n<td>5,5 pouces<\/td>\n<\/tr>\n<tr>\n<td>Longueur<\/td>\n<td>6,5 pouces<\/td>\n<\/tr>\n<tr>\n<td>Diam\u00e8tre<\/td>\n<td>1,27 pouces<\/td>\n<\/tr>\n<tr>\n<td>Imperm\u00e9able \u00e0 l'eau ?<\/td>\n<td>Oui<\/td>\n<\/tr>\n<tr>\n<td>Puissance<\/td>\n<td>1 pile AA<\/td>\n<\/tr>\n<\/tbody>\n<\/table>","protected":false},"excerpt":{"rendered":"<p>\u2022 D\u00e9couvrez des vitesses constantes et des pulsations parfaites gr\u00e2ce \u00e0 20 r\u00e9glages de vibration.<\/p>\n<p>\u2022 Le corps stri\u00e9 monte et descend pour vous procurer des vagues de plaisir successives.<\/p>\n<p>\u2022 Fabriqu\u00e9 en silicone pour un fini velout\u00e9 et doux<\/p>\n<p>\u2022 Pour allumer votre jouet, veuillez appuyer sur le bouton et le maintenir enfonc\u00e9 pendant cinq secondes.<\/p>","protected":false},"featured_media":7414,"comment_status":"open","ping_status":"closed","template":"","meta":{"_seopress_robots_primary_cat":"none","_seopress_titles_title":"","_seopress_titles_desc":"","_seopress_robots_index":""},"product_brand":[],"product_cat":[15,133,115],"product_tag":[189,163,141,188,186,187],"class_list":{"0":"post-7411","1":"product","2":"type-product","3":"status-publish","4":"has-post-thumbnail","6":"product_cat-all-products","7":"product_cat-sex-toys","8":"product_cat-vibrators","9":"product_tag-all","10":"product_tag-batteries","11":"product_tag-classic-vibrators","12":"product_tag-couples","13":"product_tag-female","14":"product_tag-male","15":"pa_color-purple","17":"first","18":"instock","19":"sale","20":"taxable","21":"shipping-taxable","22":"purchasable","23":"product-type-simple"},"acf":[],"_links":{"self":[{"href":"https:\/\/tucbo.com\/fr\/wp-json\/wp\/v2\/product\/7411","targetHints":{"allow":["GET"]}}],"collection":[{"href":"https:\/\/tucbo.com\/fr\/wp-json\/wp\/v2\/product"}],"about":[{"href":"https:\/\/tucbo.com\/fr\/wp-json\/wp\/v2\/types\/product"}],"replies":[{"embeddable":true,"href":"https:\/\/tucbo.com\/fr\/wp-json\/wp\/v2\/comments?post=7411"}],"wp:featuredmedia":[{"embeddable":true,"href":"https:\/\/tucbo.com\/fr\/wp-json\/wp\/v2\/media\/7414"}],"wp:attachment":[{"href":"https:\/\/tucbo.com\/fr\/wp-json\/wp\/v2\/media?parent=7411"}],"wp:term":[{"taxonomy":"product_brand","embeddable":true,"href":"https:\/\/tucbo.com\/fr\/wp-json\/wp\/v2\/product_brand?post=7411"},{"taxonomy":"product_cat","embeddable":true,"href":"https:\/\/tucbo.com\/fr\/wp-json\/wp\/v2\/product_cat?post=7411"},{"taxonomy":"product_tag","embeddable":true,"href":"https:\/\/tucbo.com\/fr\/wp-json\/wp\/v2\/product_tag?post=7411"}],"curies":[{"name":"wp","href":"https:\/\/api.w.org\/{rel}","templated":true}]}}