{"id":7366,"date":"2025-08-14T21:36:00","date_gmt":"2025-08-14T13:36:00","guid":{"rendered":"https:\/\/tucbo.com\/?post_type=product&#038;p=7366"},"modified":"2025-08-15T15:12:10","modified_gmt":"2025-08-15T07:12:10","slug":"stimulateur-clitoridien-rechargeable-en-silicone-rose","status":"publish","type":"product","link":"https:\/\/tucbo.com\/fr\/product\/stimulateur-clitoridien-rechargeable-en-silicone-rose\/","title":{"rendered":"Stimulateur clitoridien rechargeable en silicone Pink Kiss"},"content":{"rendered":"<table class=\"contacttbl\" cellspacing=\"0\">\n<tbody>\n<tr>\n<td>Colour<\/td>\n<td>Rose<\/td>\n<\/tr>\n<tr>\n<td>Mat\u00e9riau<\/td>\n<td>Silicone et ABS<\/td>\n<\/tr>\n<tr>\n<td>Caract\u00e9ristiques<\/td>\n<td>Jouet stimulant le clitoris avec 10 modes d'aspiration<\/td>\n<\/tr>\n<tr>\n<td>Longueur totale<\/td>\n<td>4,8 pouces<\/td>\n<\/tr>\n<tr>\n<td>Diam\u00e8tre<\/td>\n<td>1,4 pouces<\/td>\n<\/tr>\n<tr>\n<td>Imperm\u00e9able \u00e0 l'eau ?<\/td>\n<td>R\u00e9sistant aux \u00e9claboussures<\/td>\n<\/tr>\n<tr>\n<td>Puissance<\/td>\n<td>USB rechargeable<\/td>\n<\/tr>\n<\/tbody>\n<\/table>","protected":false},"excerpt":{"rendered":"<p>\u2022 D\u00e9couvrez toute une gamme de stimulations silencieuses gr\u00e2ce \u00e0 10 intensit\u00e9s d'impulsions d'air pour des sensations de sexe oral.<\/p>\n<p>\u2022 Silicone de luxe, sans danger pour le corps, avec une finition pastel soyeuse et des d\u00e9tails chrom\u00e9s \u00e9l\u00e9gants.<\/p>\n<p>\u2022 Rechargeable par USB pour un plaisir illimit\u00e9 et facile \u00e0 transporter<\/p>","protected":false},"featured_media":7369,"comment_status":"open","ping_status":"closed","template":"","meta":{"_seopress_robots_primary_cat":"none","_seopress_titles_title":"","_seopress_titles_desc":"","_seopress_robots_index":""},"product_brand":[],"product_cat":[15,133,115],"product_tag":[189,141,188,186,187,161],"class_list":{"0":"post-7366","1":"product","2":"type-product","3":"status-publish","4":"has-post-thumbnail","6":"product_cat-all-products","7":"product_cat-sex-toys","8":"product_cat-vibrators","9":"product_tag-all","10":"product_tag-classic-vibrators","11":"product_tag-couples","12":"product_tag-female","13":"product_tag-male","14":"product_tag-rechargeable","15":"pa_color-pink","17":"first","18":"instock","19":"sale","20":"taxable","21":"shipping-taxable","22":"purchasable","23":"product-type-simple"},"acf":[],"_links":{"self":[{"href":"https:\/\/tucbo.com\/fr\/wp-json\/wp\/v2\/product\/7366","targetHints":{"allow":["GET"]}}],"collection":[{"href":"https:\/\/tucbo.com\/fr\/wp-json\/wp\/v2\/product"}],"about":[{"href":"https:\/\/tucbo.com\/fr\/wp-json\/wp\/v2\/types\/product"}],"replies":[{"embeddable":true,"href":"https:\/\/tucbo.com\/fr\/wp-json\/wp\/v2\/comments?post=7366"}],"wp:featuredmedia":[{"embeddable":true,"href":"https:\/\/tucbo.com\/fr\/wp-json\/wp\/v2\/media\/7369"}],"wp:attachment":[{"href":"https:\/\/tucbo.com\/fr\/wp-json\/wp\/v2\/media?parent=7366"}],"wp:term":[{"taxonomy":"product_brand","embeddable":true,"href":"https:\/\/tucbo.com\/fr\/wp-json\/wp\/v2\/product_brand?post=7366"},{"taxonomy":"product_cat","embeddable":true,"href":"https:\/\/tucbo.com\/fr\/wp-json\/wp\/v2\/product_cat?post=7366"},{"taxonomy":"product_tag","embeddable":true,"href":"https:\/\/tucbo.com\/fr\/wp-json\/wp\/v2\/product_tag?post=7366"}],"curies":[{"name":"wp","href":"https:\/\/api.w.org\/{rel}","templated":true}]}}