{"id":6751,"date":"2025-07-08T22:55:39","date_gmt":"2025-07-08T14:55:39","guid":{"rendered":"https:\/\/tucbo.com\/?post_type=product&#038;p=6751"},"modified":"2025-08-08T15:50:58","modified_gmt":"2025-08-08T07:50:58","slug":"vibromasseur-dinky-dick-black-rose-gold-bullet-35-pouces","status":"publish","type":"product","link":"https:\/\/tucbo.com\/fr\/product\/vibromasseur-dinky-dick-black-rose-gold-bullet-35-pouces\/","title":{"rendered":"Vibromasseur Dinky Dick noir et or rose \u2013 3,5 pouces"},"content":{"rendered":"<table class=\"contacttbl\" cellspacing=\"0\">\n<tbody>\n<tr>\n<td>Colour<\/td>\n<td>Noir et or rose<\/td>\n<\/tr>\n<tr>\n<td>Mat\u00e9riau<\/td>\n<td>Silicone<\/td>\n<\/tr>\n<tr>\n<td>Caract\u00e9ristiques<\/td>\n<td>10 r\u00e9glages de vibration, dont plusieurs vitesses et modes. Format compact pour un transport facile. D\u00e9tail de la t\u00eate, des testicules et des veines.<\/td>\n<\/tr>\n<tr>\n<td>Longueur totale<\/td>\n<td>3,5 pouces<\/td>\n<\/tr>\n<tr>\n<td>Circonf\u00e9rence<\/td>\n<td>2,5 pouces<\/td>\n<\/tr>\n<tr>\n<td>Puissance<\/td>\n<td>USB Pin Rechargeable<\/td>\n<\/tr>\n<\/tbody>\n<\/table>","protected":false},"excerpt":{"rendered":"<p>\u2022 Ce Dinky Dick est plus que petit, il est mini ! Avec ses minuscules veines, sa t\u00eate et ses testicules, les vibrations donnent vie \u00e0 cette balle.<\/p>\n<p>\u2022 10 r\u00e9glages de vibration au choix, avec 3 vitesses d\u00e9croissantes et 7 modes diff\u00e9rents pour atteindre l'orgasme.<\/p>\n<p>\u2022 Conception compacte pour un transport discret sur vous, lors de vos d\u00e9placements en avion, en train ou en voiture.<\/p>\n<p>\u2022 Rechargeable par USB pour jouer encore et encore<\/p>","protected":false},"featured_media":6754,"comment_status":"open","ping_status":"closed","template":"","meta":{"_seopress_robots_primary_cat":"none","_seopress_titles_title":"","_seopress_titles_desc":"","_seopress_robots_index":""},"product_brand":[],"product_cat":[15,133,115],"product_tag":[189,139,186,187,161],"class_list":{"0":"post-6751","1":"product","2":"type-product","3":"status-publish","4":"has-post-thumbnail","6":"product_cat-all-products","7":"product_cat-sex-toys","8":"product_cat-vibrators","9":"product_tag-all","10":"product_tag-bullet-vibrators","11":"product_tag-female","12":"product_tag-male","13":"product_tag-rechargeable","14":"pa_color-black","16":"first","17":"instock","18":"taxable","19":"shipping-taxable","20":"purchasable","21":"product-type-variable","22":"wvs-archive-product-wrapper"},"acf":[],"_links":{"self":[{"href":"https:\/\/tucbo.com\/fr\/wp-json\/wp\/v2\/product\/6751","targetHints":{"allow":["GET"]}}],"collection":[{"href":"https:\/\/tucbo.com\/fr\/wp-json\/wp\/v2\/product"}],"about":[{"href":"https:\/\/tucbo.com\/fr\/wp-json\/wp\/v2\/types\/product"}],"replies":[{"embeddable":true,"href":"https:\/\/tucbo.com\/fr\/wp-json\/wp\/v2\/comments?post=6751"}],"wp:featuredmedia":[{"embeddable":true,"href":"https:\/\/tucbo.com\/fr\/wp-json\/wp\/v2\/media\/6754"}],"wp:attachment":[{"href":"https:\/\/tucbo.com\/fr\/wp-json\/wp\/v2\/media?parent=6751"}],"wp:term":[{"taxonomy":"product_brand","embeddable":true,"href":"https:\/\/tucbo.com\/fr\/wp-json\/wp\/v2\/product_brand?post=6751"},{"taxonomy":"product_cat","embeddable":true,"href":"https:\/\/tucbo.com\/fr\/wp-json\/wp\/v2\/product_cat?post=6751"},{"taxonomy":"product_tag","embeddable":true,"href":"https:\/\/tucbo.com\/fr\/wp-json\/wp\/v2\/product_tag?post=6751"}],"curies":[{"name":"wp","href":"https:\/\/api.w.org\/{rel}","templated":true}]}}