{"id":6736,"date":"2025-07-08T22:48:00","date_gmt":"2025-07-08T14:48:00","guid":{"rendered":"https:\/\/tucbo.com\/?post_type=product&#038;p=6736"},"modified":"2025-08-08T15:52:47","modified_gmt":"2025-08-08T07:52:47","slug":"tirez-votre-tirage-argent-multi-vitesse-balles-vibrateur","status":"publish","type":"product","link":"https:\/\/tucbo.com\/fr\/product\/tirez-votre-tirage-argent-multi-vitesse-balles-vibrateur\/","title":{"rendered":"Shoot Your Shot Silver Multi-Speed Bullet Vibrator (Vibrateur \u00e0 balles \u00e0 plusieurs vitesses)"},"content":{"rendered":"<table class=\"contacttbl\" cellspacing=\"0\">\n<tbody>\n<tr>\n<td>Colour<\/td>\n<td>Argent<\/td>\n<\/tr>\n<tr>\n<td>Mat\u00e9riau<\/td>\n<td>ABS<\/td>\n<\/tr>\n<tr>\n<td>Caract\u00e9ristiques<\/td>\n<td>Embout conique lisse, avec un capuchon rotatif \u00e0 la base pour des r\u00e9glages fonctionnels.<\/td>\n<\/tr>\n<tr>\n<td>Longueur totale<\/td>\n<td>5,5 pouces<\/td>\n<\/tr>\n<tr>\n<td>Longueur d'insertion<\/td>\n<td>4,5 pouces<\/td>\n<\/tr>\n<tr>\n<td>Diam\u00e8tre<\/td>\n<td>1 pouce<\/td>\n<\/tr>\n<tr>\n<td>Imperm\u00e9able \u00e0 l'eau<\/td>\n<td>Non<\/td>\n<\/tr>\n<tr>\n<td>Puissance<\/td>\n<td>1x piles AA (non incluses)<\/td>\n<\/tr>\n<\/tbody>\n<\/table>","protected":false},"excerpt":{"rendered":"<p>- Petite balle effil\u00e9e pour une stimulation \u00e9rog\u00e8ne cibl\u00e9e - Premier jouet id\u00e9al<\/p>\n<p>- Les commandes de la base tournante vous permettent d'augmenter l'intensit\u00e9 rapidement et facilement.<\/p>\n<p>- Un format de poche parfait pour un plaisir discret et facile \u00e0 transporter !<\/p>\n<p>- Le bo\u00eetier argent\u00e9 brillant est un ajout accrocheur \u00e0 votre collection.<\/p>","protected":false},"featured_media":6740,"comment_status":"open","ping_status":"closed","template":"","meta":{"_seopress_robots_primary_cat":"none","_seopress_titles_title":"","_seopress_titles_desc":"","_seopress_robots_index":""},"product_brand":[],"product_cat":[15,133,115],"product_tag":[189,163,139,186],"class_list":{"0":"post-6736","1":"product","2":"type-product","3":"status-publish","4":"has-post-thumbnail","6":"product_cat-all-products","7":"product_cat-sex-toys","8":"product_cat-vibrators","9":"product_tag-all","10":"product_tag-batteries","11":"product_tag-bullet-vibrators","12":"product_tag-female","13":"pa_color-silver","15":"first","16":"instock","17":"taxable","18":"shipping-taxable","19":"purchasable","20":"product-type-variable","21":"wvs-archive-product-wrapper"},"acf":[],"_links":{"self":[{"href":"https:\/\/tucbo.com\/fr\/wp-json\/wp\/v2\/product\/6736","targetHints":{"allow":["GET"]}}],"collection":[{"href":"https:\/\/tucbo.com\/fr\/wp-json\/wp\/v2\/product"}],"about":[{"href":"https:\/\/tucbo.com\/fr\/wp-json\/wp\/v2\/types\/product"}],"replies":[{"embeddable":true,"href":"https:\/\/tucbo.com\/fr\/wp-json\/wp\/v2\/comments?post=6736"}],"wp:featuredmedia":[{"embeddable":true,"href":"https:\/\/tucbo.com\/fr\/wp-json\/wp\/v2\/media\/6740"}],"wp:attachment":[{"href":"https:\/\/tucbo.com\/fr\/wp-json\/wp\/v2\/media?parent=6736"}],"wp:term":[{"taxonomy":"product_brand","embeddable":true,"href":"https:\/\/tucbo.com\/fr\/wp-json\/wp\/v2\/product_brand?post=6736"},{"taxonomy":"product_cat","embeddable":true,"href":"https:\/\/tucbo.com\/fr\/wp-json\/wp\/v2\/product_cat?post=6736"},{"taxonomy":"product_tag","embeddable":true,"href":"https:\/\/tucbo.com\/fr\/wp-json\/wp\/v2\/product_tag?post=6736"}],"curies":[{"name":"wp","href":"https:\/\/api.w.org\/{rel}","templated":true}]}}