{"id":6719,"date":"2025-07-07T22:53:22","date_gmt":"2025-07-07T14:53:22","guid":{"rendered":"https:\/\/tucbo.com\/?post_type=product&#038;p=6719"},"modified":"2025-08-08T15:55:24","modified_gmt":"2025-08-08T07:55:24","slug":"vibrateur-a-doigts-rechargeable-et-tactile","status":"publish","type":"product","link":"https:\/\/tucbo.com\/fr\/product\/vibrateur-a-doigts-rechargeable-et-tactile\/","title":{"rendered":"Vibrateur \u00e0 doigt rechargeable Touchy Feely"},"content":{"rendered":"<table class=\"contacttbl\" cellspacing=\"0\">\n<tbody>\n<tr>\n<td>Colour<\/td>\n<td>Pourpre<\/td>\n<\/tr>\n<tr>\n<td>Mat\u00e9riau<\/td>\n<td>Silicone et ABS argent\u00e9<\/td>\n<\/tr>\n<tr>\n<td>Caract\u00e9ristiques<\/td>\n<td>Doigt vibrant 10 modes avec texture bossel\u00e9e pour intensifier la stimulation et ajouter plus de plaisir \u00e0 vos orgasmes<\/td>\n<\/tr>\n<tr>\n<td>Longueur totale<\/td>\n<td>3,6 pouces<\/td>\n<\/tr>\n<tr>\n<td>Diam\u00e8tre<\/td>\n<td>1 pouce<\/td>\n<\/tr>\n<tr>\n<td>Imperm\u00e9able \u00e0 l'eau ?<\/td>\n<td>Non<\/td>\n<\/tr>\n<tr>\n<td>Puissance<\/td>\n<td>USB rechargeable<\/td>\n<\/tr>\n<\/tbody>\n<\/table>","protected":false},"excerpt":{"rendered":"<p>- Le jouet clitoridien ultra puissant met du piquant dans les jeux de doigts pour le plaisir en solo ou en couple<\/p>\n<p>- L'embout incurv\u00e9 concentre 10 modes de vibration intenses et silencieux directement sur vos zones sensibles.<\/p>\n<p>- La texture de la bosse du plaisir stimule la stimulation dans un silicone violet soyeux.<\/p>\n<p>- L'anneau extensible se glisse sur l'index pour un contr\u00f4le sans effort.<\/p>\n<p>- Discret et rechargeable par USB - parfait pour \u00eatre gliss\u00e9 dans votre sac \u00e0 main !<\/p>\n<p>- Les fortes vibrations sont id\u00e9ales pour les utilisateurs peu sensibles<\/p>","protected":false},"featured_media":6723,"comment_status":"open","ping_status":"closed","template":"","meta":{"_seopress_robots_primary_cat":"none","_seopress_titles_title":"","_seopress_titles_desc":"","_seopress_robots_index":""},"product_brand":[],"product_cat":[15,133,115],"product_tag":[189,139,186,187,161],"class_list":{"0":"post-6719","1":"product","2":"type-product","3":"status-publish","4":"has-post-thumbnail","6":"product_cat-all-products","7":"product_cat-sex-toys","8":"product_cat-vibrators","9":"product_tag-all","10":"product_tag-bullet-vibrators","11":"product_tag-female","12":"product_tag-male","13":"product_tag-rechargeable","14":"pa_color-purple","16":"first","17":"instock","18":"taxable","19":"shipping-taxable","20":"purchasable","21":"product-type-variable","22":"wvs-archive-product-wrapper"},"acf":[],"_links":{"self":[{"href":"https:\/\/tucbo.com\/fr\/wp-json\/wp\/v2\/product\/6719","targetHints":{"allow":["GET"]}}],"collection":[{"href":"https:\/\/tucbo.com\/fr\/wp-json\/wp\/v2\/product"}],"about":[{"href":"https:\/\/tucbo.com\/fr\/wp-json\/wp\/v2\/types\/product"}],"replies":[{"embeddable":true,"href":"https:\/\/tucbo.com\/fr\/wp-json\/wp\/v2\/comments?post=6719"}],"wp:featuredmedia":[{"embeddable":true,"href":"https:\/\/tucbo.com\/fr\/wp-json\/wp\/v2\/media\/6723"}],"wp:attachment":[{"href":"https:\/\/tucbo.com\/fr\/wp-json\/wp\/v2\/media?parent=6719"}],"wp:term":[{"taxonomy":"product_brand","embeddable":true,"href":"https:\/\/tucbo.com\/fr\/wp-json\/wp\/v2\/product_brand?post=6719"},{"taxonomy":"product_cat","embeddable":true,"href":"https:\/\/tucbo.com\/fr\/wp-json\/wp\/v2\/product_cat?post=6719"},{"taxonomy":"product_tag","embeddable":true,"href":"https:\/\/tucbo.com\/fr\/wp-json\/wp\/v2\/product_tag?post=6719"}],"curies":[{"name":"wp","href":"https:\/\/api.w.org\/{rel}","templated":true}]}}