{"id":6711,"date":"2025-07-07T22:45:48","date_gmt":"2025-07-07T14:45:48","guid":{"rendered":"https:\/\/tucbo.com\/?post_type=product&#038;p=6711"},"modified":"2025-08-08T15:56:10","modified_gmt":"2025-08-08T07:56:10","slug":"tucbo-hop-to-it-mint-silicone-10-fonction-bullet-vibrator","status":"publish","type":"product","link":"https:\/\/tucbo.com\/fr\/product\/tucbo-hop-to-it-mint-silicone-10-fonction-bullet-vibrator\/","title":{"rendered":"Tucbo Hop To It Mint Silicone 10 Function Bullet Vibrator"},"content":{"rendered":"<table class=\"contacttbl\" cellspacing=\"0\">\n<tbody>\n<tr>\n<td>Colour<\/td>\n<td>Vert menthe<\/td>\n<\/tr>\n<tr>\n<td>Mat\u00e9riau<\/td>\n<td>Silicone<\/td>\n<\/tr>\n<tr>\n<td>Caract\u00e9ristiques<\/td>\n<td>Vibrateur \u00e0 10 fonctions avec oreilles de lapin. Id\u00e9al pour la stimulation du clitoris et des mamelons.<\/td>\n<\/tr>\n<tr>\n<td>Longueur totale<\/td>\n<td>3,07 pouces<\/td>\n<\/tr>\n<tr>\n<td>Diam\u00e8tre<\/td>\n<td>0.9 pouces<\/td>\n<\/tr>\n<tr>\n<td>Imperm\u00e9able \u00e0 l'eau ?<\/td>\n<td>Non<\/td>\n<\/tr>\n<tr>\n<td>Puissance<\/td>\n<td>3 piles LR44 (non incluses)<\/td>\n<\/tr>\n<\/tbody>\n<\/table>","protected":false},"excerpt":{"rendered":"<p>- Vous aurez envie de sauter dans le lit avec cette balle qui bourdonne.<\/p>\n<p>- Ce collier \u00e0 queue de coq permet de varier les vibrations en fonction de 10 param\u00e8tres diff\u00e9rents.<\/p>\n<p>- Les oreilles en silicone vertes et douces ajoutent un plaisir suppl\u00e9mentaire \u00e0 vos zones \u00e9rog\u00e8nes.<\/p>\n<p>- Vibrateur miniature de 3 pouces ; parfait pour les pr\u00e9liminaires en couple ou comme premier jouet sexuel<\/p>","protected":false},"featured_media":6715,"comment_status":"open","ping_status":"closed","template":"","meta":{"_seopress_robots_primary_cat":"none","_seopress_titles_title":"","_seopress_titles_desc":"","_seopress_robots_index":""},"product_brand":[],"product_cat":[15,133,115],"product_tag":[189,163,139,188,186,187],"class_list":{"0":"post-6711","1":"product","2":"type-product","3":"status-publish","4":"has-post-thumbnail","6":"product_cat-all-products","7":"product_cat-sex-toys","8":"product_cat-vibrators","9":"product_tag-all","10":"product_tag-batteries","11":"product_tag-bullet-vibrators","12":"product_tag-couples","13":"product_tag-female","14":"product_tag-male","15":"pa_color-green","17":"first","18":"instock","19":"taxable","20":"shipping-taxable","21":"purchasable","22":"product-type-variable","23":"wvs-archive-product-wrapper"},"acf":[],"_links":{"self":[{"href":"https:\/\/tucbo.com\/fr\/wp-json\/wp\/v2\/product\/6711","targetHints":{"allow":["GET"]}}],"collection":[{"href":"https:\/\/tucbo.com\/fr\/wp-json\/wp\/v2\/product"}],"about":[{"href":"https:\/\/tucbo.com\/fr\/wp-json\/wp\/v2\/types\/product"}],"replies":[{"embeddable":true,"href":"https:\/\/tucbo.com\/fr\/wp-json\/wp\/v2\/comments?post=6711"}],"wp:featuredmedia":[{"embeddable":true,"href":"https:\/\/tucbo.com\/fr\/wp-json\/wp\/v2\/media\/6715"}],"wp:attachment":[{"href":"https:\/\/tucbo.com\/fr\/wp-json\/wp\/v2\/media?parent=6711"}],"wp:term":[{"taxonomy":"product_brand","embeddable":true,"href":"https:\/\/tucbo.com\/fr\/wp-json\/wp\/v2\/product_brand?post=6711"},{"taxonomy":"product_cat","embeddable":true,"href":"https:\/\/tucbo.com\/fr\/wp-json\/wp\/v2\/product_cat?post=6711"},{"taxonomy":"product_tag","embeddable":true,"href":"https:\/\/tucbo.com\/fr\/wp-json\/wp\/v2\/product_tag?post=6711"}],"curies":[{"name":"wp","href":"https:\/\/api.w.org\/{rel}","templated":true}]}}