{"id":6704,"date":"2025-07-07T22:41:33","date_gmt":"2025-07-07T14:41:33","guid":{"rendered":"https:\/\/tucbo.com\/?post_type=product&#038;p=6704"},"modified":"2025-08-08T15:58:38","modified_gmt":"2025-08-08T07:58:38","slug":"bombshell-silver-multi-speed-classic-vibrator","status":"publish","type":"product","link":"https:\/\/tucbo.com\/fr\/product\/bombshell-silver-multi-speed-classic-vibrator\/","title":{"rendered":"Bombshell Silver Multi-Speed Classic Vibrator"},"content":{"rendered":"<table class=\"contacttbl\" cellspacing=\"0\">\n<tbody>\n<tr>\n<td>Colour<\/td>\n<td>Argent<\/td>\n<\/tr>\n<tr>\n<td>Mat\u00e9riau<\/td>\n<td>ABS<\/td>\n<\/tr>\n<tr>\n<td>Caract\u00e9ristiques<\/td>\n<td>Capuchon rotatif \u00e0 la base pour les r\u00e9glages de vibration. Extr\u00e9mit\u00e9 lisse et effil\u00e9e pour une stimulation cibl\u00e9e.<\/td>\n<\/tr>\n<tr>\n<td>Longueur totale<\/td>\n<td>7 pouces<\/td>\n<\/tr>\n<tr>\n<td>Longueur d'insertion<\/td>\n<td>6 pouces<\/td>\n<\/tr>\n<tr>\n<td>Diam\u00e8tre<\/td>\n<td>1 pouce<\/td>\n<\/tr>\n<tr>\n<td>Imperm\u00e9able \u00e0 l'eau<\/td>\n<td>Non<\/td>\n<\/tr>\n<tr>\n<td>Puissance<\/td>\n<td>2 x piles AA (non incluses)<\/td>\n<\/tr>\n<\/tbody>\n<\/table>","protected":false},"excerpt":{"rendered":"<p>- Explorez les zones \u00e9rog\u00e8nes internes et externes avec ce vibromasseur intemporel.<\/p>\n<p>- Augmentez l'intensit\u00e9 de votre s\u00e9ance gr\u00e2ce \u00e0 la commande de base rotative \u00e0 plusieurs vitesses.<\/p>\n<p>- Forme argent\u00e9e lisse et effil\u00e9e con\u00e7ue pour une stimulation cibl\u00e9e<\/p>\n<p>- Il suffit d'ajouter 2 piles AA (non incluses) et le plaisir commence !<\/p>","protected":false},"featured_media":6708,"comment_status":"open","ping_status":"closed","template":"","meta":{"_seopress_robots_primary_cat":"none","_seopress_titles_title":"","_seopress_titles_desc":"","_seopress_robots_index":""},"product_brand":[],"product_cat":[15,133,115],"product_tag":[189,139,188,186,187,161],"class_list":{"0":"post-6704","1":"product","2":"type-product","3":"status-publish","4":"has-post-thumbnail","6":"product_cat-all-products","7":"product_cat-sex-toys","8":"product_cat-vibrators","9":"product_tag-all","10":"product_tag-bullet-vibrators","11":"product_tag-couples","12":"product_tag-female","13":"product_tag-male","14":"product_tag-rechargeable","15":"pa_color-silver","17":"first","18":"instock","19":"taxable","20":"shipping-taxable","21":"purchasable","22":"product-type-variable","23":"wvs-archive-product-wrapper"},"acf":[],"_links":{"self":[{"href":"https:\/\/tucbo.com\/fr\/wp-json\/wp\/v2\/product\/6704","targetHints":{"allow":["GET"]}}],"collection":[{"href":"https:\/\/tucbo.com\/fr\/wp-json\/wp\/v2\/product"}],"about":[{"href":"https:\/\/tucbo.com\/fr\/wp-json\/wp\/v2\/types\/product"}],"replies":[{"embeddable":true,"href":"https:\/\/tucbo.com\/fr\/wp-json\/wp\/v2\/comments?post=6704"}],"wp:featuredmedia":[{"embeddable":true,"href":"https:\/\/tucbo.com\/fr\/wp-json\/wp\/v2\/media\/6708"}],"wp:attachment":[{"href":"https:\/\/tucbo.com\/fr\/wp-json\/wp\/v2\/media?parent=6704"}],"wp:term":[{"taxonomy":"product_brand","embeddable":true,"href":"https:\/\/tucbo.com\/fr\/wp-json\/wp\/v2\/product_brand?post=6704"},{"taxonomy":"product_cat","embeddable":true,"href":"https:\/\/tucbo.com\/fr\/wp-json\/wp\/v2\/product_cat?post=6704"},{"taxonomy":"product_tag","embeddable":true,"href":"https:\/\/tucbo.com\/fr\/wp-json\/wp\/v2\/product_tag?post=6704"}],"curies":[{"name":"wp","href":"https:\/\/api.w.org\/{rel}","templated":true}]}}