{"id":6625,"date":"2025-07-06T14:32:28","date_gmt":"2025-07-06T06:32:28","guid":{"rendered":"https:\/\/tucbo.com\/?post_type=product&#038;p=6625"},"modified":"2025-08-08T21:01:52","modified_gmt":"2025-08-08T13:01:52","slug":"vibromasseur-rechargeable-en-metal-avec-fonction-douceur","status":"publish","type":"product","link":"https:\/\/tucbo.com\/fr\/product\/vibromasseur-rechargeable-en-metal-avec-fonction-douceur\/","title":{"rendered":"Vibromasseur rechargeable Sweet Talk Metal"},"content":{"rendered":"<table class=\"contacttbl\" cellspacing=\"0\">\n<tbody>\n<tr>\n<td>Colour<\/td>\n<td>Or rose<\/td>\n<\/tr>\n<tr>\n<td>Mat\u00e9riau<\/td>\n<td>Metal<\/td>\n<\/tr>\n<tr>\n<td>ABS et silicone<\/td>\n<td>Ce produit ne contient ni latex ni phtalates.<\/td>\n<\/tr>\n<tr>\n<td>Caract\u00e9ristiques<\/td>\n<td>10 r\u00e9glages de vibration puissants, bouton poussoir facile \u00e0 utiliser, design \u00e9l\u00e9gant pour une stimulation externe ultime.<\/td>\n<\/tr>\n<tr>\n<td>Longueur totale<\/td>\n<td>3,75 pouces<\/td>\n<\/tr>\n<tr>\n<td>Diam\u00e8tre<\/td>\n<td>0,6 pouce<\/td>\n<\/tr>\n<tr>\n<td>Imperm\u00e9able \u00e0 l'eau<\/td>\n<td>Oui<\/td>\n<\/tr>\n<tr>\n<td>Puissance<\/td>\n<td>Rechargeable par USB<\/td>\n<\/tr>\n<tr>\n<td>Bon pour<\/td>\n<td>Les personnes qui ont une faible sensibilit\u00e9<\/td>\n<\/tr>\n<\/tbody>\n<\/table>","protected":false},"excerpt":{"rendered":"<p>Magnifique balle en or rose pour des nuits et des nuits de tentation orgasmique.<\/p>\n<p>\u2022 D\u00e9couvrez des vitesses r\u00e9guli\u00e8res et des modes stimulants gr\u00e2ce \u00e0 10 modes de vibration.<\/p>\n<p>\u2022 Design \u00e9l\u00e9gant, \u00e9quip\u00e9 d'une batterie rechargeable USB puissante<\/p>\n<p>\u2022 Les vibrations intenses et concentr\u00e9es sont \u00e9galement b\u00e9n\u00e9fiques pour les utilisateurs ayant une faible sensibilit\u00e9.<\/p>","protected":false},"featured_media":6628,"comment_status":"open","ping_status":"closed","template":"","meta":{"_seopress_robots_primary_cat":"none","_seopress_titles_title":"","_seopress_titles_desc":"","_seopress_robots_index":""},"product_brand":[],"product_cat":[15,133,115],"product_tag":[189,139,188,186,187,161],"class_list":{"0":"post-6625","1":"product","2":"type-product","3":"status-publish","4":"has-post-thumbnail","6":"product_cat-all-products","7":"product_cat-sex-toys","8":"product_cat-vibrators","9":"product_tag-all","10":"product_tag-bullet-vibrators","11":"product_tag-couples","12":"product_tag-female","13":"product_tag-male","14":"product_tag-rechargeable","15":"pa_color-rose-gold","17":"first","18":"instock","19":"taxable","20":"shipping-taxable","21":"purchasable","22":"product-type-variable","23":"wvs-archive-product-wrapper"},"acf":[],"_links":{"self":[{"href":"https:\/\/tucbo.com\/fr\/wp-json\/wp\/v2\/product\/6625","targetHints":{"allow":["GET"]}}],"collection":[{"href":"https:\/\/tucbo.com\/fr\/wp-json\/wp\/v2\/product"}],"about":[{"href":"https:\/\/tucbo.com\/fr\/wp-json\/wp\/v2\/types\/product"}],"replies":[{"embeddable":true,"href":"https:\/\/tucbo.com\/fr\/wp-json\/wp\/v2\/comments?post=6625"}],"wp:featuredmedia":[{"embeddable":true,"href":"https:\/\/tucbo.com\/fr\/wp-json\/wp\/v2\/media\/6628"}],"wp:attachment":[{"href":"https:\/\/tucbo.com\/fr\/wp-json\/wp\/v2\/media?parent=6625"}],"wp:term":[{"taxonomy":"product_brand","embeddable":true,"href":"https:\/\/tucbo.com\/fr\/wp-json\/wp\/v2\/product_brand?post=6625"},{"taxonomy":"product_cat","embeddable":true,"href":"https:\/\/tucbo.com\/fr\/wp-json\/wp\/v2\/product_cat?post=6625"},{"taxonomy":"product_tag","embeddable":true,"href":"https:\/\/tucbo.com\/fr\/wp-json\/wp\/v2\/product_tag?post=6625"}],"curies":[{"name":"wp","href":"https:\/\/api.w.org\/{rel}","templated":true}]}}