{"id":6608,"date":"2025-07-05T15:51:44","date_gmt":"2025-07-05T07:51:44","guid":{"rendered":"https:\/\/tucbo.com\/?post_type=product&#038;p=6608"},"modified":"2025-08-08T21:02:36","modified_gmt":"2025-08-08T13:02:36","slug":"tucbo-clit-rider-silver-10-function-rechargeable-bullet-vibe","status":"publish","type":"product","link":"https:\/\/tucbo.com\/fr\/product\/tucbo-clit-rider-silver-10-function-rechargeable-bullet-vibe\/","title":{"rendered":"Tucbo Clit-Rider Silver 10 Function Rechargeable Bullet Vibe"},"content":{"rendered":"<table class=\"contacttbl\" cellspacing=\"0\">\n<tbody>\n<tr>\n<td>Colour<\/td>\n<td>Argent<\/td>\n<\/tr>\n<tr>\n<td>Mat\u00e9riau<\/td>\n<td>Plastique ABS<\/td>\n<\/tr>\n<tr>\n<td>Caract\u00e9ristiques<\/td>\n<td>10 niveaux de vibration puissants, extr\u00e9mit\u00e9 pointue pour une stimulation externe pr\u00e9cise<\/td>\n<\/tr>\n<tr>\n<td>Longueur<\/td>\n<td>3,5 pouces<\/td>\n<\/tr>\n<tr>\n<td>Diam\u00e8tre<\/td>\n<td>0.5 pouces<\/td>\n<\/tr>\n<tr>\n<td>Imperm\u00e9able \u00e0 l'eau<\/td>\n<td>Oui<\/td>\n<\/tr>\n<tr>\n<td>Puissance<\/td>\n<td>Rechargeable<\/td>\n<\/tr>\n<\/tbody>\n<\/table>","protected":false},"excerpt":{"rendered":"<p>Vibrateur \u00e0 bulles pour la stimulation clitoridienne ou le plaisir d\u00e9licieux de l'insertion<\/p>\n<p>- Vibrations \u00e0 10 fonctions pour des vibrations lentes et sensuelles ou rapides et vigoureuses<\/p>\n<p>- \u00c9l\u00e9gante et discr\u00e8te, cette balle vous permettra de ne pas vous rendre compte de ce qui vous est arriv\u00e9.<\/p>\n<p>- Enti\u00e8rement rechargeable et compl\u00e8tement \u00e9tanche pour une utilisation prolong\u00e9e dans le bain ou sous la douche<\/p>","protected":false},"featured_media":6611,"comment_status":"open","ping_status":"closed","template":"","meta":{"_seopress_robots_primary_cat":"none","_seopress_titles_title":"","_seopress_titles_desc":"","_seopress_robots_index":""},"product_brand":[],"product_cat":[15,133,115],"product_tag":[189,139,188,186,187,161],"class_list":{"0":"post-6608","1":"product","2":"type-product","3":"status-publish","4":"has-post-thumbnail","6":"product_cat-all-products","7":"product_cat-sex-toys","8":"product_cat-vibrators","9":"product_tag-all","10":"product_tag-bullet-vibrators","11":"product_tag-couples","12":"product_tag-female","13":"product_tag-male","14":"product_tag-rechargeable","15":"pa_color-silver","17":"first","18":"instock","19":"taxable","20":"shipping-taxable","21":"purchasable","22":"product-type-variable","23":"wvs-archive-product-wrapper"},"acf":[],"_links":{"self":[{"href":"https:\/\/tucbo.com\/fr\/wp-json\/wp\/v2\/product\/6608","targetHints":{"allow":["GET"]}}],"collection":[{"href":"https:\/\/tucbo.com\/fr\/wp-json\/wp\/v2\/product"}],"about":[{"href":"https:\/\/tucbo.com\/fr\/wp-json\/wp\/v2\/types\/product"}],"replies":[{"embeddable":true,"href":"https:\/\/tucbo.com\/fr\/wp-json\/wp\/v2\/comments?post=6608"}],"wp:featuredmedia":[{"embeddable":true,"href":"https:\/\/tucbo.com\/fr\/wp-json\/wp\/v2\/media\/6611"}],"wp:attachment":[{"href":"https:\/\/tucbo.com\/fr\/wp-json\/wp\/v2\/media?parent=6608"}],"wp:term":[{"taxonomy":"product_brand","embeddable":true,"href":"https:\/\/tucbo.com\/fr\/wp-json\/wp\/v2\/product_brand?post=6608"},{"taxonomy":"product_cat","embeddable":true,"href":"https:\/\/tucbo.com\/fr\/wp-json\/wp\/v2\/product_cat?post=6608"},{"taxonomy":"product_tag","embeddable":true,"href":"https:\/\/tucbo.com\/fr\/wp-json\/wp\/v2\/product_tag?post=6608"}],"curies":[{"name":"wp","href":"https:\/\/api.w.org\/{rel}","templated":true}]}}