{"id":6594,"date":"2025-07-05T15:43:21","date_gmt":"2025-07-05T07:43:21","guid":{"rendered":"https:\/\/tucbo.com\/?post_type=product&#038;p=6594"},"modified":"2025-08-08T21:03:51","modified_gmt":"2025-08-08T13:03:51","slug":"mon-amour-love-bomb-purple-16-fonction-rechargeable-bullet-vibe","status":"publish","type":"product","link":"https:\/\/tucbo.com\/fr\/product\/mon-amour-love-bomb-purple-16-fonction-rechargeable-bullet-vibe\/","title":{"rendered":"Mon Amour Love Bomb Purple 16 Function Rechargeable Bullet Vibe"},"content":{"rendered":"<table class=\"contacttbl\" cellspacing=\"0\">\n<tbody>\n<tr>\n<td>Colour<\/td>\n<td>Pourpre<\/td>\n<\/tr>\n<tr>\n<td>Mat\u00e9riau<\/td>\n<td>ABS et silicone<\/td>\n<\/tr>\n<tr>\n<td>ABS et silicone<\/td>\n<td>Ce produit ne contient ni latex ni phtalates.<\/td>\n<\/tr>\n<tr>\n<td>Caract\u00e9ristiques<\/td>\n<td>16 mod\u00e8les de vibrations variables, format pratique pour le voyage<\/td>\n<\/tr>\n<tr>\n<td>Longueur d'insertion<\/td>\n<td>3 pouces<\/td>\n<\/tr>\n<tr>\n<td>Longueur totale<\/td>\n<td>4,6 pouces<\/td>\n<\/tr>\n<tr>\n<td>Diam\u00e8tre<\/td>\n<td>1.25 pouces<\/td>\n<\/tr>\n<tr>\n<td>Puissance<\/td>\n<td>Rechargeable par USB<\/td>\n<\/tr>\n<\/tbody>\n<\/table>","protected":false},"excerpt":{"rendered":"<p>- Le vibrateur de poche met un plaisir puissant entre vos mains<\/p>\n<p>- Explorez 16 intensit\u00e9s et mod\u00e8les de vibrations profondes et grin\u00e7antes<\/p>\n<p>- Convivial et discret, le chargement par USB permet une utilisation rapide et pratique.<\/p>\n<p>- Le silicone sans danger pour le corps est ultra-doux et pr\u00e9sente une finition lisse de couleur violette.<\/p>","protected":false},"featured_media":6598,"comment_status":"open","ping_status":"closed","template":"","meta":{"_seopress_robots_primary_cat":"none","_seopress_titles_title":"","_seopress_titles_desc":"","_seopress_robots_index":""},"product_brand":[],"product_cat":[15,133,115],"product_tag":[189,139,188,186,187,161],"class_list":{"0":"post-6594","1":"product","2":"type-product","3":"status-publish","4":"has-post-thumbnail","6":"product_cat-all-products","7":"product_cat-sex-toys","8":"product_cat-vibrators","9":"product_tag-all","10":"product_tag-bullet-vibrators","11":"product_tag-couples","12":"product_tag-female","13":"product_tag-male","14":"product_tag-rechargeable","15":"pa_color-purple","17":"first","18":"instock","19":"taxable","20":"shipping-taxable","21":"purchasable","22":"product-type-variable","23":"wvs-archive-product-wrapper"},"acf":[],"_links":{"self":[{"href":"https:\/\/tucbo.com\/fr\/wp-json\/wp\/v2\/product\/6594","targetHints":{"allow":["GET"]}}],"collection":[{"href":"https:\/\/tucbo.com\/fr\/wp-json\/wp\/v2\/product"}],"about":[{"href":"https:\/\/tucbo.com\/fr\/wp-json\/wp\/v2\/types\/product"}],"replies":[{"embeddable":true,"href":"https:\/\/tucbo.com\/fr\/wp-json\/wp\/v2\/comments?post=6594"}],"wp:featuredmedia":[{"embeddable":true,"href":"https:\/\/tucbo.com\/fr\/wp-json\/wp\/v2\/media\/6598"}],"wp:attachment":[{"href":"https:\/\/tucbo.com\/fr\/wp-json\/wp\/v2\/media?parent=6594"}],"wp:term":[{"taxonomy":"product_brand","embeddable":true,"href":"https:\/\/tucbo.com\/fr\/wp-json\/wp\/v2\/product_brand?post=6594"},{"taxonomy":"product_cat","embeddable":true,"href":"https:\/\/tucbo.com\/fr\/wp-json\/wp\/v2\/product_cat?post=6594"},{"taxonomy":"product_tag","embeddable":true,"href":"https:\/\/tucbo.com\/fr\/wp-json\/wp\/v2\/product_tag?post=6594"}],"curies":[{"name":"wp","href":"https:\/\/api.w.org\/{rel}","templated":true}]}}