{"id":6528,"date":"2025-06-28T09:51:33","date_gmt":"2025-06-28T01:51:33","guid":{"rendered":"https:\/\/tucbo.com\/?post_type=product&#038;p=6528"},"modified":"2025-08-08T21:07:49","modified_gmt":"2025-08-08T13:07:49","slug":"rose-sauvage-rouge-rechargeable-bullet-vibrator","status":"publish","type":"product","link":"https:\/\/tucbo.com\/fr\/product\/rose-sauvage-rouge-rechargeable-bullet-vibrator\/","title":{"rendered":"Vibrateur \u00e0 bulles rechargeable Wild Rose Red"},"content":{"rendered":"<table class=\"contacttbl\" cellspacing=\"0\">\n<tbody>\n<tr>\n<td>Colour<\/td>\n<td>Rouge et argent<\/td>\n<\/tr>\n<tr>\n<td>Mat\u00e9riau<\/td>\n<td>Silicone et ABS<\/td>\n<\/tr>\n<tr>\n<td>Caract\u00e9ristiques<\/td>\n<td>Petite balle rechargeable avec 10 modes de vibration<\/td>\n<\/tr>\n<tr>\n<td>Longueur totale<\/td>\n<td>3,5 pouces<\/td>\n<\/tr>\n<tr>\n<td>Imperm\u00e9able \u00e0 l'eau ?<\/td>\n<td>Non<\/td>\n<\/tr>\n<tr>\n<td>Puissance<\/td>\n<td>USB rechargeable<\/td>\n<\/tr>\n<\/tbody>\n<\/table>","protected":false},"excerpt":{"rendered":"<p>- 10 modes excitants offrent un spectre d'intensit\u00e9s et de rythmes vibratoires<\/p>\n<p>- Le silicone l\u00e9g\u00e8rement textur\u00e9 offre une meilleure prise et un plaisir clitoridien pr\u00e9cis.<\/p>\n<p>- La base argent\u00e9e \u00e9l\u00e9gante est orn\u00e9e d'un bouton de commande imprim\u00e9 d'une rose.<\/p>\n<p>- La fonction rechargeable alimente votre orgasme - pas besoin de piles !<\/p>\n<p>- Discret et facile \u00e0 transporter avec ses 3,5 pouces, pour des orgasmes en d\u00e9placement<\/p>","protected":false},"featured_media":6531,"comment_status":"open","ping_status":"closed","template":"","meta":{"_seopress_robots_primary_cat":"none","_seopress_titles_title":"","_seopress_titles_desc":"","_seopress_robots_index":""},"product_brand":[],"product_cat":[15,133,115],"product_tag":[189,139,188,186,161],"class_list":{"0":"post-6528","1":"product","2":"type-product","3":"status-publish","4":"has-post-thumbnail","6":"product_cat-all-products","7":"product_cat-sex-toys","8":"product_cat-vibrators","9":"product_tag-all","10":"product_tag-bullet-vibrators","11":"product_tag-couples","12":"product_tag-female","13":"product_tag-rechargeable","14":"pa_color-red","16":"first","17":"instock","18":"taxable","19":"shipping-taxable","20":"purchasable","21":"product-type-variable","22":"wvs-archive-product-wrapper"},"acf":[],"_links":{"self":[{"href":"https:\/\/tucbo.com\/fr\/wp-json\/wp\/v2\/product\/6528","targetHints":{"allow":["GET"]}}],"collection":[{"href":"https:\/\/tucbo.com\/fr\/wp-json\/wp\/v2\/product"}],"about":[{"href":"https:\/\/tucbo.com\/fr\/wp-json\/wp\/v2\/types\/product"}],"replies":[{"embeddable":true,"href":"https:\/\/tucbo.com\/fr\/wp-json\/wp\/v2\/comments?post=6528"}],"wp:featuredmedia":[{"embeddable":true,"href":"https:\/\/tucbo.com\/fr\/wp-json\/wp\/v2\/media\/6531"}],"wp:attachment":[{"href":"https:\/\/tucbo.com\/fr\/wp-json\/wp\/v2\/media?parent=6528"}],"wp:term":[{"taxonomy":"product_brand","embeddable":true,"href":"https:\/\/tucbo.com\/fr\/wp-json\/wp\/v2\/product_brand?post=6528"},{"taxonomy":"product_cat","embeddable":true,"href":"https:\/\/tucbo.com\/fr\/wp-json\/wp\/v2\/product_cat?post=6528"},{"taxonomy":"product_tag","embeddable":true,"href":"https:\/\/tucbo.com\/fr\/wp-json\/wp\/v2\/product_tag?post=6528"}],"curies":[{"name":"wp","href":"https:\/\/api.w.org\/{rel}","templated":true}]}}