{"id":6521,"date":"2025-06-28T09:37:01","date_gmt":"2025-06-28T01:37:01","guid":{"rendered":"https:\/\/tucbo.com\/?post_type=product&#038;p=6521"},"modified":"2025-08-08T21:08:17","modified_gmt":"2025-08-08T13:08:17","slug":"unbe-leaf-able-mint-green-pointed-bullet-vibrator","status":"publish","type":"product","link":"https:\/\/tucbo.com\/fr\/product\/unbe-leaf-able-mint-green-pointed-bullet-vibrator\/","title":{"rendered":"Vibrateur \u00e0 billes \u00e0 pointe verte menthe ineffa\u00e7able"},"content":{"rendered":"<table class=\"contacttbl\" cellspacing=\"0\">\n<tbody>\n<tr>\n<td>Colour<\/td>\n<td>Vert menthe<\/td>\n<\/tr>\n<tr>\n<td>Mat\u00e9riau<\/td>\n<td>Silicone<\/td>\n<\/tr>\n<tr>\n<td>Caract\u00e9ristiques<\/td>\n<td>Vibrations puissantes avec de nombreuses vitesses et motifs au choix. Pour le mamelon ou le clitoris. Id\u00e9al pour \u00eatre transport\u00e9 dans un sac \u00e0 main gr\u00e2ce \u00e0 sa petite taille. R\u00e9sistant \u00e0 l'eau et rechargeable.<\/td>\n<\/tr>\n<tr>\n<td>Longueur totale<\/td>\n<td>5 pouces<\/td>\n<\/tr>\n<tr>\n<td>Diam\u00e8tre<\/td>\n<td>1,25 pouces<\/td>\n<\/tr>\n<tr>\n<td>Imperm\u00e9able \u00e0 l'eau ?<\/td>\n<td>Oui<\/td>\n<\/tr>\n<tr>\n<td>Puissance<\/td>\n<td>Rechargeable par USB<\/td>\n<\/tr>\n<\/tbody>\n<\/table>","protected":false},"excerpt":{"rendered":"<p>- Laissez-vous s\u00e9duire par votre c\u00f4t\u00e9 naturel gr\u00e2ce \u00e0 ce vibromasseur en forme de feuille.<\/p>\n<p>- 10 modes pour construire votre O de lent et sensuel \u00e0 intense et tremblant<\/p>\n<p>- Glissez-le dans votre sac \u00e0 main pour en faire le compagnon de voyage id\u00e9al, o\u00f9 que vous soyez et \u00e0 tout moment.<\/p>\n<p>- Enti\u00e8rement rechargeable et \u00e9tanche pour s'amuser sous la douche<\/p>","protected":false},"featured_media":6525,"comment_status":"open","ping_status":"closed","template":"","meta":{"_seopress_robots_primary_cat":"none","_seopress_titles_title":"","_seopress_titles_desc":"","_seopress_robots_index":""},"product_brand":[],"product_cat":[15,133,115],"product_tag":[189,139,188,186,161],"class_list":{"0":"post-6521","1":"product","2":"type-product","3":"status-publish","4":"has-post-thumbnail","6":"product_cat-all-products","7":"product_cat-sex-toys","8":"product_cat-vibrators","9":"product_tag-all","10":"product_tag-bullet-vibrators","11":"product_tag-couples","12":"product_tag-female","13":"product_tag-rechargeable","14":"pa_color-green","16":"first","17":"instock","18":"taxable","19":"shipping-taxable","20":"purchasable","21":"product-type-variable","22":"wvs-archive-product-wrapper"},"acf":[],"_links":{"self":[{"href":"https:\/\/tucbo.com\/fr\/wp-json\/wp\/v2\/product\/6521","targetHints":{"allow":["GET"]}}],"collection":[{"href":"https:\/\/tucbo.com\/fr\/wp-json\/wp\/v2\/product"}],"about":[{"href":"https:\/\/tucbo.com\/fr\/wp-json\/wp\/v2\/types\/product"}],"replies":[{"embeddable":true,"href":"https:\/\/tucbo.com\/fr\/wp-json\/wp\/v2\/comments?post=6521"}],"wp:featuredmedia":[{"embeddable":true,"href":"https:\/\/tucbo.com\/fr\/wp-json\/wp\/v2\/media\/6525"}],"wp:attachment":[{"href":"https:\/\/tucbo.com\/fr\/wp-json\/wp\/v2\/media?parent=6521"}],"wp:term":[{"taxonomy":"product_brand","embeddable":true,"href":"https:\/\/tucbo.com\/fr\/wp-json\/wp\/v2\/product_brand?post=6521"},{"taxonomy":"product_cat","embeddable":true,"href":"https:\/\/tucbo.com\/fr\/wp-json\/wp\/v2\/product_cat?post=6521"},{"taxonomy":"product_tag","embeddable":true,"href":"https:\/\/tucbo.com\/fr\/wp-json\/wp\/v2\/product_tag?post=6521"}],"curies":[{"name":"wp","href":"https:\/\/api.w.org\/{rel}","templated":true}]}}