{"id":6505,"date":"2025-06-28T09:13:20","date_gmt":"2025-06-28T01:13:20","guid":{"rendered":"https:\/\/tucbo.com\/?post_type=product&#038;p=6505"},"modified":"2025-08-15T15:06:27","modified_gmt":"2025-08-15T07:06:27","slug":"ensemble-de-manchons-a-boules-en-silicone-pourpre-de-threesome","status":"publish","type":"product","link":"https:\/\/tucbo.com\/fr\/product\/ensemble-de-manchons-a-boules-en-silicone-pourpre-de-threesome\/","title":{"rendered":"Threesome Purple Silicone Bullet &amp; Sleeve Set"},"content":{"rendered":"<table class=\"contacttbl\" cellspacing=\"0\">\n<tbody>\n<tr>\n<td>Colour<\/td>\n<td>Pourpre<\/td>\n<\/tr>\n<tr>\n<td>Mat\u00e9riau<\/td>\n<td>Silicone<\/td>\n<\/tr>\n<tr>\n<td>Caract\u00e9ristiques<\/td>\n<td>Mini balle \u00e0 manches multiples avec 3 t\u00eates de stimulation clitoridienne diff\u00e9rentes et 10 modes de vibration pour un plaisir accru<\/td>\n<\/tr>\n<tr>\n<td>Longueur totale<\/td>\n<td>3,5 pouces<\/td>\n<\/tr>\n<tr>\n<td>Diam\u00e8tre<\/td>\n<td>0,8 pouce<\/td>\n<\/tr>\n<tr>\n<td>Imperm\u00e9able \u00e0 l'eau ?<\/td>\n<td>Oui<\/td>\n<\/tr>\n<tr>\n<td>Puissance<\/td>\n<td>USB rechargeable<\/td>\n<\/tr>\n<\/tbody>\n<\/table>","protected":false},"excerpt":{"rendered":"<p>- L'ogive 3 en 1 est livr\u00e9e avec un manchon perl\u00e9 et un embout clitoridien en forme d'oreilles de lapin.<\/p>\n<p>- Des vibrations puissantes qui procurent du plaisir gr\u00e2ce \u00e0 10 vitesses et mod\u00e8les.<\/p>\n<p>- La balle \u00e9tanche et rechargeable par USB est pr\u00eate \u00e0 gronder partout o\u00f9 l'envie s'en fait sentir.<\/p>","protected":false},"featured_media":6508,"comment_status":"open","ping_status":"closed","template":"","meta":{"_seopress_robots_primary_cat":"none","_seopress_titles_title":"","_seopress_titles_desc":"","_seopress_robots_index":""},"product_brand":[],"product_cat":[15,133,115],"product_tag":[189,139,141,188,186,187,161],"class_list":{"0":"post-6505","1":"product","2":"type-product","3":"status-publish","4":"has-post-thumbnail","6":"product_cat-all-products","7":"product_cat-sex-toys","8":"product_cat-vibrators","9":"product_tag-all","10":"product_tag-bullet-vibrators","11":"product_tag-classic-vibrators","12":"product_tag-couples","13":"product_tag-female","14":"product_tag-male","15":"product_tag-rechargeable","16":"pa_color-purple","18":"first","19":"instock","20":"taxable","21":"shipping-taxable","22":"purchasable","23":"product-type-variable","24":"wvs-archive-product-wrapper"},"acf":[],"_links":{"self":[{"href":"https:\/\/tucbo.com\/fr\/wp-json\/wp\/v2\/product\/6505","targetHints":{"allow":["GET"]}}],"collection":[{"href":"https:\/\/tucbo.com\/fr\/wp-json\/wp\/v2\/product"}],"about":[{"href":"https:\/\/tucbo.com\/fr\/wp-json\/wp\/v2\/types\/product"}],"replies":[{"embeddable":true,"href":"https:\/\/tucbo.com\/fr\/wp-json\/wp\/v2\/comments?post=6505"}],"wp:featuredmedia":[{"embeddable":true,"href":"https:\/\/tucbo.com\/fr\/wp-json\/wp\/v2\/media\/6508"}],"wp:attachment":[{"href":"https:\/\/tucbo.com\/fr\/wp-json\/wp\/v2\/media?parent=6505"}],"wp:term":[{"taxonomy":"product_brand","embeddable":true,"href":"https:\/\/tucbo.com\/fr\/wp-json\/wp\/v2\/product_brand?post=6505"},{"taxonomy":"product_cat","embeddable":true,"href":"https:\/\/tucbo.com\/fr\/wp-json\/wp\/v2\/product_cat?post=6505"},{"taxonomy":"product_tag","embeddable":true,"href":"https:\/\/tucbo.com\/fr\/wp-json\/wp\/v2\/product_tag?post=6505"}],"curies":[{"name":"wp","href":"https:\/\/api.w.org\/{rel}","templated":true}]}}