{"id":6481,"date":"2025-06-26T23:28:59","date_gmt":"2025-06-26T15:28:59","guid":{"rendered":"https:\/\/tucbo.com\/?post_type=product&#038;p=6481"},"modified":"2025-08-14T22:08:09","modified_gmt":"2025-08-14T14:08:09","slug":"vibrateur-classique-rechargeable-soother-argente","status":"publish","type":"product","link":"https:\/\/tucbo.com\/fr\/product\/vibrateur-classique-rechargeable-soother-argente\/","title":{"rendered":"Vibrateur classique rechargeable Silver Soother"},"content":{"rendered":"<table class=\"contacttbl\" cellspacing=\"0\">\n<tbody>\n<tr>\n<td>Colour<\/td>\n<td>Argent<\/td>\n<\/tr>\n<tr>\n<td>Mat\u00e9riau<\/td>\n<td>ABS<\/td>\n<\/tr>\n<tr>\n<td>Caract\u00e9ristiques<\/td>\n<td>10 modes de vibration Vibrateur \u00e0 bouton LED<\/td>\n<\/tr>\n<tr>\n<td>Longueur totale<\/td>\n<td>7,3 pouces<\/td>\n<\/tr>\n<tr>\n<td>Diam\u00e8tre<\/td>\n<td>1 pouce<\/td>\n<\/tr>\n<tr>\n<td>Imperm\u00e9able \u00e0 l'eau ?<\/td>\n<td>Non<\/td>\n<\/tr>\n<tr>\n<td>Puissance<\/td>\n<td>USB rechargeable<\/td>\n<\/tr>\n<\/tbody>\n<\/table>","protected":false},"excerpt":{"rendered":"<p>- Cette tige tr\u00e8s brillante vous permet d'intensifier votre plaisir et de b\u00e9n\u00e9ficier d'une stimulation douce et intense.<\/p>\n<p>- D\u00e9couvrez 10 modes de vibration pour un large \u00e9ventail de vitesses et de motifs<\/p>\n<p>- Le vibromasseur l\u00e9ger et robuste peut \u00eatre ins\u00e9r\u00e9 de 6,5 pouces pour un plaisir interne profond.<\/p>\n<p>- La commande par LED \u00e0 bouton unique vous permet de jouer dans l'obscurit\u00e9.<\/p>\n<p>- Rechargeable par USB pour une satisfaction illimit\u00e9e - \u00e0 la maison ou en d\u00e9placement !<\/p>","protected":false},"featured_media":6484,"comment_status":"open","ping_status":"closed","template":"","meta":{"_seopress_robots_primary_cat":"none","_seopress_titles_title":"","_seopress_titles_desc":"","_seopress_robots_index":""},"product_brand":[],"product_cat":[15,133,115],"product_tag":[189,139,141,188,186,187,161],"class_list":{"0":"post-6481","1":"product","2":"type-product","3":"status-publish","4":"has-post-thumbnail","6":"product_cat-all-products","7":"product_cat-sex-toys","8":"product_cat-vibrators","9":"product_tag-all","10":"product_tag-bullet-vibrators","11":"product_tag-classic-vibrators","12":"product_tag-couples","13":"product_tag-female","14":"product_tag-male","15":"product_tag-rechargeable","16":"pa_color-silver","18":"first","19":"instock","20":"taxable","21":"shipping-taxable","22":"purchasable","23":"product-type-variable","24":"wvs-archive-product-wrapper"},"acf":[],"_links":{"self":[{"href":"https:\/\/tucbo.com\/fr\/wp-json\/wp\/v2\/product\/6481","targetHints":{"allow":["GET"]}}],"collection":[{"href":"https:\/\/tucbo.com\/fr\/wp-json\/wp\/v2\/product"}],"about":[{"href":"https:\/\/tucbo.com\/fr\/wp-json\/wp\/v2\/types\/product"}],"replies":[{"embeddable":true,"href":"https:\/\/tucbo.com\/fr\/wp-json\/wp\/v2\/comments?post=6481"}],"wp:featuredmedia":[{"embeddable":true,"href":"https:\/\/tucbo.com\/fr\/wp-json\/wp\/v2\/media\/6484"}],"wp:attachment":[{"href":"https:\/\/tucbo.com\/fr\/wp-json\/wp\/v2\/media?parent=6481"}],"wp:term":[{"taxonomy":"product_brand","embeddable":true,"href":"https:\/\/tucbo.com\/fr\/wp-json\/wp\/v2\/product_brand?post=6481"},{"taxonomy":"product_cat","embeddable":true,"href":"https:\/\/tucbo.com\/fr\/wp-json\/wp\/v2\/product_cat?post=6481"},{"taxonomy":"product_tag","embeddable":true,"href":"https:\/\/tucbo.com\/fr\/wp-json\/wp\/v2\/product_tag?post=6481"}],"curies":[{"name":"wp","href":"https:\/\/api.w.org\/{rel}","templated":true}]}}