{"id":6473,"date":"2025-06-26T23:25:55","date_gmt":"2025-06-26T15:25:55","guid":{"rendered":"https:\/\/tucbo.com\/?post_type=product&#038;p=6473"},"modified":"2025-07-31T21:35:09","modified_gmt":"2025-07-31T13:35:09","slug":"we-vibe-tango-x-blue-8-fonction-rechargeable-bullet-vibrator","status":"publish","type":"product","link":"https:\/\/tucbo.com\/fr\/product\/we-vibe-tango-x-blue-8-fonction-rechargeable-bullet-vibrator\/","title":{"rendered":"We-Vibe Tango X Blue 8 Function Rechargeable Bullet Vibrator"},"content":{"rendered":"<table class=\"contacttbl\" cellspacing=\"0\">\n<tbody>\n<tr>\n<td>Colour<\/td>\n<td>Bleu<\/td>\n<\/tr>\n<tr>\n<td>Mat\u00e9riau<\/td>\n<td>Silicone et ABS<\/td>\n<\/tr>\n<tr>\n<td>Caract\u00e9ristiques<\/td>\n<td>8 motifs avec embout angulaire pour une stimulation pr\u00e9cise<\/td>\n<\/tr>\n<tr>\n<td>Longueur totale<\/td>\n<td>3,5 pouces<\/td>\n<\/tr>\n<tr>\n<td>Diam\u00e8tre<\/td>\n<td>0.32<\/td>\n<\/tr>\n<tr>\n<td>Imperm\u00e9able \u00e0 l'eau ?<\/td>\n<td>Oui<\/td>\n<\/tr>\n<tr>\n<td>Puissance<\/td>\n<td>Rechargeable<\/td>\n<\/tr>\n<\/tbody>\n<\/table>","protected":false},"excerpt":{"rendered":"<p>- La balle presque silencieuse vous coupe le souffle gr\u00e2ce \u00e0 ses vibrations puissantes.<\/p>\n<p>- D\u00e9couvrez huit intensit\u00e9s et rythmes silencieux, du mode \u00ab pulsation \u00bb au mode \u00ab battement de c\u0153ur \u00bb.<\/p>\n<p>- Facile \u00e0 utiliser, la poign\u00e9e en silicone souple et l'embout inclin\u00e9 permettent une stimulation ferme et pr\u00e9cise.<\/p>\n<p>- 100% \u00e9tanche et rechargeable pour un plaisir pratique et sans souci<\/p>\n<p>- Le design discret comprend un verrou de voyage pratique pour les orgasmes sur la route.<\/p>\n<p>- Enregistrez votre achat aupr\u00e8s de We-Vibe pour b\u00e9n\u00e9ficier d'une garantie de 2 ans.<\/p>","protected":false},"featured_media":6476,"comment_status":"open","ping_status":"closed","template":"","meta":{"_seopress_robots_primary_cat":"none","_seopress_titles_title":"","_seopress_titles_desc":"","_seopress_robots_index":""},"product_brand":[],"product_cat":[15,133,115],"product_tag":[139,188,186,187,161],"class_list":{"0":"post-6473","1":"product","2":"type-product","3":"status-publish","4":"has-post-thumbnail","6":"product_cat-all-products","7":"product_cat-sex-toys","8":"product_cat-vibrators","9":"product_tag-bullet-vibrators","10":"product_tag-couples","11":"product_tag-female","12":"product_tag-male","13":"product_tag-rechargeable","14":"pa_color-blue","16":"first","17":"instock","18":"taxable","19":"shipping-taxable","20":"purchasable","21":"product-type-variable","22":"wvs-archive-product-wrapper"},"acf":[],"_links":{"self":[{"href":"https:\/\/tucbo.com\/fr\/wp-json\/wp\/v2\/product\/6473","targetHints":{"allow":["GET"]}}],"collection":[{"href":"https:\/\/tucbo.com\/fr\/wp-json\/wp\/v2\/product"}],"about":[{"href":"https:\/\/tucbo.com\/fr\/wp-json\/wp\/v2\/types\/product"}],"replies":[{"embeddable":true,"href":"https:\/\/tucbo.com\/fr\/wp-json\/wp\/v2\/comments?post=6473"}],"wp:featuredmedia":[{"embeddable":true,"href":"https:\/\/tucbo.com\/fr\/wp-json\/wp\/v2\/media\/6476"}],"wp:attachment":[{"href":"https:\/\/tucbo.com\/fr\/wp-json\/wp\/v2\/media?parent=6473"}],"wp:term":[{"taxonomy":"product_brand","embeddable":true,"href":"https:\/\/tucbo.com\/fr\/wp-json\/wp\/v2\/product_brand?post=6473"},{"taxonomy":"product_cat","embeddable":true,"href":"https:\/\/tucbo.com\/fr\/wp-json\/wp\/v2\/product_cat?post=6473"},{"taxonomy":"product_tag","embeddable":true,"href":"https:\/\/tucbo.com\/fr\/wp-json\/wp\/v2\/product_tag?post=6473"}],"curies":[{"name":"wp","href":"https:\/\/api.w.org\/{rel}","templated":true}]}}