{"id":6438,"date":"2025-06-26T01:48:19","date_gmt":"2025-06-25T17:48:19","guid":{"rendered":"https:\/\/tucbo.com\/?post_type=product&#038;p=6438"},"modified":"2025-08-08T21:13:35","modified_gmt":"2025-08-08T13:13:35","slug":"cosmopolite-noir-rechargeable-lcd-bullet-vibrateur","status":"publish","type":"product","link":"https:\/\/tucbo.com\/fr\/product\/cosmopolite-noir-rechargeable-lcd-bullet-vibrateur\/","title":{"rendered":"Vibrateur Bullet noir rechargeable \u00e0 cristaux liquides Cosmopolitan"},"content":{"rendered":"<table class=\"contacttbl\" cellspacing=\"0\">\n<tbody>\n<tr>\n<td>Colour<\/td>\n<td>Noir<\/td>\n<\/tr>\n<tr>\n<td>Mat\u00e9riau<\/td>\n<td>ABS<\/td>\n<\/tr>\n<tr>\n<td>Caract\u00e9ristiques<\/td>\n<td>9 r\u00e9glages de vibrations. L'\u00e9cran LCD indique l'\u00e9tat de la batterie et le r\u00e9glage s\u00e9lectionn\u00e9. Forme discr\u00e8te de rouge \u00e0 l\u00e8vres et taille compacte.<\/td>\n<\/tr>\n<tr>\n<td>Longueur totale<\/td>\n<td>3,75 pouces<\/td>\n<\/tr>\n<tr>\n<td>Diam\u00e8tre<\/td>\n<td>1 pouce<\/td>\n<\/tr>\n<tr>\n<td>Imperm\u00e9able \u00e0 l'eau ?<\/td>\n<td>R\u00e9sistant aux \u00e9claboussures<\/td>\n<\/tr>\n<tr>\n<td>Puissance<\/td>\n<td>Magn\u00e9tique Rechargeable par USB<\/td>\n<\/tr>\n<\/tbody>\n<\/table>","protected":false},"excerpt":{"rendered":"<p>- Le vibrateur discret et \u00e9l\u00e9gant, semblable \u00e0 un rouge \u00e0 l\u00e8vres, vous incitera au plaisir.<\/p>\n<p>- Choisissez parmi 9 modes de vibration pour stimuler votre clitoris<\/p>\n<p>- Une taille discr\u00e8te de 3,75 pouces avec un \u00e9tui de rouge \u00e0 l\u00e8vres pour s'amuser en d\u00e9placement.<\/p>\n<p>- \u00c9cran LCD pour garder un \u0153il sur l'autonomie de la batterie et les r\u00e9glages, et rechargeable pour plus de plaisir en solo<\/p>","protected":false},"featured_media":6441,"comment_status":"open","ping_status":"closed","template":"","meta":{"_seopress_robots_primary_cat":"none","_seopress_titles_title":"","_seopress_titles_desc":"","_seopress_robots_index":""},"product_brand":[],"product_cat":[15,133,115],"product_tag":[189,139,186,161],"class_list":{"0":"post-6438","1":"product","2":"type-product","3":"status-publish","4":"has-post-thumbnail","6":"product_cat-all-products","7":"product_cat-sex-toys","8":"product_cat-vibrators","9":"product_tag-all","10":"product_tag-bullet-vibrators","11":"product_tag-female","12":"product_tag-rechargeable","13":"pa_color-black","15":"first","16":"instock","17":"taxable","18":"shipping-taxable","19":"purchasable","20":"product-type-variable","21":"wvs-archive-product-wrapper"},"acf":[],"_links":{"self":[{"href":"https:\/\/tucbo.com\/fr\/wp-json\/wp\/v2\/product\/6438","targetHints":{"allow":["GET"]}}],"collection":[{"href":"https:\/\/tucbo.com\/fr\/wp-json\/wp\/v2\/product"}],"about":[{"href":"https:\/\/tucbo.com\/fr\/wp-json\/wp\/v2\/types\/product"}],"replies":[{"embeddable":true,"href":"https:\/\/tucbo.com\/fr\/wp-json\/wp\/v2\/comments?post=6438"}],"wp:featuredmedia":[{"embeddable":true,"href":"https:\/\/tucbo.com\/fr\/wp-json\/wp\/v2\/media\/6441"}],"wp:attachment":[{"href":"https:\/\/tucbo.com\/fr\/wp-json\/wp\/v2\/media?parent=6438"}],"wp:term":[{"taxonomy":"product_brand","embeddable":true,"href":"https:\/\/tucbo.com\/fr\/wp-json\/wp\/v2\/product_brand?post=6438"},{"taxonomy":"product_cat","embeddable":true,"href":"https:\/\/tucbo.com\/fr\/wp-json\/wp\/v2\/product_cat?post=6438"},{"taxonomy":"product_tag","embeddable":true,"href":"https:\/\/tucbo.com\/fr\/wp-json\/wp\/v2\/product_tag?post=6438"}],"curies":[{"name":"wp","href":"https:\/\/api.w.org\/{rel}","templated":true}]}}