{"id":6424,"date":"2025-06-26T00:01:33","date_gmt":"2025-06-25T16:01:33","guid":{"rendered":"https:\/\/tucbo.com\/?post_type=product&#038;p=6424"},"modified":"2025-08-15T14:18:24","modified_gmt":"2025-08-15T06:18:24","slug":"rosy-ammo-pink-bullet-vibrator","status":"publish","type":"product","link":"https:\/\/tucbo.com\/fr\/product\/rosy-ammo-pink-bullet-vibrator\/","title":{"rendered":"Vibrateur Rosy Ammo Pink Bullet"},"content":{"rendered":"<table class=\"contacttbl\" cellspacing=\"0\">\n<tbody>\n<tr>\n<td>Colour<\/td>\n<td>Rose<\/td>\n<\/tr>\n<tr>\n<td>Mat\u00e9riau<\/td>\n<td>Silicone et ABS<\/td>\n<\/tr>\n<tr>\n<td>Caract\u00e9ristiques<\/td>\n<td>Nombreuses vitesses et motifs au choix. Id\u00e9al pour une utilisation en solo ou en couple.<\/td>\n<\/tr>\n<tr>\n<td>Longueur totale<\/td>\n<td>3 pouces<\/td>\n<\/tr>\n<tr>\n<td>Imperm\u00e9able \u00e0 l'eau ?<\/td>\n<td>R\u00e9sistant aux \u00e9claboussures<\/td>\n<\/tr>\n<tr>\n<td>Puissance<\/td>\n<td>Magn\u00e9tique Rechargeable par USB<\/td>\n<\/tr>\n<\/tbody>\n<\/table>","protected":false},"excerpt":{"rendered":"<p>- Une v\u00e9ritable rose parmi les \u00e9pines, choisissez ce vibrateur avec du punch et vivez des orgasmes d\u00e9sinhib\u00e9s.<\/p>\n<p>- Magnifique design rose m\u00e9tallis\u00e9 pour une dissimulation facile<\/p>\n<p>- Un ensemble de 9 r\u00e9glages de vibrations grin\u00e7antes pour vous amener \u00e0 la f\u00e9licit\u00e9 orgasmique<\/p>","protected":false},"featured_media":6427,"comment_status":"open","ping_status":"closed","template":"","meta":{"_seopress_robots_primary_cat":"none","_seopress_titles_title":"","_seopress_titles_desc":"","_seopress_robots_index":""},"product_brand":[],"product_cat":[15,133,115],"product_tag":[189,139,141,186,161],"class_list":{"0":"post-6424","1":"product","2":"type-product","3":"status-publish","4":"has-post-thumbnail","6":"product_cat-all-products","7":"product_cat-sex-toys","8":"product_cat-vibrators","9":"product_tag-all","10":"product_tag-bullet-vibrators","11":"product_tag-classic-vibrators","12":"product_tag-female","13":"product_tag-rechargeable","14":"pa_color-pink","16":"first","17":"instock","18":"taxable","19":"shipping-taxable","20":"purchasable","21":"product-type-variable","22":"wvs-archive-product-wrapper"},"acf":[],"_links":{"self":[{"href":"https:\/\/tucbo.com\/fr\/wp-json\/wp\/v2\/product\/6424","targetHints":{"allow":["GET"]}}],"collection":[{"href":"https:\/\/tucbo.com\/fr\/wp-json\/wp\/v2\/product"}],"about":[{"href":"https:\/\/tucbo.com\/fr\/wp-json\/wp\/v2\/types\/product"}],"replies":[{"embeddable":true,"href":"https:\/\/tucbo.com\/fr\/wp-json\/wp\/v2\/comments?post=6424"}],"wp:featuredmedia":[{"embeddable":true,"href":"https:\/\/tucbo.com\/fr\/wp-json\/wp\/v2\/media\/6427"}],"wp:attachment":[{"href":"https:\/\/tucbo.com\/fr\/wp-json\/wp\/v2\/media?parent=6424"}],"wp:term":[{"taxonomy":"product_brand","embeddable":true,"href":"https:\/\/tucbo.com\/fr\/wp-json\/wp\/v2\/product_brand?post=6424"},{"taxonomy":"product_cat","embeddable":true,"href":"https:\/\/tucbo.com\/fr\/wp-json\/wp\/v2\/product_cat?post=6424"},{"taxonomy":"product_tag","embeddable":true,"href":"https:\/\/tucbo.com\/fr\/wp-json\/wp\/v2\/product_tag?post=6424"}],"curies":[{"name":"wp","href":"https:\/\/api.w.org\/{rel}","templated":true}]}}