{"id":6402,"date":"2025-06-25T23:38:46","date_gmt":"2025-06-25T15:38:46","guid":{"rendered":"https:\/\/tucbo.com\/?post_type=product&#038;p=6402"},"modified":"2025-08-08T21:16:13","modified_gmt":"2025-08-08T13:16:13","slug":"banana-bliss-silicone-rechargeable-vibrator","status":"publish","type":"product","link":"https:\/\/tucbo.com\/fr\/product\/banana-bliss-silicone-rechargeable-vibrator\/","title":{"rendered":"Vibromasseur rechargeable en silicone Banana Bliss"},"content":{"rendered":"<table class=\"contacttbl\" cellspacing=\"0\">\n<tbody>\n<tr>\n<td>Colour<\/td>\n<td>Yellow<\/td>\n<\/tr>\n<tr>\n<td>Mat\u00e9riau<\/td>\n<td>Silicone<\/td>\n<\/tr>\n<tr>\n<td>Caract\u00e9ristiques<\/td>\n<td>Mini vibrateur fruit\u00e9 avec 7 modes de vibration<\/td>\n<\/tr>\n<tr>\n<td>Longueur totale<\/td>\n<td>4 pouces<\/td>\n<\/tr>\n<tr>\n<td>Diam\u00e8tre<\/td>\n<td>1,4 pouces<\/td>\n<\/tr>\n<tr>\n<td>Imperm\u00e9able \u00e0 l'eau ?<\/td>\n<td>Oui<\/td>\n<\/tr>\n<tr>\n<td>Puissance<\/td>\n<td>USB rechargeable<\/td>\n<\/tr>\n<\/tbody>\n<\/table>","protected":false},"excerpt":{"rendered":"<p>- Obtenez les orgasmes quotidiens recommand\u00e9s avec ce vibromasseur amusant et fruit\u00e9 !<\/p>\n<p>- Sept modes de vibration puissants procurent un d\u00e9licieux plaisir externe<\/p>\n<p>- Explorez des stimulations vari\u00e9es, du corps large et grondant \u00e0 la pointe intens\u00e9ment concentr\u00e9e.<\/p>\n<p>- Le silicone sans danger pour le corps a une finition jaune ultra-lisse.<\/p>\n<p>- \u00c9tanche et rechargeable par USB pour un jeu illimit\u00e9<\/p>","protected":false},"featured_media":6405,"comment_status":"open","ping_status":"closed","template":"","meta":{"_seopress_robots_primary_cat":"none","_seopress_titles_title":"","_seopress_titles_desc":"","_seopress_robots_index":""},"product_brand":[],"product_cat":[15,133],"product_tag":[189,139,188,186,187,161],"class_list":{"0":"post-6402","1":"product","2":"type-product","3":"status-publish","4":"has-post-thumbnail","6":"product_cat-all-products","7":"product_cat-sex-toys","8":"product_tag-all","9":"product_tag-bullet-vibrators","10":"product_tag-couples","11":"product_tag-female","12":"product_tag-male","13":"product_tag-rechargeable","14":"pa_color-yellow","16":"first","17":"instock","18":"taxable","19":"shipping-taxable","20":"purchasable","21":"product-type-variable","22":"wvs-archive-product-wrapper"},"acf":[],"_links":{"self":[{"href":"https:\/\/tucbo.com\/fr\/wp-json\/wp\/v2\/product\/6402","targetHints":{"allow":["GET"]}}],"collection":[{"href":"https:\/\/tucbo.com\/fr\/wp-json\/wp\/v2\/product"}],"about":[{"href":"https:\/\/tucbo.com\/fr\/wp-json\/wp\/v2\/types\/product"}],"replies":[{"embeddable":true,"href":"https:\/\/tucbo.com\/fr\/wp-json\/wp\/v2\/comments?post=6402"}],"wp:featuredmedia":[{"embeddable":true,"href":"https:\/\/tucbo.com\/fr\/wp-json\/wp\/v2\/media\/6405"}],"wp:attachment":[{"href":"https:\/\/tucbo.com\/fr\/wp-json\/wp\/v2\/media?parent=6402"}],"wp:term":[{"taxonomy":"product_brand","embeddable":true,"href":"https:\/\/tucbo.com\/fr\/wp-json\/wp\/v2\/product_brand?post=6402"},{"taxonomy":"product_cat","embeddable":true,"href":"https:\/\/tucbo.com\/fr\/wp-json\/wp\/v2\/product_cat?post=6402"},{"taxonomy":"product_tag","embeddable":true,"href":"https:\/\/tucbo.com\/fr\/wp-json\/wp\/v2\/product_tag?post=6402"}],"curies":[{"name":"wp","href":"https:\/\/api.w.org\/{rel}","templated":true}]}}