{"id":6385,"date":"2025-06-25T23:23:42","date_gmt":"2025-06-25T15:23:42","guid":{"rendered":"https:\/\/tucbo.com\/?post_type=product&#038;p=6385"},"modified":"2025-08-08T21:17:04","modified_gmt":"2025-08-08T13:17:04","slug":"rose-bullet-vibe","status":"publish","type":"product","link":"https:\/\/tucbo.com\/fr\/product\/rose-bullet-vibe\/","title":{"rendered":"Pink Bullet Vibe"},"content":{"rendered":"<table class=\"contacttbl\" cellspacing=\"0\">\n<tbody>\n<tr>\n<td>Colour<\/td>\n<td>Rose<\/td>\n<\/tr>\n<tr>\n<td>Mat\u00e9riau<\/td>\n<td>ABS<\/td>\n<\/tr>\n<tr>\n<td>Caract\u00e9ristiques<\/td>\n<td>Vibration unique et puissante<\/td>\n<\/tr>\n<tr>\n<td>Longueur<\/td>\n<td>3,5 pouces<\/td>\n<\/tr>\n<tr>\n<td>Diam\u00e8tre<\/td>\n<td>0,70 pouces<\/td>\n<\/tr>\n<tr>\n<td>Imperm\u00e9able \u00e0 l'eau ?<\/td>\n<td>R\u00e9sistant aux \u00e9claboussures<\/td>\n<\/tr>\n<tr>\n<td>Puissance<\/td>\n<td>1x piles AAA<\/td>\n<\/tr>\n<\/tbody>\n<\/table>","protected":false},"excerpt":{"rendered":"<p>Avec ses 3,5 pouces, le Bondara Pocket Pleasure Pink Bullet Vibe n'est pas l'objet le plus grand que vous ayez jamais vu, mais c'est l'une des choses que nous aimons le plus.<\/p>\n<p>D'un rose magnifique, cet \u0153illet a une finition f\u00e9minine pour un vibrateur discret et ludique que vous utiliserez encore et encore. Utilisez le bouton unique situ\u00e9 \u00e0 la base pour activer facilement les vibrations, appuyez l'ogive sur vos mamelons, votre clitoris ou tout autre point de plaisir et laissez-vous porter jusqu'\u00e0 un orgasme satisfaisant.<\/p>","protected":false},"featured_media":6388,"comment_status":"open","ping_status":"closed","template":"","meta":{"_seopress_robots_primary_cat":"none","_seopress_titles_title":"","_seopress_titles_desc":"","_seopress_robots_index":""},"product_brand":[],"product_cat":[15,133,115],"product_tag":[189,163,139,188,186,187,161],"class_list":{"0":"post-6385","1":"product","2":"type-product","3":"status-publish","4":"has-post-thumbnail","6":"product_cat-all-products","7":"product_cat-sex-toys","8":"product_cat-vibrators","9":"product_tag-all","10":"product_tag-batteries","11":"product_tag-bullet-vibrators","12":"product_tag-couples","13":"product_tag-female","14":"product_tag-male","15":"product_tag-rechargeable","16":"pa_color-pink","18":"first","19":"instock","20":"taxable","21":"shipping-taxable","22":"purchasable","23":"product-type-variable","24":"wvs-archive-product-wrapper"},"acf":[],"_links":{"self":[{"href":"https:\/\/tucbo.com\/fr\/wp-json\/wp\/v2\/product\/6385","targetHints":{"allow":["GET"]}}],"collection":[{"href":"https:\/\/tucbo.com\/fr\/wp-json\/wp\/v2\/product"}],"about":[{"href":"https:\/\/tucbo.com\/fr\/wp-json\/wp\/v2\/types\/product"}],"replies":[{"embeddable":true,"href":"https:\/\/tucbo.com\/fr\/wp-json\/wp\/v2\/comments?post=6385"}],"wp:featuredmedia":[{"embeddable":true,"href":"https:\/\/tucbo.com\/fr\/wp-json\/wp\/v2\/media\/6388"}],"wp:attachment":[{"href":"https:\/\/tucbo.com\/fr\/wp-json\/wp\/v2\/media?parent=6385"}],"wp:term":[{"taxonomy":"product_brand","embeddable":true,"href":"https:\/\/tucbo.com\/fr\/wp-json\/wp\/v2\/product_brand?post=6385"},{"taxonomy":"product_cat","embeddable":true,"href":"https:\/\/tucbo.com\/fr\/wp-json\/wp\/v2\/product_cat?post=6385"},{"taxonomy":"product_tag","embeddable":true,"href":"https:\/\/tucbo.com\/fr\/wp-json\/wp\/v2\/product_tag?post=6385"}],"curies":[{"name":"wp","href":"https:\/\/api.w.org\/{rel}","templated":true}]}}