{"id":6377,"date":"2025-06-25T00:15:31","date_gmt":"2025-06-24T16:15:31","guid":{"rendered":"https:\/\/tucbo.com\/?post_type=product&#038;p=6377"},"modified":"2025-08-14T22:03:26","modified_gmt":"2025-08-14T14:03:26","slug":"tucbo-good-vibes-2-en-1-bulle-et-vibrateur-de-spot","status":"publish","type":"product","link":"https:\/\/tucbo.com\/fr\/product\/tucbo-good-vibes-2-en-1-bulle-et-vibrateur-de-spot\/","title":{"rendered":"Tucbo Good Vibes 2-en-1 Vibrateur \u00e0 bulles et point G"},"content":{"rendered":"<table class=\"contacttbl\" cellspacing=\"0\">\n<tbody>\n<tr>\n<td>Colour<\/td>\n<td>Rose<\/td>\n<\/tr>\n<tr>\n<td>Mat\u00e9riau<\/td>\n<td>ABS rev\u00eatu de PU<\/td>\n<\/tr>\n<tr>\n<td>Caract\u00e9ristiques<\/td>\n<td>Vibrateur \u00e0 double extr\u00e9mit\u00e9 pour taquiner et masser votre point G et stimuler votre clitoris<\/td>\n<\/tr>\n<tr>\n<td>Longueur totale<\/td>\n<td>5 pouces<\/td>\n<\/tr>\n<tr>\n<td>Diam\u00e8tre<\/td>\n<td>1 pouce<\/td>\n<\/tr>\n<tr>\n<td>Imperm\u00e9able \u00e0 l'eau ?<\/td>\n<td>Non<\/td>\n<\/tr>\n<tr>\n<td>Puissance<\/td>\n<td>1 x pile AA (non incluse)<\/td>\n<\/tr>\n<\/tbody>\n<\/table>","protected":false},"excerpt":{"rendered":"<p>- Le jouet sexuel \u00e0 double extr\u00e9mit\u00e9 vous procure deux fois plus de plaisir<\/p>\n<p>- L'embout incurv\u00e9 masse votre point G en ABS ultra doux<\/p>\n<p>- L'extr\u00e9mit\u00e9 inclin\u00e9e cible le clitoris avec une stimulation ferme et excitante.<\/p>\n<p>- Tournez la base pour activer les puissantes vibrations \u00e0 une vitesse<\/p>\n<p>- Jouet sexuel d'un excellent rapport qualit\u00e9-prix pour les d\u00e9butants<\/p>","protected":false},"featured_media":6381,"comment_status":"open","ping_status":"closed","template":"","meta":{"_seopress_robots_primary_cat":"none","_seopress_titles_title":"","_seopress_titles_desc":"","_seopress_robots_index":""},"product_brand":[],"product_cat":[15,133,115],"product_tag":[189,163,139,141,186,187],"class_list":{"0":"post-6377","1":"product","2":"type-product","3":"status-publish","4":"has-post-thumbnail","6":"product_cat-all-products","7":"product_cat-sex-toys","8":"product_cat-vibrators","9":"product_tag-all","10":"product_tag-batteries","11":"product_tag-bullet-vibrators","12":"product_tag-classic-vibrators","13":"product_tag-female","14":"product_tag-male","15":"pa_color-pink","17":"first","18":"instock","19":"taxable","20":"shipping-taxable","21":"purchasable","22":"product-type-variable","23":"wvs-archive-product-wrapper"},"acf":[],"_links":{"self":[{"href":"https:\/\/tucbo.com\/fr\/wp-json\/wp\/v2\/product\/6377","targetHints":{"allow":["GET"]}}],"collection":[{"href":"https:\/\/tucbo.com\/fr\/wp-json\/wp\/v2\/product"}],"about":[{"href":"https:\/\/tucbo.com\/fr\/wp-json\/wp\/v2\/types\/product"}],"replies":[{"embeddable":true,"href":"https:\/\/tucbo.com\/fr\/wp-json\/wp\/v2\/comments?post=6377"}],"wp:featuredmedia":[{"embeddable":true,"href":"https:\/\/tucbo.com\/fr\/wp-json\/wp\/v2\/media\/6381"}],"wp:attachment":[{"href":"https:\/\/tucbo.com\/fr\/wp-json\/wp\/v2\/media?parent=6377"}],"wp:term":[{"taxonomy":"product_brand","embeddable":true,"href":"https:\/\/tucbo.com\/fr\/wp-json\/wp\/v2\/product_brand?post=6377"},{"taxonomy":"product_cat","embeddable":true,"href":"https:\/\/tucbo.com\/fr\/wp-json\/wp\/v2\/product_cat?post=6377"},{"taxonomy":"product_tag","embeddable":true,"href":"https:\/\/tucbo.com\/fr\/wp-json\/wp\/v2\/product_tag?post=6377"}],"curies":[{"name":"wp","href":"https:\/\/api.w.org\/{rel}","templated":true}]}}