{"id":6362,"date":"2025-06-24T23:58:36","date_gmt":"2025-06-24T15:58:36","guid":{"rendered":"https:\/\/tucbo.com\/?post_type=product&#038;p=6362"},"modified":"2025-08-08T21:18:16","modified_gmt":"2025-08-08T13:18:16","slug":"lelo-ida-wave-coral-app-controlled-dual-stimulation-vibrator","status":"publish","type":"product","link":"https:\/\/tucbo.com\/fr\/product\/lelo-ida-wave-coral-app-controlled-dual-stimulation-vibrator\/","title":{"rendered":"LELO Ida Wave Coral Vibrateur \u00e0 double stimulation contr\u00f4l\u00e9 par application"},"content":{"rendered":"<table class=\"contacttbl\" cellspacing=\"0\">\n<tbody>\n<tr>\n<td>Colour<\/td>\n<td>Corail<\/td>\n<\/tr>\n<tr>\n<td>Mat\u00e9riau<\/td>\n<td>Silicone<\/td>\n<\/tr>\n<tr>\n<td>Caract\u00e9ristiques<\/td>\n<td>Vibrateur de luxe mains libres avec deux moteurs offrant deux fois plus de puissance. Technologie Wavemotion et large choix de r\u00e9glages d'intensit\u00e9.<\/td>\n<\/tr>\n<tr>\n<td>Imperm\u00e9able \u00e0 l'eau ?<\/td>\n<td>Oui<\/td>\n<\/tr>\n<tr>\n<td>Puissance<\/td>\n<td>Rechargeable par USB<\/td>\n<\/tr>\n<\/tbody>\n<\/table>","protected":false},"excerpt":{"rendered":"<p>- Profitez d'une stimulation clitoridienne et du point G sans les mains gr\u00e2ce \u00e0 ce masseur de luxe contr\u00f4l\u00e9 par application.<\/p>\n<p>- L'innovant WaveMotion\u2122 du bras caressant offre des caresses rythm\u00e9es et centr\u00e9es sur le point G.<\/p>\n<p>- Les deux moteurs offrent 10 niveaux de vibrations profondes, synchronis\u00e9es et intens\u00e9ment satisfaisantes.<\/p>\n<p>- Enti\u00e8rement \u00e9tanche et rechargeable par USB, il se glisse dans votre valise pour des voyages joyeux.<\/p>\n<p>- Enregistrez-vous aupr\u00e8s de LELO pour b\u00e9n\u00e9ficier d'une garantie d'un an<\/p>","protected":false},"featured_media":6365,"comment_status":"open","ping_status":"closed","template":"","meta":{"_seopress_robots_primary_cat":"none","_seopress_titles_title":"","_seopress_titles_desc":"","_seopress_robots_index":""},"product_brand":[],"product_cat":[15,133,115],"product_tag":[189,138,186,161],"class_list":{"0":"post-6362","1":"product","2":"type-product","3":"status-publish","4":"has-post-thumbnail","6":"product_cat-all-products","7":"product_cat-sex-toys","8":"product_cat-vibrators","9":"product_tag-all","10":"product_tag-app-controlled-vibrators","11":"product_tag-female","12":"product_tag-rechargeable","13":"pa_color-coral","15":"first","16":"instock","17":"taxable","18":"shipping-taxable","19":"purchasable","20":"product-type-variable","21":"wvs-archive-product-wrapper"},"acf":[],"_links":{"self":[{"href":"https:\/\/tucbo.com\/fr\/wp-json\/wp\/v2\/product\/6362","targetHints":{"allow":["GET"]}}],"collection":[{"href":"https:\/\/tucbo.com\/fr\/wp-json\/wp\/v2\/product"}],"about":[{"href":"https:\/\/tucbo.com\/fr\/wp-json\/wp\/v2\/types\/product"}],"replies":[{"embeddable":true,"href":"https:\/\/tucbo.com\/fr\/wp-json\/wp\/v2\/comments?post=6362"}],"wp:featuredmedia":[{"embeddable":true,"href":"https:\/\/tucbo.com\/fr\/wp-json\/wp\/v2\/media\/6365"}],"wp:attachment":[{"href":"https:\/\/tucbo.com\/fr\/wp-json\/wp\/v2\/media?parent=6362"}],"wp:term":[{"taxonomy":"product_brand","embeddable":true,"href":"https:\/\/tucbo.com\/fr\/wp-json\/wp\/v2\/product_brand?post=6362"},{"taxonomy":"product_cat","embeddable":true,"href":"https:\/\/tucbo.com\/fr\/wp-json\/wp\/v2\/product_cat?post=6362"},{"taxonomy":"product_tag","embeddable":true,"href":"https:\/\/tucbo.com\/fr\/wp-json\/wp\/v2\/product_tag?post=6362"}],"curies":[{"name":"wp","href":"https:\/\/api.w.org\/{rel}","templated":true}]}}