{"id":6347,"date":"2025-06-24T23:49:34","date_gmt":"2025-06-24T15:49:34","guid":{"rendered":"https:\/\/tucbo.com\/?post_type=product&#038;p=6347"},"modified":"2025-08-08T21:19:02","modified_gmt":"2025-08-08T13:19:02","slug":"we-vibe-moxie-black-10-function-approlled-clitoral-vibrator","status":"publish","type":"product","link":"https:\/\/tucbo.com\/fr\/product\/we-vibe-moxie-black-10-function-approlled-clitoral-vibrator\/","title":{"rendered":"We-Vibe Moxie+ Black 10 Function App Controlled Clitoral Vibrator"},"content":{"rendered":"<table class=\"contacttbl\" cellspacing=\"0\">\n<tbody>\n<tr>\n<td>Colour<\/td>\n<td>Noir<\/td>\n<\/tr>\n<tr>\n<td>Mat\u00e9riau<\/td>\n<td>Silicone<\/td>\n<\/tr>\n<tr>\n<td>Caract\u00e9ristiques<\/td>\n<td>Vibrateur clitoridien extr\u00eamement silencieux avec 10 intensit\u00e9s de vibration. Id\u00e9al pour une utilisation en solo ou en couple, il se contr\u00f4le \u00e0 l'aide de la petite t\u00e9l\u00e9commande ou de l'application We-Vibe pour un plaisir \u00e0 plus longue distance.<\/td>\n<\/tr>\n<tr>\n<td>Longueur totale<\/td>\n<td>3 pouces<\/td>\n<\/tr>\n<tr>\n<td>Circonf\u00e9rence<\/td>\n<td>3 pouces<\/td>\n<\/tr>\n<tr>\n<td>Imperm\u00e9able \u00e0 l'eau ?<\/td>\n<td>Oui<\/td>\n<\/tr>\n<tr>\n<td>Puissance<\/td>\n<td>Magn\u00e9tique Rechargeable par USB<\/td>\n<\/tr>\n<\/tbody>\n<\/table>","protected":false},"excerpt":{"rendered":"<p>- Portez ce vibrateur clitoridien silencieux pour des sessions sensuelles en solo ou pour jouer \u00e0 deux \u00e0 distance.<\/p>\n<p>- D\u00e9couvrez dix intensit\u00e9s et mod\u00e8les de vibrations grin\u00e7antes gr\u00e2ce \u00e0 la t\u00e9l\u00e9commande \u00e9l\u00e9gante et r\u00e9sistante aux \u00e9claboussures.<\/p>\n<p>- Le clip magn\u00e9tique maintient le Moxie+ ergonomique en place pour des orgasmes discrets et mains libres.<\/p>\n<p>- Connectez-vous \u00e0 l'application Bluetooth We-Vibe gratuite pour des possibilit\u00e9s de plaisir infinies dans la pi\u00e8ce ou dans le monde entier.<\/p>\n<p>- Fabriqu\u00e9 en silicone noir satin\u00e9 100 % imperm\u00e9able pour s'amuser dans la chambre \u00e0 coucher, la salle de bain et au-del\u00e0 !<\/p>\n<p>- Rechargez avec l'USB magn\u00e9tique pour jusqu'\u00e0 2 heures d'autonomie avec le mode veille qui permet d'\u00e9conomiser la batterie.<\/p>\n<p>- Enregistrez-vous aupr\u00e8s de We-Vibe pour b\u00e9n\u00e9ficier d'une garantie de 2 ans.<\/p>","protected":false},"featured_media":6350,"comment_status":"open","ping_status":"closed","template":"","meta":{"_seopress_robots_primary_cat":"none","_seopress_titles_title":"","_seopress_titles_desc":"","_seopress_robots_index":""},"product_brand":[],"product_cat":[15,133,115],"product_tag":[189,138,186,161],"class_list":{"0":"post-6347","1":"product","2":"type-product","3":"status-publish","4":"has-post-thumbnail","6":"product_cat-all-products","7":"product_cat-sex-toys","8":"product_cat-vibrators","9":"product_tag-all","10":"product_tag-app-controlled-vibrators","11":"product_tag-female","12":"product_tag-rechargeable","13":"pa_color-black","15":"first","16":"instock","17":"taxable","18":"shipping-taxable","19":"purchasable","20":"product-type-variable","21":"wvs-archive-product-wrapper"},"acf":[],"_links":{"self":[{"href":"https:\/\/tucbo.com\/fr\/wp-json\/wp\/v2\/product\/6347","targetHints":{"allow":["GET"]}}],"collection":[{"href":"https:\/\/tucbo.com\/fr\/wp-json\/wp\/v2\/product"}],"about":[{"href":"https:\/\/tucbo.com\/fr\/wp-json\/wp\/v2\/types\/product"}],"replies":[{"embeddable":true,"href":"https:\/\/tucbo.com\/fr\/wp-json\/wp\/v2\/comments?post=6347"}],"wp:featuredmedia":[{"embeddable":true,"href":"https:\/\/tucbo.com\/fr\/wp-json\/wp\/v2\/media\/6350"}],"wp:attachment":[{"href":"https:\/\/tucbo.com\/fr\/wp-json\/wp\/v2\/media?parent=6347"}],"wp:term":[{"taxonomy":"product_brand","embeddable":true,"href":"https:\/\/tucbo.com\/fr\/wp-json\/wp\/v2\/product_brand?post=6347"},{"taxonomy":"product_cat","embeddable":true,"href":"https:\/\/tucbo.com\/fr\/wp-json\/wp\/v2\/product_cat?post=6347"},{"taxonomy":"product_tag","embeddable":true,"href":"https:\/\/tucbo.com\/fr\/wp-json\/wp\/v2\/product_tag?post=6347"}],"curies":[{"name":"wp","href":"https:\/\/api.w.org\/{rel}","templated":true}]}}