{"id":6337,"date":"2025-06-24T23:45:10","date_gmt":"2025-06-24T15:45:10","guid":{"rendered":"https:\/\/tucbo.com\/?post_type=product&#038;p=6337"},"modified":"2025-08-08T21:19:25","modified_gmt":"2025-08-08T13:19:25","slug":"we-vibe-sync-go-purple-10-fonction-app-controlled-couples-vibrator","status":"publish","type":"product","link":"https:\/\/tucbo.com\/fr\/product\/we-vibe-sync-go-purple-10-fonction-app-controlled-couples-vibrator\/","title":{"rendered":"We-Vibe Sync Go Purple 10 Function App Controlled Couples Vibrator"},"content":{"rendered":"<table class=\"contacttbl\" cellspacing=\"0\">\n<tbody>\n<tr>\n<td>Colour<\/td>\n<td>Pourpre<\/td>\n<\/tr>\n<tr>\n<td>Mat\u00e9riau<\/td>\n<td>Silicone<\/td>\n<\/tr>\n<tr>\n<td>Caract\u00e9ristiques<\/td>\n<td>Le design ergonomique permet de partager les vibrations. Contr\u00f4l\u00e9 par une application pour une utilisation en solo ou en couple. Plusieurs r\u00e9glages de vibrations au choix.<\/td>\n<\/tr>\n<tr>\n<td>Longueur d'insertion<\/td>\n<td>3 pouces<\/td>\n<\/tr>\n<tr>\n<td>Circonf\u00e9rence<\/td>\n<td>2,2 pouces<\/td>\n<\/tr>\n<tr>\n<td>Imperm\u00e9able \u00e0 l'eau ?<\/td>\n<td>Oui<\/td>\n<\/tr>\n<tr>\n<td>Puissance<\/td>\n<td>Magn\u00e9tique Rechargeable par USB<\/td>\n<\/tr>\n<\/tbody>\n<\/table>","protected":false},"excerpt":{"rendered":"<p>- Partez \u00e0 l'aventure avec le dernier vibrateur de couple de We-Vibe, facile \u00e0 transporter.<\/p>\n<p>- Sa forme ergonomique vous permet de partager les vibrations pendant les rapports sexuels gr\u00e2ce \u00e0 ses deux moteurs puissants.<\/p>\n<p>- Connectez-vous \u00e0 l'application Bluetooth We-Vibe gratuite pour des vibrations sensationnelles, que vous jouiez seul ou avec votre partenaire.<\/p>\n<p>- L'\u00e9tui durable et discret permet de conserver votre Sync Go en parfait \u00e9tat pour vous amuser en d\u00e9placement.<\/p>\n<p>- Chargement magn\u00e9tique par USB et silicone \u00e9tanche pour une stimulation sans effort o\u00f9 que vous soyez !<\/p>\n<p>- Enregistrez-vous aupr\u00e8s de We-Vibe pour b\u00e9n\u00e9ficier d'une garantie de 2 ans.<\/p>","protected":false},"featured_media":6340,"comment_status":"open","ping_status":"closed","template":"","meta":{"_seopress_robots_primary_cat":"none","_seopress_titles_title":"","_seopress_titles_desc":"","_seopress_robots_index":""},"product_brand":[],"product_cat":[15,133,115],"product_tag":[189,138,186,161],"class_list":{"0":"post-6337","1":"product","2":"type-product","3":"status-publish","4":"has-post-thumbnail","6":"product_cat-all-products","7":"product_cat-sex-toys","8":"product_cat-vibrators","9":"product_tag-all","10":"product_tag-app-controlled-vibrators","11":"product_tag-female","12":"product_tag-rechargeable","13":"pa_color-purple","15":"first","16":"instock","17":"taxable","18":"shipping-taxable","19":"purchasable","20":"product-type-variable","21":"wvs-archive-product-wrapper"},"acf":[],"_links":{"self":[{"href":"https:\/\/tucbo.com\/fr\/wp-json\/wp\/v2\/product\/6337","targetHints":{"allow":["GET"]}}],"collection":[{"href":"https:\/\/tucbo.com\/fr\/wp-json\/wp\/v2\/product"}],"about":[{"href":"https:\/\/tucbo.com\/fr\/wp-json\/wp\/v2\/types\/product"}],"replies":[{"embeddable":true,"href":"https:\/\/tucbo.com\/fr\/wp-json\/wp\/v2\/comments?post=6337"}],"wp:featuredmedia":[{"embeddable":true,"href":"https:\/\/tucbo.com\/fr\/wp-json\/wp\/v2\/media\/6340"}],"wp:attachment":[{"href":"https:\/\/tucbo.com\/fr\/wp-json\/wp\/v2\/media?parent=6337"}],"wp:term":[{"taxonomy":"product_brand","embeddable":true,"href":"https:\/\/tucbo.com\/fr\/wp-json\/wp\/v2\/product_brand?post=6337"},{"taxonomy":"product_cat","embeddable":true,"href":"https:\/\/tucbo.com\/fr\/wp-json\/wp\/v2\/product_cat?post=6337"},{"taxonomy":"product_tag","embeddable":true,"href":"https:\/\/tucbo.com\/fr\/wp-json\/wp\/v2\/product_tag?post=6337"}],"curies":[{"name":"wp","href":"https:\/\/api.w.org\/{rel}","templated":true}]}}