{"id":6328,"date":"2025-06-24T23:42:44","date_gmt":"2025-06-24T15:42:44","guid":{"rendered":"https:\/\/tucbo.com\/?post_type=product&#038;p=6328"},"modified":"2025-08-08T21:20:03","modified_gmt":"2025-08-08T13:20:03","slug":"we-vibe-jive-pink-10-function-app-control-rechargeable-love-egg","status":"publish","type":"product","link":"https:\/\/tucbo.com\/fr\/product\/we-vibe-jive-pink-10-function-app-control-rechargeable-love-egg\/","title":{"rendered":"We-Vibe Jive Pink 10 Function App Control Rechargeable Love Egg"},"content":{"rendered":"<table class=\"contacttbl\" cellspacing=\"0\">\n<tbody>\n<tr>\n<td>Colour<\/td>\n<td>Rose<\/td>\n<\/tr>\n<tr>\n<td>Mat\u00e9riau<\/td>\n<td>Silicone<\/td>\n<\/tr>\n<tr>\n<td>Caract\u00e9ristiques<\/td>\n<td>10 Puissantes vibrations, design confortable, compatible avec l'application We-Connect pour jouer dans la m\u00eame pi\u00e8ce ou n'importe o\u00f9 dans le monde<\/td>\n<\/tr>\n<tr>\n<td>Longueur<\/td>\n<td>3,5 pouces<\/td>\n<\/tr>\n<tr>\n<td>Largeur<\/td>\n<td>2,5 pouces<\/td>\n<\/tr>\n<tr>\n<td>Imperm\u00e9able \u00e0 l'eau ?<\/td>\n<td>Oui<\/td>\n<\/tr>\n<tr>\n<td>Puissance<\/td>\n<td>Rechargeable par USB<\/td>\n<\/tr>\n<tr>\n<td>Bon pour<\/td>\n<td>Personnes ayant des probl\u00e8mes de mobilit\u00e9<\/td>\n<\/tr>\n<\/tbody>\n<\/table>","protected":false},"excerpt":{"rendered":"<p>- L'\u0153uf d'amour de luxe est dot\u00e9 de 10 modes de vibration pour un plaisir discret du point G, sans les mains.<\/p>\n<p>- L'\u0153uf en silicone doux au toucher se blottit contre votre point G. Un cordon flexible permet de le r\u00e9cup\u00e9rer facilement.<\/p>\n<p>- \u00c0 la maison, en public ou dans des pays \u00e9loign\u00e9s ; les jeux de couple sont \u00e0 port\u00e9e de clic avec l'application gratuite We-Connect\u2122.<\/p>\n<p>- Rechargeable par USB ; une LED d'avertissement d'alimentation garantit que votre Jive est toujours pr\u00eat lorsque vous l'\u00eates.<\/p>\n<p>- La conception portable et la commande par application sont id\u00e9ales pour les utilisateurs \u00e0 mobilit\u00e9 r\u00e9duite.<\/p>\n<p>- Enregistrez votre achat aupr\u00e8s de We-Vibe pour b\u00e9n\u00e9ficier d'une garantie de 2 ans.<\/p>","protected":false},"featured_media":6331,"comment_status":"open","ping_status":"closed","template":"","meta":{"_seopress_robots_primary_cat":"none","_seopress_titles_title":"","_seopress_titles_desc":"","_seopress_robots_index":""},"product_brand":[],"product_cat":[15,133,115],"product_tag":[189,138,186,161],"class_list":{"0":"post-6328","1":"product","2":"type-product","3":"status-publish","4":"has-post-thumbnail","6":"product_cat-all-products","7":"product_cat-sex-toys","8":"product_cat-vibrators","9":"product_tag-all","10":"product_tag-app-controlled-vibrators","11":"product_tag-female","12":"product_tag-rechargeable","13":"pa_color-pink","15":"first","16":"instock","17":"taxable","18":"shipping-taxable","19":"purchasable","20":"product-type-variable","21":"wvs-archive-product-wrapper"},"acf":[],"_links":{"self":[{"href":"https:\/\/tucbo.com\/fr\/wp-json\/wp\/v2\/product\/6328","targetHints":{"allow":["GET"]}}],"collection":[{"href":"https:\/\/tucbo.com\/fr\/wp-json\/wp\/v2\/product"}],"about":[{"href":"https:\/\/tucbo.com\/fr\/wp-json\/wp\/v2\/types\/product"}],"replies":[{"embeddable":true,"href":"https:\/\/tucbo.com\/fr\/wp-json\/wp\/v2\/comments?post=6328"}],"wp:featuredmedia":[{"embeddable":true,"href":"https:\/\/tucbo.com\/fr\/wp-json\/wp\/v2\/media\/6331"}],"wp:attachment":[{"href":"https:\/\/tucbo.com\/fr\/wp-json\/wp\/v2\/media?parent=6328"}],"wp:term":[{"taxonomy":"product_brand","embeddable":true,"href":"https:\/\/tucbo.com\/fr\/wp-json\/wp\/v2\/product_brand?post=6328"},{"taxonomy":"product_cat","embeddable":true,"href":"https:\/\/tucbo.com\/fr\/wp-json\/wp\/v2\/product_cat?post=6328"},{"taxonomy":"product_tag","embeddable":true,"href":"https:\/\/tucbo.com\/fr\/wp-json\/wp\/v2\/product_tag?post=6328"}],"curies":[{"name":"wp","href":"https:\/\/api.w.org\/{rel}","templated":true}]}}