{"id":6313,"date":"2025-06-24T23:28:37","date_gmt":"2025-06-24T15:28:37","guid":{"rendered":"https:\/\/tucbo.com\/?post_type=product&#038;p=6313"},"modified":"2025-08-08T21:20:48","modified_gmt":"2025-08-08T13:20:48","slug":"satisfyer-mono-flex-app-controlled-rechargeable-rabbit-vibrator","status":"publish","type":"product","link":"https:\/\/tucbo.com\/fr\/product\/satisfyer-mono-flex-app-controlled-rechargeable-rabbit-vibrator\/","title":{"rendered":"Satisfyer Mono Flex Vibrateur lapin rechargeable contr\u00f4l\u00e9 par application"},"content":{"rendered":"<table class=\"contacttbl\" cellspacing=\"0\">\n<tbody>\n<tr>\n<td>Colour<\/td>\n<td>Rouge<\/td>\n<\/tr>\n<tr>\n<td>Mat\u00e9riau<\/td>\n<td>Silicone<\/td>\n<\/tr>\n<tr>\n<td>Caract\u00e9ristiques<\/td>\n<td>Tige flexible et stimulateur de clitoris, 2 moteurs puissants, choix entre une vari\u00e9t\u00e9 de mod\u00e8les et de vibrations contr\u00f4l\u00e9s par l'application ou le jouet lui-m\u00eame.<\/td>\n<\/tr>\n<tr>\n<td>Longueur d'insertion<\/td>\n<td>4,5 pouces<\/td>\n<\/tr>\n<tr>\n<td>Longueur totale<\/td>\n<td>7,7 pouces<\/td>\n<\/tr>\n<tr>\n<td>Diamant<\/td>\n<td>1,4 pouces<\/td>\n<\/tr>\n<tr>\n<td>Imperm\u00e9able \u00e0 l'eau<\/td>\n<td>Oui<\/td>\n<\/tr>\n<tr>\n<td>Puissance<\/td>\n<td>Rechargeable par USB<\/td>\n<\/tr>\n<\/tbody>\n<\/table>","protected":false},"excerpt":{"rendered":"<p>- Ce vibromasseur lapin haut de gamme vous permettra d'atteindre votre potentiel de plaisir.<\/p>\n<p>- Le silicone doux comme du velours s'adapte \u00e0 votre forme, activant le point G et le clitoris en m\u00eame temps !<\/p>\n<p>- D\u00e9couvrez des fonctions personnalisables \u00e0 l'infini - sans contact - gr\u00e2ce \u00e0 l'application Satisfyer prim\u00e9e.<\/p>\n<p>- B\u00e9n\u00e9ficiez d'avantages \u00e9cologiques et conviviaux en voyage gr\u00e2ce \u00e0 la charge USB magn\u00e9tique<\/p>\n<p>- Indice d'\u00e9tanch\u00e9it\u00e9 IPX7 jusqu'\u00e0 1 m\u00e8tre pendant 30 minutes<\/p>\n<p>- Compatible avec les smartphones Android ou Apple, les tablettes et les montres Apple compatibles Bluetooth<\/p>\n<p>- Enregistrez votre Mono Flex aupr\u00e8s de Satisfyer pour b\u00e9n\u00e9ficier d'une garantie de 15 ans.<\/p>","protected":false},"featured_media":6316,"comment_status":"open","ping_status":"closed","template":"","meta":{"_seopress_robots_primary_cat":"none","_seopress_titles_title":"","_seopress_titles_desc":"","_seopress_robots_index":""},"product_brand":[],"product_cat":[15,133,115],"product_tag":[189,138,186,161],"class_list":{"0":"post-6313","1":"product","2":"type-product","3":"status-publish","4":"has-post-thumbnail","6":"product_cat-all-products","7":"product_cat-sex-toys","8":"product_cat-vibrators","9":"product_tag-all","10":"product_tag-app-controlled-vibrators","11":"product_tag-female","12":"product_tag-rechargeable","13":"pa_color-red","15":"first","16":"instock","17":"taxable","18":"shipping-taxable","19":"purchasable","20":"product-type-variable","21":"wvs-archive-product-wrapper"},"acf":[],"_links":{"self":[{"href":"https:\/\/tucbo.com\/fr\/wp-json\/wp\/v2\/product\/6313","targetHints":{"allow":["GET"]}}],"collection":[{"href":"https:\/\/tucbo.com\/fr\/wp-json\/wp\/v2\/product"}],"about":[{"href":"https:\/\/tucbo.com\/fr\/wp-json\/wp\/v2\/types\/product"}],"replies":[{"embeddable":true,"href":"https:\/\/tucbo.com\/fr\/wp-json\/wp\/v2\/comments?post=6313"}],"wp:featuredmedia":[{"embeddable":true,"href":"https:\/\/tucbo.com\/fr\/wp-json\/wp\/v2\/media\/6316"}],"wp:attachment":[{"href":"https:\/\/tucbo.com\/fr\/wp-json\/wp\/v2\/media?parent=6313"}],"wp:term":[{"taxonomy":"product_brand","embeddable":true,"href":"https:\/\/tucbo.com\/fr\/wp-json\/wp\/v2\/product_brand?post=6313"},{"taxonomy":"product_cat","embeddable":true,"href":"https:\/\/tucbo.com\/fr\/wp-json\/wp\/v2\/product_cat?post=6313"},{"taxonomy":"product_tag","embeddable":true,"href":"https:\/\/tucbo.com\/fr\/wp-json\/wp\/v2\/product_tag?post=6313"}],"curies":[{"name":"wp","href":"https:\/\/api.w.org\/{rel}","templated":true}]}}