{"id":6293,"date":"2025-06-23T22:50:31","date_gmt":"2025-06-23T14:50:31","guid":{"rendered":"https:\/\/tucbo.com\/?post_type=product&#038;p=6293"},"modified":"2025-08-08T21:21:40","modified_gmt":"2025-08-08T13:21:40","slug":"vibromasseur-rabbit-we-vibe-nova-2-controle-par-application","status":"publish","type":"product","link":"https:\/\/tucbo.com\/fr\/product\/vibromasseur-rabbit-we-vibe-nova-2-controle-par-application\/","title":{"rendered":"We-Vibe Nova 2 Vibrateur lapin contr\u00f4l\u00e9 par application"},"content":{"rendered":"<table class=\"contacttbl\" cellspacing=\"0\">\n<tbody>\n<tr>\n<td>Colour<\/td>\n<td>Rose<\/td>\n<\/tr>\n<tr>\n<td>Mat\u00e9riau<\/td>\n<td>Silicone<\/td>\n<\/tr>\n<tr>\n<td>Caract\u00e9ristiques<\/td>\n<td>10 r\u00e9glages de vibration, stimulation flexible du point G et du clitoris, contr\u00f4le via application et garantie de 2 ans par We Vibe.<\/td>\n<\/tr>\n<tr>\n<td>Longueur d'insertion<\/td>\n<td>5 pouces<\/td>\n<\/tr>\n<tr>\n<td>Longueur totale<\/td>\n<td>22,3 cm<\/td>\n<\/tr>\n<tr>\n<td>Diam\u00e8tre<\/td>\n<td>1,4 pouces<\/td>\n<\/tr>\n<tr>\n<td>Imperm\u00e9able \u00e0 l'eau ?<\/td>\n<td>Oui<\/td>\n<\/tr>\n<tr>\n<td>Puissance<\/td>\n<td>Rechargeable par USB<\/td>\n<\/tr>\n<\/tbody>\n<\/table>","protected":false},"excerpt":{"rendered":"<p>\u2022 Profitez de dix modes irr\u00e9sistibles gr\u00e2ce \u00e0 deux moteurs pour une stimulation combin\u00e9e.<\/p>\n<p>\u2022 Stimulateur clitoridien flexible qui s'adapte \u00e0 votre corps pour un contact vibrant constant<\/p>\n<p>\u2022 Stimulateur du point G articul\u00e9 de 12,7 cm qui s'adapte \u00e0 votre morphologie intime pour un plaisir pr\u00e9cis.<\/p>\n<p>\u2022 100 % \u00e9tanche avec recharge USB, alerte de batterie faible et verrouillage pratique pour le transport<\/p>\n<p>\u2022 Interagissez \u00e0 distance via l'application We-Connect pour explorer les fonctions personnalis\u00e9es depuis votre t\u00e9l\u00e9phone.<\/p>\n<p>\u2022 Garantie de deux ans, guide d'utilisation, sac de rangement et lubrifiant Pjur inclus<\/p>\n<p>\u2022 Enregistrez votre achat aupr\u00e8s de We-Vibe pour b\u00e9n\u00e9ficier d'une garantie de 2 ans.<\/p>","protected":false},"featured_media":6296,"comment_status":"open","ping_status":"closed","template":"","meta":{"_seopress_robots_primary_cat":"none","_seopress_titles_title":"","_seopress_titles_desc":"","_seopress_robots_index":""},"product_brand":[],"product_cat":[15,133,115],"product_tag":[189,138,186,161],"class_list":{"0":"post-6293","1":"product","2":"type-product","3":"status-publish","4":"has-post-thumbnail","6":"product_cat-all-products","7":"product_cat-sex-toys","8":"product_cat-vibrators","9":"product_tag-all","10":"product_tag-app-controlled-vibrators","11":"product_tag-female","12":"product_tag-rechargeable","13":"pa_color-pink","15":"first","16":"instock","17":"taxable","18":"shipping-taxable","19":"purchasable","20":"product-type-variable","21":"wvs-archive-product-wrapper"},"acf":[],"_links":{"self":[{"href":"https:\/\/tucbo.com\/fr\/wp-json\/wp\/v2\/product\/6293","targetHints":{"allow":["GET"]}}],"collection":[{"href":"https:\/\/tucbo.com\/fr\/wp-json\/wp\/v2\/product"}],"about":[{"href":"https:\/\/tucbo.com\/fr\/wp-json\/wp\/v2\/types\/product"}],"replies":[{"embeddable":true,"href":"https:\/\/tucbo.com\/fr\/wp-json\/wp\/v2\/comments?post=6293"}],"wp:featuredmedia":[{"embeddable":true,"href":"https:\/\/tucbo.com\/fr\/wp-json\/wp\/v2\/media\/6296"}],"wp:attachment":[{"href":"https:\/\/tucbo.com\/fr\/wp-json\/wp\/v2\/media?parent=6293"}],"wp:term":[{"taxonomy":"product_brand","embeddable":true,"href":"https:\/\/tucbo.com\/fr\/wp-json\/wp\/v2\/product_brand?post=6293"},{"taxonomy":"product_cat","embeddable":true,"href":"https:\/\/tucbo.com\/fr\/wp-json\/wp\/v2\/product_cat?post=6293"},{"taxonomy":"product_tag","embeddable":true,"href":"https:\/\/tucbo.com\/fr\/wp-json\/wp\/v2\/product_tag?post=6293"}],"curies":[{"name":"wp","href":"https:\/\/api.w.org\/{rel}","templated":true}]}}