{"id":6185,"date":"2025-06-21T19:36:52","date_gmt":"2025-06-21T11:36:52","guid":{"rendered":"https:\/\/tucbo.com\/?post_type=product&#038;p=6185"},"modified":"2025-08-08T21:22:48","modified_gmt":"2025-08-08T13:22:48","slug":"satisfyer-curvy-1-stimulateur-clitoridien-rechargeable-controle-par-application","status":"publish","type":"product","link":"https:\/\/tucbo.com\/fr\/product\/satisfyer-curvy-1-stimulateur-clitoridien-rechargeable-controle-par-application\/","title":{"rendered":"Satisfyer Curvy 1+ Stimulateur clito rechargeable contr\u00f4l\u00e9 par application"},"content":{"rendered":"<table class=\"contacttbl\" cellspacing=\"0\">\n<tbody>\n<tr>\n<td>Colour<\/td>\n<td>Bourgogne<\/td>\n<\/tr>\n<tr>\n<td>Mat\u00e9riau<\/td>\n<td>Silicone<\/td>\n<\/tr>\n<tr>\n<td>Caract\u00e9ristiques<\/td>\n<td>Les ondes de pression et les vibrations stimulent le clitoris. Utilisez les modes pr\u00e9d\u00e9finis de l'application ou personnalisez-les. Peut \u00eatre utilis\u00e9 avec ou sans l'application. Boutons tactiles faciles \u00e0 utiliser. 2 moteurs puissants et silencieux. Enti\u00e8rement \u00e9tanche.<\/td>\n<\/tr>\n<tr>\n<td>Longueur<\/td>\n<td>6 pouces<\/td>\n<\/tr>\n<tr>\n<td>Diam\u00e8tre<\/td>\n<td>1,25 \u00e0 1,75 pouces au point le plus large<\/td>\n<\/tr>\n<tr>\n<td>Imperm\u00e9able \u00e0 l'eau<\/td>\n<td>Oui<\/td>\n<\/tr>\n<tr>\n<td>Puissance<\/td>\n<td>Rechargeable par USB<\/td>\n<\/tr>\n<\/tbody>\n<\/table>","protected":false},"excerpt":{"rendered":"<p>\u2022 Le vibromasseur clitoridien nouvelle g\u00e9n\u00e9ration combine une stimulation par impulsions d'air et des vibrations intenses.<\/p>\n<p>\u2022 Jouez hors ligne ou sans contact gr\u00e2ce \u00e0 l'application Satisfyer, une t\u00e9l\u00e9commande prim\u00e9e qui vous offre un plaisir infini et personnalisable.<\/p>\n<p>\u2022 Vibration discr\u00e8te avec mode \u00ab Whisper \u00bb pour une stimulation quasi silencieuse d'une simple pression sur un bouton<\/p>\n<p>\u2022 Chargement USB magn\u00e9tique pour des avantages \u00e9cologiques et pratiques en voyage<\/p>\n<p>\u2022 Le silicone rouge sans danger pour le corps est \u00e9tanche jusqu'\u00e0 1 m\u00e8tre pendant 30 minutes.<\/p>\n<p>\u2022 Compatible avec tous les smartphones et tablettes Android ou Apple \u00e9quip\u00e9s de la technologie Bluetooth, ainsi qu'avec l'Apple Watch.<\/p>\n<p>\u2022 Enregistrez votre achat aupr\u00e8s de Satisfyer pour b\u00e9n\u00e9ficier d'une garantie de 15 ans.<\/p>","protected":false},"featured_media":6189,"comment_status":"open","ping_status":"closed","template":"","meta":{"_seopress_robots_primary_cat":"none","_seopress_titles_title":"","_seopress_titles_desc":"","_seopress_robots_index":""},"product_brand":[],"product_cat":[15,133,115],"product_tag":[189,138,186,161],"class_list":{"0":"post-6185","1":"product","2":"type-product","3":"status-publish","4":"has-post-thumbnail","6":"product_cat-all-products","7":"product_cat-sex-toys","8":"product_cat-vibrators","9":"product_tag-all","10":"product_tag-app-controlled-vibrators","11":"product_tag-female","12":"product_tag-rechargeable","13":"pa_color-burgundy","15":"first","16":"instock","17":"taxable","18":"shipping-taxable","19":"purchasable","20":"product-type-variable","21":"wvs-archive-product-wrapper"},"acf":[],"_links":{"self":[{"href":"https:\/\/tucbo.com\/fr\/wp-json\/wp\/v2\/product\/6185","targetHints":{"allow":["GET"]}}],"collection":[{"href":"https:\/\/tucbo.com\/fr\/wp-json\/wp\/v2\/product"}],"about":[{"href":"https:\/\/tucbo.com\/fr\/wp-json\/wp\/v2\/types\/product"}],"replies":[{"embeddable":true,"href":"https:\/\/tucbo.com\/fr\/wp-json\/wp\/v2\/comments?post=6185"}],"wp:featuredmedia":[{"embeddable":true,"href":"https:\/\/tucbo.com\/fr\/wp-json\/wp\/v2\/media\/6189"}],"wp:attachment":[{"href":"https:\/\/tucbo.com\/fr\/wp-json\/wp\/v2\/media?parent=6185"}],"wp:term":[{"taxonomy":"product_brand","embeddable":true,"href":"https:\/\/tucbo.com\/fr\/wp-json\/wp\/v2\/product_brand?post=6185"},{"taxonomy":"product_cat","embeddable":true,"href":"https:\/\/tucbo.com\/fr\/wp-json\/wp\/v2\/product_cat?post=6185"},{"taxonomy":"product_tag","embeddable":true,"href":"https:\/\/tucbo.com\/fr\/wp-json\/wp\/v2\/product_tag?post=6185"}],"curies":[{"name":"wp","href":"https:\/\/api.w.org\/{rel}","templated":true}]}}