{"id":6177,"date":"2025-06-21T18:43:59","date_gmt":"2025-06-21T10:43:59","guid":{"rendered":"https:\/\/tucbo.com\/?post_type=product&#038;p=6177"},"modified":"2025-08-08T21:23:34","modified_gmt":"2025-08-08T13:23:34","slug":"satisfyer-bague-de-signature-controlee-par-application-rechargeable-anneau-penien","status":"publish","type":"product","link":"https:\/\/tucbo.com\/fr\/product\/satisfyer-bague-de-signature-controlee-par-application-rechargeable-anneau-penien\/","title":{"rendered":"Satisfyer Signet Ring Anneau de bite rechargeable contr\u00f4l\u00e9 par application"},"content":{"rendered":"<table class=\"contacttbl\" cellspacing=\"0\">\n<tbody>\n<tr>\n<td>Colour<\/td>\n<td>Noir<\/td>\n<\/tr>\n<tr>\n<td>Mat\u00e9riau<\/td>\n<td>Silicone<\/td>\n<\/tr>\n<tr>\n<td>Caract\u00e9ristiques<\/td>\n<td>Vibrations puissantes, utilisable avec ou sans l'application, moteur silencieux pour une utilisation discr\u00e8te, peut \u00e9galement servir de vibromasseur pour les doigts, enti\u00e8rement \u00e9tanche.<\/td>\n<\/tr>\n<tr>\n<td>Hauteur<\/td>\n<td>3 pouces<\/td>\n<\/tr>\n<tr>\n<td>Diam\u00e8tre int\u00e9rieur<\/td>\n<td>2,8 cm<\/td>\n<\/tr>\n<tr>\n<td>Diam\u00e8tre total<\/td>\n<td>4,5 cm<\/td>\n<\/tr>\n<tr>\n<td>Imperm\u00e9able \u00e0 l'eau<\/td>\n<td>Oui<\/td>\n<\/tr>\n<tr>\n<td>Puissance<\/td>\n<td>Rechargeable par USB<\/td>\n<\/tr>\n<\/tbody>\n<\/table>","protected":false},"excerpt":{"rendered":"<p>\u2022 Un large stimulateur en forme d'anneau fait vibrer le manche pour une pouss\u00e9e qui vous fera trembler les genoux.<\/p>\n<p>\u2022 Acc\u00e9dez \u00e0 une gamme r\u00e9volutionnaire de modes Air Pulse, composez votre propre ambiance ou synchronisez-vous avec vos morceaux pr\u00e9f\u00e9r\u00e9s, sans fil, via l'application prim\u00e9e Satisfyer.<\/p>\n<p>\u2022 Profitez d'une programmation dynamique d'une simple pression sur un bouton, y compris le mode Whisper pour une stimulation quasi silencieuse.<\/p>\n<p>\u2022 Ce jouet polyvalent est \u00e9galement un puissant vibromasseur pour les doigts.<\/p>\n<p>\u2022 \u00c9tanche jusqu'\u00e0 1 m\u00e8tre pendant 30 minutes<\/p>\n<p>\u2022 Chargement USB magn\u00e9tique avec avantages \u00e9cologiques et pratiques pour les voyages<\/p>\n<p>\u2022 Compatible avec tous les smartphones et tablettes Android ou Apple \u00e9quip\u00e9s de la technologie Bluetooth, ainsi qu'avec l'Apple Watch.<\/p>\n<p>\u2022 Enregistrez votre achat aupr\u00e8s de Satisfyer pour b\u00e9n\u00e9ficier d'une garantie de 15 ans.<\/p>","protected":false},"featured_media":6180,"comment_status":"open","ping_status":"closed","template":"","meta":{"_seopress_robots_primary_cat":"none","_seopress_titles_title":"","_seopress_titles_desc":"","_seopress_robots_index":""},"product_brand":[],"product_cat":[15,133,115],"product_tag":[189,138,187,161],"class_list":{"0":"post-6177","1":"product","2":"type-product","3":"status-publish","4":"has-post-thumbnail","6":"product_cat-all-products","7":"product_cat-sex-toys","8":"product_cat-vibrators","9":"product_tag-all","10":"product_tag-app-controlled-vibrators","11":"product_tag-male","12":"product_tag-rechargeable","13":"pa_color-black","15":"first","16":"instock","17":"taxable","18":"shipping-taxable","19":"purchasable","20":"product-type-variable","21":"wvs-archive-product-wrapper"},"acf":[],"_links":{"self":[{"href":"https:\/\/tucbo.com\/fr\/wp-json\/wp\/v2\/product\/6177","targetHints":{"allow":["GET"]}}],"collection":[{"href":"https:\/\/tucbo.com\/fr\/wp-json\/wp\/v2\/product"}],"about":[{"href":"https:\/\/tucbo.com\/fr\/wp-json\/wp\/v2\/types\/product"}],"replies":[{"embeddable":true,"href":"https:\/\/tucbo.com\/fr\/wp-json\/wp\/v2\/comments?post=6177"}],"wp:featuredmedia":[{"embeddable":true,"href":"https:\/\/tucbo.com\/fr\/wp-json\/wp\/v2\/media\/6180"}],"wp:attachment":[{"href":"https:\/\/tucbo.com\/fr\/wp-json\/wp\/v2\/media?parent=6177"}],"wp:term":[{"taxonomy":"product_brand","embeddable":true,"href":"https:\/\/tucbo.com\/fr\/wp-json\/wp\/v2\/product_brand?post=6177"},{"taxonomy":"product_cat","embeddable":true,"href":"https:\/\/tucbo.com\/fr\/wp-json\/wp\/v2\/product_cat?post=6177"},{"taxonomy":"product_tag","embeddable":true,"href":"https:\/\/tucbo.com\/fr\/wp-json\/wp\/v2\/product_tag?post=6177"}],"curies":[{"name":"wp","href":"https:\/\/api.w.org\/{rel}","templated":true}]}}