{"id":6147,"date":"2025-06-21T15:04:22","date_gmt":"2025-06-21T07:04:22","guid":{"rendered":"https:\/\/tucbo.com\/?post_type=product&#038;p=6147"},"modified":"2025-08-08T21:23:58","modified_gmt":"2025-08-08T13:23:58","slug":"application-multifonctionnelle-pour-controler-loeuf-vibrant-love","status":"publish","type":"product","link":"https:\/\/tucbo.com\/fr\/product\/application-multifonctionnelle-pour-controler-loeuf-vibrant-love\/","title":{"rendered":"L'application multifonctionnelle contr\u00f4le l'\u0153uf vibrant d'amour"},"content":{"rendered":"<table class=\"contacttbl\" cellspacing=\"0\">\n<tbody>\n<tr>\n<td>Colour<\/td>\n<td>Rose<\/td>\n<\/tr>\n<tr>\n<td>Mat\u00e9riau<\/td>\n<td>ABS rev\u00eatu de silicone<\/td>\n<\/tr>\n<tr>\n<td>Caract\u00e9ristiques<\/td>\n<td>\u0152uf vibrant rose contr\u00f4l\u00e9 par application avec 4 fonctions : Automatique (modes de vibration pr\u00e9d\u00e9finis), Immersion (contr\u00f4le de la vitesse et de l'intensit\u00e9 des vibrations en \u00ab dessinant \u00bb sur l'\u00e9cran de votre t\u00e9l\u00e9phone), Musique (vibre au rythme de votre biblioth\u00e8que musicale), Longue distance (permet \u00e0 votre partenaire de contr\u00f4ler le jouet depuis n'importe o\u00f9 dans le monde).<\/td>\n<\/tr>\n<tr>\n<td>Longueur totale<\/td>\n<td>7 pouces<\/td>\n<\/tr>\n<tr>\n<td>Longueur d'insertion<\/td>\n<td>2,75 pouces<\/td>\n<\/tr>\n<tr>\n<td>Diam\u00e8tre<\/td>\n<td>1.25 pouces<\/td>\n<\/tr>\n<tr>\n<td>Poids<\/td>\n<td>46 g avec les piles<\/td>\n<\/tr>\n<tr>\n<td>Imperm\u00e9able \u00e0 l'eau ?<\/td>\n<td>Oui<\/td>\n<\/tr>\n<tr>\n<td>Puissance<\/td>\n<td>1 pile AAA (non fournie)<\/td>\n<\/tr>\n<tr>\n<td>D\u00e9tails de l'application<\/td>\n<td>T\u00e9l\u00e9chargez l'application PrettyLove depuis l'App Store d'Apple. Compatible avec Apple iOS 7 et versions ult\u00e9rieures, ainsi qu'avec Android 4 et versions ult\u00e9rieures.<\/td>\n<\/tr>\n<\/tbody>\n<\/table>","protected":false},"excerpt":{"rendered":"<p>\u2022 Laissez libre cours \u00e0 vos fantasmes les plus fous avec cet \u0153uf vibrant puissant et discret.<\/p>\n<p>\u2022 Connectez-vous \u00e0 votre smartphone pour d\u00e9couvrir 12 modes de vibration et 4 fonctions \u00e0 distance.<\/p>\n<p>\u2022 Le plaisir \u00e0 port\u00e9e de main o\u00f9 que vous soyez ; profitez d'un contr\u00f4le \u00e0 distance via Bluetooth gr\u00e2ce \u00e0 l'application gratuite Pretty Love.<\/p>\n<p>\u2022 Ressentez le frisson d'une vibration intense qui r\u00e9sonne \u00e0 travers la coque rigide pour atteindre directement votre point G.<\/p>\n<p>\u2022 Finition en silicone ultra-lisse, douce pour la peau, facile \u00e0 ins\u00e9rer et 100 % \u00e9tanche.<\/p>\n<p>\u2022 \u0152uf id\u00e9al pour une premi\u00e8re utilisation, avec cordon en silicone souple pour un retrait facile, design fin et alimentation par piles.<\/p>\n<p>\u2022 Compatible avec Apple iOS 7 et versions ult\u00e9rieures, et Android 4 et versions ult\u00e9rieures<\/p>","protected":false},"featured_media":6150,"comment_status":"open","ping_status":"closed","template":"","meta":{"_seopress_robots_primary_cat":"none","_seopress_titles_title":"","_seopress_titles_desc":"","_seopress_robots_index":""},"product_brand":[],"product_cat":[15,133,115],"product_tag":[189,138,186,161],"class_list":{"0":"post-6147","1":"product","2":"type-product","3":"status-publish","4":"has-post-thumbnail","6":"product_cat-all-products","7":"product_cat-sex-toys","8":"product_cat-vibrators","9":"product_tag-all","10":"product_tag-app-controlled-vibrators","11":"product_tag-female","12":"product_tag-rechargeable","13":"pa_color-pink","15":"first","16":"instock","17":"taxable","18":"shipping-taxable","19":"purchasable","20":"product-type-variable","21":"wvs-archive-product-wrapper"},"acf":[],"_links":{"self":[{"href":"https:\/\/tucbo.com\/fr\/wp-json\/wp\/v2\/product\/6147","targetHints":{"allow":["GET"]}}],"collection":[{"href":"https:\/\/tucbo.com\/fr\/wp-json\/wp\/v2\/product"}],"about":[{"href":"https:\/\/tucbo.com\/fr\/wp-json\/wp\/v2\/types\/product"}],"replies":[{"embeddable":true,"href":"https:\/\/tucbo.com\/fr\/wp-json\/wp\/v2\/comments?post=6147"}],"wp:featuredmedia":[{"embeddable":true,"href":"https:\/\/tucbo.com\/fr\/wp-json\/wp\/v2\/media\/6150"}],"wp:attachment":[{"href":"https:\/\/tucbo.com\/fr\/wp-json\/wp\/v2\/media?parent=6147"}],"wp:term":[{"taxonomy":"product_brand","embeddable":true,"href":"https:\/\/tucbo.com\/fr\/wp-json\/wp\/v2\/product_brand?post=6147"},{"taxonomy":"product_cat","embeddable":true,"href":"https:\/\/tucbo.com\/fr\/wp-json\/wp\/v2\/product_cat?post=6147"},{"taxonomy":"product_tag","embeddable":true,"href":"https:\/\/tucbo.com\/fr\/wp-json\/wp\/v2\/product_tag?post=6147"}],"curies":[{"name":"wp","href":"https:\/\/api.w.org\/{rel}","templated":true}]}}