{"id":6107,"date":"2025-06-16T23:57:06","date_gmt":"2025-06-16T15:57:06","guid":{"rendered":"https:\/\/tucbo.com\/?post_type=product&#038;p=6107"},"modified":"2025-08-08T21:24:56","modified_gmt":"2025-08-08T13:24:56","slug":"vibromasseur-rechargeable-a-effet-papillon-avec-fonction-de-poussee","status":"publish","type":"product","link":"https:\/\/tucbo.com\/fr\/product\/vibromasseur-rechargeable-a-effet-papillon-avec-fonction-de-poussee\/","title":{"rendered":"Vibromasseur rechargeable Butterfly Effect"},"content":{"rendered":"<p>D\u00e9couvrez trois fonctions palpitantes en une seule avec le vibromasseur rechargeable Butterfly Effect 12 Function Thrusting Vibe pour un orgasme parfaitement harmonieux !<\/p>\n<p>Ce mod\u00e8le dynamique est dot\u00e9 d'un manche transparent de 5 pouces qui stimule votre point G gr\u00e2ce \u00e0 une fonction de pouss\u00e9e puissante, des perles rotatives internes et des textures intens\u00e9ment stimulantes. Pendant ce temps, le stimulateur clitoridien unique en forme de papillon vibre contre votre fleur f\u00e9minine pour vous procurer un plaisir intense qui vous fera planer !<\/p>\n<p>Sa large base est facile \u00e0 saisir et confortable \u00e0 tenir, vous permettant d'explorer en toute simplicit\u00e9 ses douze fonctions dynamiques, allant d'un l\u00e9ger battement \u00e0 un plaisir intense. \u00c9tanche et rechargeable, le Butterfly Effect est pr\u00eat \u00e0 l'emploi \u00e0 tout moment. Vous pouvez \u00e9galement l'emporter dans votre baignoire ou sous votre douche pour une d\u00e9tente sensuelle.<\/p>\n<table class=\"contacttbl\" cellspacing=\"0\">\n<tbody>\n<tr>\n<td>Colour<\/td>\n<td>Pourpre<\/td>\n<\/tr>\n<tr>\n<td>Mat\u00e9riau<\/td>\n<td>TPE<\/td>\n<\/tr>\n<tr>\n<td>Caract\u00e9ristiques<\/td>\n<td>Lapin \u00e0 perles avec un magnifique stimulateur clitoridien en forme de papillon<\/td>\n<\/tr>\n<tr>\n<td>Longueur totale<\/td>\n<td>28 cm<\/td>\n<\/tr>\n<tr>\n<td>Longueur d'insertion<\/td>\n<td>5 pouces<\/td>\n<\/tr>\n<tr>\n<td>Diam\u00e8tre<\/td>\n<td>1,4 pouces<\/td>\n<\/tr>\n<tr>\n<td>Imperm\u00e9able \u00e0 l'eau ?<\/td>\n<td>Oui<\/td>\n<\/tr>\n<tr>\n<td>Puissance<\/td>\n<td>USB rechargeable<\/td>\n<\/tr>\n<\/tbody>\n<\/table>","protected":false},"excerpt":{"rendered":"<p>\u2022 Laissez-vous emporter par le plaisir des mouvements de va-et-vient et de rotation, et par les vibrations d\u00e9licieuses du papillon.<\/p>\n<p>\u2022 Le lapin multifonction est dot\u00e9 d'un anneau en perles rotatif pour la stimulation du point G.<\/p>\n<p>\u2022 La fonction de pouss\u00e9e puissante offre une p\u00e9n\u00e9tration intense.<\/p>\n<p>\u2022 Le stimulateur clitoridien Butterfly satisfait votre point sensible.<\/p>\n<p>\u2022 La grande base est confortable \u00e0 tenir et facile \u00e0 contr\u00f4ler.<\/p>\n<p>\u2022 \u00c9tanche et rechargeable pour des orgasmes torrides \u00e0 tout moment !<\/p>\n<p>&nbsp;<\/p>","protected":false},"featured_media":6110,"comment_status":"open","ping_status":"closed","template":"","meta":{"_seopress_robots_primary_cat":"none","_seopress_titles_title":"","_seopress_titles_desc":"","_seopress_robots_index":""},"product_brand":[],"product_cat":[15,133,115],"product_tag":[189,138,188,186,161],"class_list":{"0":"post-6107","1":"product","2":"type-product","3":"status-publish","4":"has-post-thumbnail","6":"product_cat-all-products","7":"product_cat-sex-toys","8":"product_cat-vibrators","9":"product_tag-all","10":"product_tag-app-controlled-vibrators","11":"product_tag-couples","12":"product_tag-female","13":"product_tag-rechargeable","14":"pa_color-purple","16":"first","17":"instock","18":"taxable","19":"shipping-taxable","20":"purchasable","21":"product-type-variable","22":"wvs-archive-product-wrapper"},"acf":[],"_links":{"self":[{"href":"https:\/\/tucbo.com\/fr\/wp-json\/wp\/v2\/product\/6107","targetHints":{"allow":["GET"]}}],"collection":[{"href":"https:\/\/tucbo.com\/fr\/wp-json\/wp\/v2\/product"}],"about":[{"href":"https:\/\/tucbo.com\/fr\/wp-json\/wp\/v2\/types\/product"}],"replies":[{"embeddable":true,"href":"https:\/\/tucbo.com\/fr\/wp-json\/wp\/v2\/comments?post=6107"}],"wp:featuredmedia":[{"embeddable":true,"href":"https:\/\/tucbo.com\/fr\/wp-json\/wp\/v2\/media\/6110"}],"wp:attachment":[{"href":"https:\/\/tucbo.com\/fr\/wp-json\/wp\/v2\/media?parent=6107"}],"wp:term":[{"taxonomy":"product_brand","embeddable":true,"href":"https:\/\/tucbo.com\/fr\/wp-json\/wp\/v2\/product_brand?post=6107"},{"taxonomy":"product_cat","embeddable":true,"href":"https:\/\/tucbo.com\/fr\/wp-json\/wp\/v2\/product_cat?post=6107"},{"taxonomy":"product_tag","embeddable":true,"href":"https:\/\/tucbo.com\/fr\/wp-json\/wp\/v2\/product_tag?post=6107"}],"curies":[{"name":"wp","href":"https:\/\/api.w.org\/{rel}","templated":true}]}}