{"id":6072,"date":"2025-06-05T22:50:50","date_gmt":"2025-06-05T14:50:50","guid":{"rendered":"https:\/\/tucbo.com\/?page_id=6072"},"modified":"2025-06-19T00:33:00","modified_gmt":"2025-06-18T16:33:00","slug":"livraison-information","status":"publish","type":"page","link":"https:\/\/tucbo.com\/fr\/livraison-information\/","title":{"rendered":"Informations sur la livraison"},"content":{"rendered":"<div data-elementor-type=\"wp-page\" data-elementor-id=\"6072\" class=\"elementor elementor-6072\" data-elementor-settings=\"{&quot;ha_cmc_init_switcher&quot;:&quot;no&quot;}\" data-elementor-post-type=\"page\">\n\t\t\t\t<div data-particle_enable=\"false\" data-particle-mobile-disabled=\"false\" class=\"elementor-element elementor-element-cca2081 e-flex e-con-boxed wpr-particle-no wpr-jarallax-no wpr-parallax-no wpr-sticky-section-no e-con e-parent\" data-id=\"cca2081\" data-element_type=\"container\" data-settings=\"{&quot;_ha_eqh_enable&quot;:false}\">\n\t\t\t\t\t<div class=\"e-con-inner\">\n\t\t\t\t<div class=\"elementor-element elementor-element-fa8fcaf elementor-widget elementor-widget-woocommerce-breadcrumb\" data-id=\"fa8fcaf\" data-element_type=\"widget\" data-widget_type=\"woocommerce-breadcrumb.default\">\n\t\t\t\t\t<nav class=\"woocommerce-breadcrumb\" aria-label=\"Breadcrumb\" data-no-translation=\"\" data-trp-gettext=\"\">Accueil<\/nav>\t\t\t\t<\/div>\n\t\t\t\t\t<\/div>\n\t\t\t\t<\/div>\n\t\t<div data-particle_enable=\"false\" data-particle-mobile-disabled=\"false\" class=\"elementor-element elementor-element-e521ec2 e-flex e-con-boxed wpr-particle-no wpr-jarallax-no wpr-parallax-no wpr-sticky-section-no e-con e-parent\" data-id=\"e521ec2\" data-element_type=\"container\" data-settings=\"{&quot;background_background&quot;:&quot;classic&quot;,&quot;_ha_eqh_enable&quot;:false}\">\n\t\t\t\t\t<div class=\"e-con-inner\">\n\t\t<div data-particle_enable=\"false\" data-particle-mobile-disabled=\"false\" class=\"elementor-element elementor-element-acf4883 e-con-full elementor-hidden-mobile e-flex wpr-particle-no wpr-jarallax-no wpr-parallax-no wpr-sticky-section-no e-con e-child\" data-id=\"acf4883\" data-element_type=\"container\" data-settings=\"{&quot;_ha_eqh_enable&quot;:false}\">\n\t\t\t\t<div class=\"elementor-element elementor-element-98e605a elementor-widget-tablet__width-initial wpr-page-list-vertical wpr-pl-badge-center wpr-pl-icon-center elementor-widget elementor-widget-wpr-page-list\" data-id=\"98e605a\" data-element_type=\"widget\" data-widget_type=\"wpr-page-list.default\">\n\t\t\t\t\t<div class=\"wpr-page-list-wrap\"><ul class=\"wpr-page-list\"><li class=\"wpr-page-list-item elementor-repeater-item-78636b8 wpr-pointer-none wpr-pointer-line-fx wpr-pointer-fx-\"><div><a  href=\"https:\/\/tucbo.com\/fr\/login-register\/\" target=\"_blank\" rel=\"nofollow\" class=\"wpr-no-pointer wpr-pl-title\">Connexion\/Inscription<\/a><\/div><\/li><li class=\"wpr-page-list-item elementor-repeater-item-1e3929e wpr-pointer-none wpr-pointer-line-fx wpr-pointer-fx-\"><div><a  href=\"https:\/\/tucbo.com\/fr\/aide\/\" target=\"_blank\" rel=\"nofollow\" class=\"wpr-no-pointer wpr-pl-title\">A propos de nous<\/a><\/div><\/li><li class=\"wpr-page-list-item elementor-repeater-item-398910b wpr-pointer-none wpr-pointer-line-fx wpr-pointer-fx-\"><div><a  href=\"https:\/\/tucbo.com\/fr\/service-discret\/\" target=\"_blank\" rel=\"nofollow\" class=\"wpr-no-pointer wpr-pl-title\">Service discret<\/a><\/div><\/li><li class=\"wpr-page-list-item elementor-repeater-item-2c91efa wpr-pointer-none wpr-pointer-line-fx wpr-pointer-fx-\"><div><a  href=\"https:\/\/tucbo.com\/fr\/livraison-information\/\" target=\"_blank\" rel=\"nofollow\" class=\"wpr-no-pointer wpr-pl-title\">Options de livraison<\/a><\/div><\/li><li class=\"wpr-page-list-item elementor-repeater-item-ede3842 wpr-pointer-none wpr-pointer-line-fx wpr-pointer-fx-\"><div><a  href=\"https:\/\/tucbo.com\/fr\/remboursement-returns\/\" target=\"_blank\" rel=\"nofollow\" class=\"wpr-no-pointer wpr-pl-title\">Politique de retour<\/a><\/div><\/li><li class=\"wpr-page-list-item elementor-repeater-item-66863f4 wpr-pointer-none wpr-pointer-line-fx wpr-pointer-fx-\"><div><a  href=\"https:\/\/tucbo.com\/fr\/contact\/\" target=\"_blank\" rel=\"nofollow\" class=\"wpr-no-pointer wpr-pl-title\">Contacter Tucbo<\/a><\/div><\/li><li class=\"wpr-page-list-item elementor-repeater-item-1d5b492 wpr-pointer-none wpr-pointer-line-fx wpr-pointer-fx-\"><div><a  href=\"https:\/\/tucbo.com\/fr\/politique-de-confidentialite\/\" target=\"_blank\" rel=\"nofollow\" class=\"wpr-no-pointer wpr-pl-title\">Politique en mati\u00e8re de cookies<\/a><\/div><\/li><li class=\"wpr-page-list-item elementor-repeater-item-b4d8c39 wpr-pointer-none wpr-pointer-line-fx wpr-pointer-fx-\"><div><a   class=\"wpr-no-pointer wpr-pl-title\">Comment acheter chez Tucbo<\/a><\/div><\/li><li class=\"wpr-page-list-item elementor-repeater-item-96956e7 wpr-pointer-none wpr-pointer-line-fx wpr-pointer-fx-\"><div><a   class=\"wpr-no-pointer wpr-pl-title\">Conditions g\u00e9n\u00e9rales d'utilisation<\/a><\/div><\/li><li class=\"wpr-page-list-item elementor-repeater-item-c5dd11c wpr-pointer-none wpr-pointer-line-fx wpr-pointer-fx-\"><div><a   class=\"wpr-no-pointer wpr-pl-title\">Guides<\/a><\/div><\/li><li class=\"wpr-page-list-item elementor-repeater-item-62fc213 wpr-pointer-none wpr-pointer-line-fx wpr-pointer-fx-\"><div><a   class=\"wpr-no-pointer wpr-pl-title\">Codes des bons<\/a><\/div><\/li><li class=\"wpr-page-list-item elementor-repeater-item-dbab9c7 wpr-pointer-none wpr-pointer-line-fx wpr-pointer-fx-\"><div><a   class=\"wpr-no-pointer wpr-pl-title\">Ch\u00e8ques-cadeaux<\/a><\/div><\/li><li class=\"wpr-page-list-item elementor-repeater-item-c845b2e wpr-pointer-none wpr-pointer-line-fx wpr-pointer-fx-\"><div><a  href=\"https:\/\/tucbo.com\/fr\/paiements-en-ligne-securises\/\" target=\"_blank\" rel=\"nofollow\" class=\"wpr-no-pointer wpr-pl-title\">Paiements en ligne s\u00e9curis\u00e9s<\/a><\/div><\/li><li class=\"wpr-page-list-item elementor-repeater-item-4dedf8b wpr-pointer-none wpr-pointer-line-fx wpr-pointer-fx-\"><div><a  href=\"https:\/\/tucbo.com\/fr\/politique-en-matiere-de-cookies\/\" target=\"_blank\" rel=\"nofollow\" class=\"wpr-no-pointer wpr-pl-title\">Politique en mati\u00e8re de cookies<\/a><\/div><\/li><li class=\"wpr-page-list-item elementor-repeater-item-06079d0 wpr-pointer-none wpr-pointer-line-fx wpr-pointer-fx-\"><div><a   class=\"wpr-no-pointer wpr-pl-title\">Blog&amp;Actualit\u00e9s<\/a><\/div><\/li><li class=\"wpr-page-list-item elementor-repeater-item-7f75aa6 wpr-pointer-none wpr-pointer-line-fx wpr-pointer-fx-\"><div><a  href=\"https:\/\/tucbo.com\/fr\/chariot\/\" target=\"_blank\" rel=\"nofollow\" class=\"wpr-no-pointer wpr-pl-title\">Panier<\/a><\/div><\/li><\/ul><\/div>\t\t\t\t<\/div>\n\t\t\t\t<\/div>\n\t\t<div data-particle_enable=\"false\" data-particle-mobile-disabled=\"false\" class=\"elementor-element elementor-element-e5c0c5a e-con-full e-flex wpr-particle-no wpr-jarallax-no wpr-parallax-no wpr-sticky-section-no e-con e-child\" data-id=\"e5c0c5a\" data-element_type=\"container\" data-settings=\"{&quot;_ha_eqh_enable&quot;:false}\">\n\t\t<div data-particle_enable=\"false\" data-particle-mobile-disabled=\"false\" class=\"elementor-element elementor-element-ba131b8 e-con-full e-flex wpr-particle-no wpr-jarallax-no wpr-parallax-no wpr-sticky-section-no e-con e-child\" data-id=\"ba131b8\" data-element_type=\"container\" data-settings=\"{&quot;_ha_eqh_enable&quot;:false}\">\n\t\t\t\t<div class=\"elementor-element elementor-element-d8e31f0 elementor-widget elementor-widget-text-editor\" data-id=\"d8e31f0\" data-element_type=\"widget\" data-widget_type=\"text-editor.default\">\n\t\t\t\t\t\t\t\t\t<h1 class=\"main-page-title page-title h0 scroll-trigger animate--fade-in\">Livraison<\/h1><div class=\"rte scroll-trigger animate--slide-in\"><header class=\"PageHeader\"><div class=\"SectionHeader SectionHeader--center\"><h2 class=\"SectionHeader__Heading Heading u-h1\">D\u00e9lai de livraison total = d\u00e9lai de traitement + d\u00e9lai d'exp\u00e9dition<\/h2><\/div><\/header><div class=\"PageContent PageContent--narrow Rte\"><p>D\u00e9lai de traitement : Avant l'exp\u00e9dition, nous effectuons des contr\u00f4les de qualit\u00e9 et des tests afin de garantir la qualit\u00e9 du produit avant l'envoi. 4-7 jours ouvrables normalement. Toutefois, ce d\u00e9lai peut \u00e9galement d\u00e9pendre de l'\u00e9tat des stocks de l'article. Pour les articles tr\u00e8s demand\u00e9s qui connaissent des probl\u00e8mes de disponibilit\u00e9 de stock, le d\u00e9lai de traitement peut \u00eatre de 5 \u00e0 10 jours ouvrables.<\/p><div class=\"TableWrapper\"><table class=\"tg\"><thead><tr><th class=\"tg-0ys1\">M\u00e9thodes d'exp\u00e9dition<\/th><th class=\"tg-0ys1\">Zone<\/th><th class=\"tg-0ys1\">D\u00e9lai d'exp\u00e9dition<\/th><\/tr><\/thead><tbody><tr><td class=\"tg-jxgv\" rowspan=\"3\">Exp\u00e9dition standard<\/td><td class=\"tg-jxgv\">\u00c9tats-Unis, Canada, Isra\u00ebl<\/td><td class=\"tg-jxgv\" rowspan=\"2\">5-15 jours ouvrables<\/td><\/tr><tr><td class=\"tg-0ys1\">5-15 jours ouvrables<\/td><\/tr><tr><td class=\"tg-0ys1\">Le reste du monde<\/td><td class=\"tg-0ys1\">7-20 jours ouvrables<\/td><\/tr><tr><td class=\"tg-ktyi\" rowspan=\"3\">Acc\u00e9l\u00e9r\u00e9<\/td><td class=\"tg-ktyi\">\u00c9tats-Unis, Canada, Isra\u00ebl<\/td><td class=\"tg-ktyi\" rowspan=\"2\">3-7 jours ouvrables<\/td><\/tr><tr><td class=\"tg-ktyi\">5-15 jours ouvrables<\/td><\/tr><tr><td class=\"tg-ktyi\">Le reste du monde<\/td><td class=\"tg-ktyi\">5-15 jours ouvrables<\/td><\/tr><\/tbody><\/table><\/div><p>Frais d'exp\u00e9dition<\/p><p>\u00c0 partir de 5 USD \/ 400g, au-del\u00e0 de 400g, le co\u00fbt est de 1USD\/100g.<\/p><p>ex. 400 g = 5 USD \/ 500 g =5+(500-400)\/100=6 USD \/ 800 g =5+(800-400)\/100=9 USD<\/p><p>\u00a0- Tous les d\u00e9lais de livraison estim\u00e9s\/typiques sont d\u00e9riv\u00e9s de donn\u00e9es r\u00e9elles recueillies lors de commandes ant\u00e9rieures. Il s'agit de d\u00e9lais approximatifs \u00e0 titre de r\u00e9f\u00e9rence uniquement.\u00a0<\/p><p>- Les d\u00e9lais d'exp\u00e9dition sont affect\u00e9s par les jours f\u00e9ri\u00e9s ; les fabricants et les transporteurs limitent leurs activit\u00e9s \u00e0 ces moments-l\u00e0. Ceci est ind\u00e9pendant de notre volont\u00e9.<\/p><p><strong>Note pour les imp\u00f4ts :<\/strong><\/p><p>Dans la plupart des pays, nos clients n'ont pas \u00e0 payer de frais d'importation, de droits de douane ou de TVA (taxe additionnelle sur la valeur ajout\u00e9e). Toutefois, pour certains pays limit\u00e9s (en particulier certains pays europ\u00e9ens comme l'Allemagne, l'Italie, le Royaume-Uni et le Canada, etc.), il peut \u00eatre n\u00e9cessaire de payer des droits de douane ou la TVA en fonction des r\u00e8gles de pr\u00e9l\u00e8vement de votre pays.<\/p><p>Nous sommes heureux d'offrir des services d'exp\u00e9dition internationale vers la plupart des destinations dans le monde. L'option standard prend de 5 \u00e0 20 jours ouvrables. Pour une livraison plus rapide, nous proposons un service d'exp\u00e9dition acc\u00e9l\u00e9r\u00e9e qui peut \u00eatre exp\u00e9di\u00e9 vers la plupart des destinations internationales dans un d\u00e9lai de 3 \u00e0 15 jours ouvrables. Si vous avez d'autres questions, veuillez contacter notre service client\u00e8le \u00e0 l'adresse suivante <a href=\"mailto:service@tucbo.com\">service@tucbo.com<\/a><\/p><h3><strong>O\u00f9 en est ma commande ?<\/strong><\/h3><p>Vous ne recevrez votre confirmation d'exp\u00e9dition que lorsque vos articles auront \u00e9t\u00e9 livr\u00e9s. Veuillez indiquer l'adresse \u00e9lectronique de votre compte et le num\u00e9ro de commande afin de suivre l'\u00e9tat de votre commande.\u00a0<\/p><\/div><\/div>\t\t\t\t\t\t\t\t<\/div>\n\t\t\t\t<\/div>\n\t\t\t\t<\/div>\n\t\t\t\t\t<\/div>\n\t\t\t\t<\/div>\n\t\t\t\t<\/div>","protected":false},"excerpt":{"rendered":"<p>Log In\/Register About Us Discreet Service Delivery Options Returns Policy Contact Tucbo Privacy Policy How To Buy From Tucbo Terms &#038; Conditions Guides Voucher Codes Gift Vouchers Secure Online Payments Cookie Policy Blog&#038;News Basket Delivery Total Delivery Time = Processing Time + Shipping Time Process Time: Before ships out we conduct Quality Control checks and testing in order to ensure the product&#8217;s quality prior to shipment.\u00a04-7 business days Normally. However, it can also be affected by the item&#8217;s stock status. For popular items experiencing stock availability issues, the processing time may be\u00a05-10 business days. Shipping\u00a0Methods Area Shipping Time Standard Shipping United States, Canada, Israel 5-15 business days The United Kingdom\uff0cAustralia The Rest Of The World 7-20 business days Expedited United States, Canada, Israel 3-7 business days The United Kingdom\uff0cAustralia The Rest Of The World 5-15 business days Shipping Fee Start From 5 USD \/ 400g, over 400g will cost 1USD\/100g eg. 400 g = 5 USD\u00a0 \/ 500 g =5+(500-400)\/100=6 USD \/ 800 g =5+(800-400)\/100=9 USD \u00a0\u2022 All estimated\/typical delivery times are derived from real-world data collected from past orders. They are approximate times for reference only.\u00a0 \u2022 Shipping times will be affected by public holidays; manufacturers and couriers will limit their operations at these times. This is out of our control. Note For Taxes: For most of the countries, our customers do not need to pay import fees, duties, or VAT(Valued Additional Tax). However, for some limited countries (especially for some European countries such as Germany, Italy, The UK, and Canada, etc.) may need to pay duties or VAT according to your countries&#8217; levying rules. We are excited to offer international shipping to most destinations in the world. The Standard option will take 5 to 20 business days. For faster delivery, we offer an Expedited Shipping Service that can ship to most of the international locations in 3 to 15 business days. If you have any further questions, please contact our customer services at service@tucbo.com Where is my order? Your shipping confirmation will be received only when your items are fulfilled. Please fill in your both account email and order number in order to monitor order status.\u00a0<\/p>","protected":false},"author":3,"featured_media":0,"parent":0,"menu_order":0,"comment_status":"closed","ping_status":"closed","template":"","meta":{"_seopress_robots_primary_cat":"","_seopress_titles_title":"","_seopress_titles_desc":"","_seopress_robots_index":"","footnotes":""},"class_list":["post-6072","page","type-page","status-publish"],"acf":[],"_links":{"self":[{"href":"https:\/\/tucbo.com\/fr\/wp-json\/wp\/v2\/pages\/6072","targetHints":{"allow":["GET"]}}],"collection":[{"href":"https:\/\/tucbo.com\/fr\/wp-json\/wp\/v2\/pages"}],"about":[{"href":"https:\/\/tucbo.com\/fr\/wp-json\/wp\/v2\/types\/page"}],"author":[{"embeddable":true,"href":"https:\/\/tucbo.com\/fr\/wp-json\/wp\/v2\/users\/3"}],"replies":[{"embeddable":true,"href":"https:\/\/tucbo.com\/fr\/wp-json\/wp\/v2\/comments?post=6072"}],"version-history":[{"count":13,"href":"https:\/\/tucbo.com\/fr\/wp-json\/wp\/v2\/pages\/6072\/revisions"}],"predecessor-version":[{"id":6129,"href":"https:\/\/tucbo.com\/fr\/wp-json\/wp\/v2\/pages\/6072\/revisions\/6129"}],"wp:attachment":[{"href":"https:\/\/tucbo.com\/fr\/wp-json\/wp\/v2\/media?parent=6072"}],"curies":[{"name":"wp","href":"https:\/\/api.w.org\/{rel}","templated":true}]}}