{"id":5863,"date":"2025-05-23T23:47:51","date_gmt":"2025-05-23T15:47:51","guid":{"rendered":"https:\/\/tucbo.com\/?page_id=5863"},"modified":"2025-09-14T17:24:55","modified_gmt":"2025-09-14T09:24:55","slug":"service-discret","status":"publish","type":"page","link":"https:\/\/tucbo.com\/fr\/service-discret\/","title":{"rendered":"Service discret"},"content":{"rendered":"<div data-elementor-type=\"wp-page\" data-elementor-id=\"5863\" class=\"elementor elementor-5863\" data-elementor-settings=\"{&quot;ha_cmc_init_switcher&quot;:&quot;no&quot;}\" data-elementor-post-type=\"page\">\n\t\t\t\t<div data-particle_enable=\"false\" data-particle-mobile-disabled=\"false\" class=\"elementor-element elementor-element-8b027e1 e-flex e-con-boxed wpr-particle-no wpr-jarallax-no wpr-parallax-no wpr-sticky-section-no e-con e-parent\" data-id=\"8b027e1\" data-element_type=\"container\" data-settings=\"{&quot;_ha_eqh_enable&quot;:false}\">\n\t\t\t\t\t<div class=\"e-con-inner\">\n\t\t\t\t<div class=\"elementor-element elementor-element-90189bb elementor-widget elementor-widget-woocommerce-breadcrumb\" data-id=\"90189bb\" data-element_type=\"widget\" data-widget_type=\"woocommerce-breadcrumb.default\">\n\t\t\t\t\t<nav class=\"woocommerce-breadcrumb\" aria-label=\"Breadcrumb\" data-no-translation=\"\" data-trp-gettext=\"\">Accueil<\/nav>\t\t\t\t<\/div>\n\t\t\t\t\t<\/div>\n\t\t\t\t<\/div>\n\t\t<div data-particle_enable=\"false\" data-particle-mobile-disabled=\"false\" class=\"elementor-element elementor-element-b6236c4 e-flex e-con-boxed wpr-particle-no wpr-jarallax-no wpr-parallax-no wpr-sticky-section-no e-con e-parent\" data-id=\"b6236c4\" data-element_type=\"container\" data-settings=\"{&quot;background_background&quot;:&quot;classic&quot;,&quot;_ha_eqh_enable&quot;:false}\">\n\t\t\t\t\t<div class=\"e-con-inner\">\n\t\t<div data-particle_enable=\"false\" data-particle-mobile-disabled=\"false\" class=\"elementor-element elementor-element-d72bfac e-con-full elementor-hidden-mobile e-flex wpr-particle-no wpr-jarallax-no wpr-parallax-no wpr-sticky-section-no e-con e-child\" data-id=\"d72bfac\" data-element_type=\"container\" data-settings=\"{&quot;_ha_eqh_enable&quot;:false}\">\n\t\t\t\t<div class=\"elementor-element elementor-element-0e3b24d elementor-widget-tablet__width-initial wpr-page-list-vertical wpr-pl-badge-center wpr-pl-icon-center elementor-widget elementor-widget-wpr-page-list\" data-id=\"0e3b24d\" data-element_type=\"widget\" data-widget_type=\"wpr-page-list.default\">\n\t\t\t\t\t<div class=\"wpr-page-list-wrap\"><ul class=\"wpr-page-list\"><li class=\"wpr-page-list-item elementor-repeater-item-78636b8 wpr-pointer-none wpr-pointer-line-fx wpr-pointer-fx-\"><div><a  href=\"https:\/\/tucbo.com\/fr\/login-register\/\" target=\"_blank\" rel=\"nofollow\" class=\"wpr-no-pointer wpr-pl-title\">Connexion\/Inscription<\/a><\/div><\/li><li class=\"wpr-page-list-item elementor-repeater-item-1e3929e wpr-pointer-none wpr-pointer-line-fx wpr-pointer-fx-\"><div><a  href=\"https:\/\/tucbo.com\/fr\/aide\/\" target=\"_blank\" rel=\"nofollow\" class=\"wpr-no-pointer wpr-pl-title\">A propos de nous<\/a><\/div><\/li><li class=\"wpr-page-list-item elementor-repeater-item-398910b wpr-pointer-none wpr-pointer-line-fx wpr-pointer-fx-\"><div><a  href=\"https:\/\/tucbo.com\/fr\/service-discret\/\" target=\"_blank\" rel=\"nofollow\" class=\"wpr-no-pointer wpr-pl-title\">Service discret<\/a><\/div><\/li><li class=\"wpr-page-list-item elementor-repeater-item-2c91efa wpr-pointer-none wpr-pointer-line-fx wpr-pointer-fx-\"><div><a  href=\"https:\/\/tucbo.com\/fr\/livraison-information\/\" target=\"_blank\" rel=\"nofollow\" class=\"wpr-no-pointer wpr-pl-title\">Options de livraison<\/a><\/div><\/li><li class=\"wpr-page-list-item elementor-repeater-item-ede3842 wpr-pointer-none wpr-pointer-line-fx wpr-pointer-fx-\"><div><a  href=\"https:\/\/tucbo.com\/fr\/remboursement-returns\/\" target=\"_blank\" rel=\"nofollow\" class=\"wpr-no-pointer wpr-pl-title\">Politique de retour<\/a><\/div><\/li><li class=\"wpr-page-list-item elementor-repeater-item-66863f4 wpr-pointer-none wpr-pointer-line-fx wpr-pointer-fx-\"><div><a  href=\"https:\/\/tucbo.com\/fr\/contact\/\" target=\"_blank\" rel=\"nofollow\" class=\"wpr-no-pointer wpr-pl-title\">Contacter Tucbo<\/a><\/div><\/li><li class=\"wpr-page-list-item elementor-repeater-item-1d5b492 wpr-pointer-none wpr-pointer-line-fx wpr-pointer-fx-\"><div><a  href=\"https:\/\/tucbo.com\/fr\/politique-de-confidentialite\/\" target=\"_blank\" rel=\"nofollow\" class=\"wpr-no-pointer wpr-pl-title\">Politique en mati\u00e8re de cookies<\/a><\/div><\/li><li class=\"wpr-page-list-item elementor-repeater-item-b4d8c39 wpr-pointer-none wpr-pointer-line-fx wpr-pointer-fx-\"><div><a   class=\"wpr-no-pointer wpr-pl-title\">Comment acheter chez Tucbo<\/a><\/div><\/li><li class=\"wpr-page-list-item elementor-repeater-item-96956e7 wpr-pointer-none wpr-pointer-line-fx wpr-pointer-fx-\"><div><a   class=\"wpr-no-pointer wpr-pl-title\">Conditions g\u00e9n\u00e9rales d'utilisation<\/a><\/div><\/li><li class=\"wpr-page-list-item elementor-repeater-item-c5dd11c wpr-pointer-none wpr-pointer-line-fx wpr-pointer-fx-\"><div><a   class=\"wpr-no-pointer wpr-pl-title\">Guides<\/a><\/div><\/li><li class=\"wpr-page-list-item elementor-repeater-item-62fc213 wpr-pointer-none wpr-pointer-line-fx wpr-pointer-fx-\"><div><a   class=\"wpr-no-pointer wpr-pl-title\">Codes des bons<\/a><\/div><\/li><li class=\"wpr-page-list-item elementor-repeater-item-dbab9c7 wpr-pointer-none wpr-pointer-line-fx wpr-pointer-fx-\"><div><a   class=\"wpr-no-pointer wpr-pl-title\">Ch\u00e8ques-cadeaux<\/a><\/div><\/li><li class=\"wpr-page-list-item elementor-repeater-item-c845b2e wpr-pointer-none wpr-pointer-line-fx wpr-pointer-fx-\"><div><a  href=\"https:\/\/tucbo.com\/fr\/paiements-en-ligne-securises\/\" target=\"_blank\" rel=\"nofollow\" class=\"wpr-no-pointer wpr-pl-title\">Paiements en ligne s\u00e9curis\u00e9s<\/a><\/div><\/li><li class=\"wpr-page-list-item elementor-repeater-item-4dedf8b wpr-pointer-none wpr-pointer-line-fx wpr-pointer-fx-\"><div><a  href=\"https:\/\/tucbo.com\/fr\/politique-en-matiere-de-cookies\/\" target=\"_blank\" rel=\"nofollow\" class=\"wpr-no-pointer wpr-pl-title\">Politique en mati\u00e8re de cookies<\/a><\/div><\/li><li class=\"wpr-page-list-item elementor-repeater-item-06079d0 wpr-pointer-none wpr-pointer-line-fx wpr-pointer-fx-\"><div><a   class=\"wpr-no-pointer wpr-pl-title\">Blog&amp;Actualit\u00e9s<\/a><\/div><\/li><li class=\"wpr-page-list-item elementor-repeater-item-7f75aa6 wpr-pointer-none wpr-pointer-line-fx wpr-pointer-fx-\"><div><a  href=\"https:\/\/tucbo.com\/fr\/chariot\/\" target=\"_blank\" rel=\"nofollow\" class=\"wpr-no-pointer wpr-pl-title\">Panier<\/a><\/div><\/li><\/ul><\/div>\t\t\t\t<\/div>\n\t\t\t\t<\/div>\n\t\t<div data-particle_enable=\"false\" data-particle-mobile-disabled=\"false\" class=\"elementor-element elementor-element-99e9088 e-con-full e-flex wpr-particle-no wpr-jarallax-no wpr-parallax-no wpr-sticky-section-no e-con e-child\" data-id=\"99e9088\" data-element_type=\"container\" data-settings=\"{&quot;_ha_eqh_enable&quot;:false}\">\n\t\t<div data-particle_enable=\"false\" data-particle-mobile-disabled=\"false\" class=\"elementor-element elementor-element-b16a9a4 e-con-full e-flex wpr-particle-no wpr-jarallax-no wpr-parallax-no wpr-sticky-section-no e-con e-child\" data-id=\"b16a9a4\" data-element_type=\"container\" data-settings=\"{&quot;_ha_eqh_enable&quot;:false}\">\n\t\t\t\t<div class=\"elementor-element elementor-element-afb53af elementor-widget elementor-widget-text-editor\" data-id=\"afb53af\" data-element_type=\"widget\" data-widget_type=\"text-editor.default\">\n\t\t\t\t\t\t\t\t\t<h1>Service discret<\/h1><p>Chez Tucbo, nous comprenons l'importance de la protection de la vie priv\u00e9e pour vous, notre pr\u00e9cieux client. C'est pourquoi nous avons d\u00e9ploy\u00e9 beaucoup d'efforts pour nous assurer que l'ensemble de notre service de livraison et de facturation est 100 % discret.<\/p><p>Toutes les commandes que vous passez chez nous sont exp\u00e9di\u00e9es dans un emballage ordinaire, c'est-\u00e0-dire dans des bo\u00eetes brunes pour les articles plus grands ou plus \u00e9vidents et dans des enveloppes matelass\u00e9es pour les articles plus petits. Le nom Tucbo n'appara\u00eet nulle part sur l'emballage.<\/p><p>Aucune r\u00e9f\u00e9rence aux articles contenus dans le colis ne figure sur nos emballages ext\u00e9rieurs. Les colis que vous recevrez de notre part ressembleront aux images ci-dessous.<\/p><h1><img decoding=\"async\" class=\"center\" src=\"Livraisons discr\u00e8tes\" alt=\"Discreet Deliveries\" \/><\/h1><p>\u00a0<\/p>\t\t\t\t\t\t\t\t<\/div>\n\t\t\t\t<\/div>\n\t\t\t\t<\/div>\n\t\t\t\t\t<\/div>\n\t\t\t\t<\/div>\n\t\t\t\t<\/div>","protected":false},"excerpt":{"rendered":"<p>Log In\/Register About Us Discreet Service Delivery Options Returns Policy Contact Tucbo Privacy Policy How To Buy From Tucbo Terms &#038; Conditions Guides Voucher Codes Gift Vouchers Secure Online Payments Cookie Policy Blog&#038;News Basket Discreet Service At Tucbo we understand how important privacy is to you, our valued customer. For that reason we have put a lot of effort into making sure that our entire delivery and billing service is 100% discreet. All orders you place with us are shipped in plain packaging, which includes plain brown boxes for larger or more obvious items and padded envelopes for smaller items. The name Tucbo will not be displayed anywhere on the packaging. No reference to the items contained in the parcel will be found on any of our outer packaging too. Any parcels you receive from us will look like the images shown below. \u00a0<\/p>","protected":false},"author":3,"featured_media":0,"parent":0,"menu_order":0,"comment_status":"closed","ping_status":"closed","template":"","meta":{"_seopress_robots_primary_cat":"","_seopress_titles_title":"","_seopress_titles_desc":"","_seopress_robots_index":"","footnotes":""},"class_list":["post-5863","page","type-page","status-publish"],"acf":[],"_links":{"self":[{"href":"https:\/\/tucbo.com\/fr\/wp-json\/wp\/v2\/pages\/5863","targetHints":{"allow":["GET"]}}],"collection":[{"href":"https:\/\/tucbo.com\/fr\/wp-json\/wp\/v2\/pages"}],"about":[{"href":"https:\/\/tucbo.com\/fr\/wp-json\/wp\/v2\/types\/page"}],"author":[{"embeddable":true,"href":"https:\/\/tucbo.com\/fr\/wp-json\/wp\/v2\/users\/3"}],"replies":[{"embeddable":true,"href":"https:\/\/tucbo.com\/fr\/wp-json\/wp\/v2\/comments?post=5863"}],"version-history":[{"count":46,"href":"https:\/\/tucbo.com\/fr\/wp-json\/wp\/v2\/pages\/5863\/revisions"}],"predecessor-version":[{"id":7786,"href":"https:\/\/tucbo.com\/fr\/wp-json\/wp\/v2\/pages\/5863\/revisions\/7786"}],"wp:attachment":[{"href":"https:\/\/tucbo.com\/fr\/wp-json\/wp\/v2\/media?parent=5863"}],"curies":[{"name":"wp","href":"https:\/\/api.w.org\/{rel}","templated":true}]}}